{"id":16,"date":"2016-04-18T19:24:52","date_gmt":"2016-04-18T17:24:52","guid":{"rendered":"https:\/\/le-doux-nid.com\/?page_id=16"},"modified":"2023-01-06T13:22:19","modified_gmt":"2023-01-06T12:22:19","slug":"news","status":"publish","type":"page","link":"https:\/\/le-doux-nid.com\/en\/news\/","title":{"rendered":"Our news"},"content":{"rendered":"<div class=\"pearl-section wpb_row pearl-section-fluid vc_custom_1470774949223 pearl-elm-section\"><div class=\"wpb_column vc_column_container vc_col-sm-12\"><div class=\"vc_column-inner\"><div class=\"wpb_wrapper\">\r\n            <div class=\"latest-news\" >\r\n                                    <div class=\"main-title\">\r\n                                                    <span>Les news<\/span>\r\n                                                                                            <\/div>\r\n                \r\n                            <div class=\"blog blog-list-v1\">\r\n                                        <div class=\"blog-post\">\r\n                            <div class=\"col-md-6 pull-left\">\r\n                                <div class=\"post-text\">\r\n                                    <span>February <span class=\"dot\">.<\/span>  24 <span class=\"dot\">.<\/span> 2022<\/span>\r\n                                    <h3><a href=\"https:\/\/le-doux-nid.com\/en\/rent-a-boat-without-permit-possible-from-the-end-of-february\/\">Location d&rsquo;un bateau \u00e9lectrique sans permis possible d\u00e8s la fin F\u00e9vrier!<\/a><\/h3>\r\n                                    <div class=\"short-desc\">\r\n\t\t\t\t\t\t\t\t\t\t\t\t\t\t\t\t\t\t\t\t<p>&nbsp;\r\n\r\n\r\n\r\nEnvie d'une petite \u00e9vasion?\r\n\r\nNous vous proposons la location de nos bateaux \u00e9lectrique dans permis \u00e0 partir de ce week-end !\r\n\r\nBaladez vous sur le Canal De...<\/p>\r\n\t\t\t\t\t\t\t\t\t<\/div>\r\n                                    <a href=\"https:\/\/le-doux-nid.com\/en\/rent-a-boat-without-permit-possible-from-the-end-of-february\/\" class=\"read-more\">Continue Reading<\/a>\r\n                                <\/div>\r\n                            <\/div>\r\n                                                            <div class=\"col-md-6 pull-right\">\r\n                                    <img decoding=\"async\" src=\"https:\/\/le-doux-nid.com\/wp-content\/uploads\/2022\/02\/274172036_4776792935751573_843896433980297591_n.jpg\" alt=\"rent-a-boat-without-permit-possible-from-the-end-of-february\">\r\n                                <\/div>\r\n                                                    <\/div>\r\n                                                <div class=\"blog-post\">\r\n                            <div class=\"col-md-6 pull-right\">\r\n                                <div class=\"post-text\">\r\n                                    <span>March <span class=\"dot\">.<\/span>  02 <span class=\"dot\">.<\/span> 2022<\/span>\r\n                                    <h3><a href=\"https:\/\/le-doux-nid.com\/en\/breakfast-included-in-the-price-of-our-rooms\/\">Breakfast is included in the price of our rooms!<\/a><\/h3>\r\n                                    <div class=\"short-desc\">\r\n\t\t\t\t\t\t\t\t\t\t\t\t\t\t\t\t\t\t\t\t<p>Il est encore un peu t\u00f4t pour prendre le petit d\u00e9jeuner au bord du Canal De Savieres...\r\n\r\nMais d\u00e8s que les temp\u00e9ratures remontent les clients du\u00a0 Doux Nid et tous les au...<\/p>\r\n\t\t\t\t\t\t\t\t\t<\/div>\r\n                                    <a href=\"https:\/\/le-doux-nid.com\/en\/breakfast-included-in-the-price-of-our-rooms\/\" class=\"read-more\">Continue Reading<\/a>\r\n                                <\/div>\r\n                            <\/div>\r\n                                                            <div class=\"col-md-6 pull-left\">\r\n                                    <img decoding=\"async\" src=\"https:\/\/le-doux-nid.com\/wp-content\/uploads\/2022\/03\/274693990_4792970707467129_435703075013597931_n-712x466.jpg\" alt=\"breakfast-included-in-the-price-of-our-rooms\">\r\n                                <\/div>\r\n                                                    <\/div>\r\n                                                <div class=\"blog-post\">\r\n                            <div class=\"col-md-6 pull-left\">\r\n                                <div class=\"post-text\">\r\n                                    <span>March <span class=\"dot\">.<\/span>  05 <span class=\"dot\">.<\/span> 2022<\/span>\r\n                                    <h3><a href=\"https:\/\/le-doux-nid.com\/en\/new-bar-a-ambiance\/\">New Ambiance Bar!<\/a><\/h3>\r\n                                    <div class=\"short-desc\">\r\n\t\t\t\t\t\t\t\t\t\t\t\t\t\t\t\t\t\t\t\t<p>Le Relais Gourmand vous d\u00e9voile son nouveau bar \u00e0 ambiance!\r\nCreus\u00e9 dans la roche, d\u00e9couvrez nos produits locaux dans un cadre in\u00e9dit dans le centre du\u00a0Village De Chanaz...<\/p>\r\n\t\t\t\t\t\t\t\t\t<\/div>\r\n                                    <a href=\"https:\/\/le-doux-nid.com\/en\/new-bar-a-ambiance\/\" class=\"read-more\">Continue Reading<\/a>\r\n                                <\/div>\r\n                            <\/div>\r\n                                                            <div class=\"col-md-6 pull-right\">\r\n                                    <img decoding=\"async\" src=\"https:\/\/le-doux-nid.com\/wp-content\/uploads\/2022\/03\/274744953_4802224876541712_3218326814647000445_n-712x466.jpg\" alt=\"new-bar-a-ambiance\">\r\n                                <\/div>\r\n                                                    <\/div>\r\n                                                <div class=\"blog-post\">\r\n                            <div class=\"col-md-6 pull-right\">\r\n                                <div class=\"post-text\">\r\n                                    <span>April <span class=\"dot\">.<\/span>  07 <span class=\"dot\">.<\/span> 2022<\/span>\r\n                                    <h3><a href=\"https:\/\/le-doux-nid.com\/en\/menu-de-paques\/\">Easter menu<\/a><\/h3>\r\n                                    <div class=\"short-desc\">\r\n\t\t\t\t\t\t\t\t\t\t\t\t\t\t\t\t\t\t\t\t<p>Voici notre Menu de P\u00e2ques pour cette ann\u00e9e 2022\r\n\r\nApr\u00e8s 2 P\u00e2ques pass\u00e9 sous Covid, nous serons ravis de vous servir ce menu concoct\u00e9 avec Amour\r\n\r\nEt n'oubliez pas la ...<\/p>\r\n\t\t\t\t\t\t\t\t\t<\/div>\r\n                                    <a href=\"https:\/\/le-doux-nid.com\/en\/menu-de-paques\/\" class=\"read-more\">Continue Reading<\/a>\r\n                                <\/div>\r\n                            <\/div>\r\n                                                            <div class=\"col-md-6 pull-left\">\r\n                                    <img decoding=\"async\" src=\"https:\/\/le-doux-nid.com\/wp-content\/uploads\/2022\/04\/photo-lac-Copie-712x466.jpg\" alt=\"menu-de-paques\">\r\n                                <\/div>\r\n                                                    <\/div>\r\n                        <div class=\"pagination blog\"><div class=\"more-posts\"><a class=\"older-post\" href=\"https:\/\/le-doux-nid.com\/en\/wp-json\/wp\/v2\/pages\/16\/page\/2\/\">Older Posts <i class=\"icon-angle-right\"><\/i><\/a><\/div><\/div>            <\/div>\r\n                        <\/div>\r\n            <\/div><\/div><\/div><\/div>","protected":false},"excerpt":{"rendered":"\u00a0\u00a0\u00a0\u00a0 Voici notre Menu de P\u00e2ques pour cette ann\u00e9e 2022 Apr\u00e8s 2 P\u00e2ques pass\u00e9 sous Covid, nous serons ravis de vous servir ce menu concoct\u00e9 avec Amour Et n'oubliez pas la chasse aux Oeufs qui sera organis\u00e9 ce m\u00eame week-end dans le Village! &nbsp;","protected":false},"author":1,"featured_media":0,"parent":0,"menu_order":7,"comment_status":"closed","ping_status":"closed","template":"","meta":{"inline_featured_image":false,"_exactmetrics_skip_tracking":false,"_exactmetrics_sitenote_active":false,"_exactmetrics_sitenote_note":"","_exactmetrics_sitenote_category":0,"footnotes":""},"class_list":["post-16","page","type-page","status-publish","hentry"],"_links":{"self":[{"href":"https:\/\/le-doux-nid.com\/en\/wp-json\/wp\/v2\/pages\/16","targetHints":{"allow":["GET"]}}],"collection":[{"href":"https:\/\/le-doux-nid.com\/en\/wp-json\/wp\/v2\/pages"}],"about":[{"href":"https:\/\/le-doux-nid.com\/en\/wp-json\/wp\/v2\/types\/page"}],"author":[{"embeddable":true,"href":"https:\/\/le-doux-nid.com\/en\/wp-json\/wp\/v2\/users\/1"}],"replies":[{"embeddable":true,"href":"https:\/\/le-doux-nid.com\/en\/wp-json\/wp\/v2\/comments?post=16"}],"version-history":[{"count":6,"href":"https:\/\/le-doux-nid.com\/en\/wp-json\/wp\/v2\/pages\/16\/revisions"}],"predecessor-version":[{"id":3944,"href":"https:\/\/le-doux-nid.com\/en\/wp-json\/wp\/v2\/pages\/16\/revisions\/3944"}],"wp:attachment":[{"href":"https:\/\/le-doux-nid.com\/en\/wp-json\/wp\/v2\/media?parent=16"}],"curies":[{"name":"wp","href":"https:\/\/api.w.org\/{rel}","templated":true}]}}