{"id":2248,"date":"2020-04-23T12:31:26","date_gmt":"2020-04-23T10:31:26","guid":{"rendered":"https:\/\/le-doux-nid.com\/?page_id=2248"},"modified":"2024-05-25T16:45:59","modified_gmt":"2024-05-25T14:45:59","slug":"petite-evasion","status":"publish","type":"page","link":"https:\/\/le-doux-nid.com\/en\/small-escape\/","title":{"rendered":"Boat Rental"},"content":{"rendered":"<div class=\"pearl-section wpb_row pearl-section-fluid pearl-elm-section\"><div class=\"wpb_column vc_column_container vc_col-sm-12\"><div class=\"vc_column-inner\"><div class=\"wpb_wrapper\">\n\t<div class=\"wpb_text_column wpb_content_element\" >\n\t\t<div class=\"wpb_wrapper\">\n\t\t\t<h1 style=\"text-align: center;\">La Petite Evasion<\/h1>\n\n\t\t<\/div>\n\t<\/div>\n<\/div><\/div><\/div><\/div><div class=\"pearl-section wpb_row pearl-section-fluid pearl-elm-section\"><div class=\"lettrine wpb_column vc_column_container vc_col-sm-12\"><div class=\"vc_column-inner\"><div class=\"wpb_wrapper\">\n\t<div class=\"wpb_text_column wpb_content_element\" >\n\t\t<div class=\"wpb_wrapper\">\n\t\t\t<p style=\"text-align: center;\"><a href=\"https:\/\/calendly.com\/doux-nid\/loc-bateau-petite-evasion\"><div class=\"booked-calendar-shortcode-wrap\"><div class=\"booked-calendar-wrap large\"><div class=\"booked-calendar\" data-calendar-id=\"79\" data-calendar-date=\"2026-04-01\">\n\t\t<div class=\"bc-head\">\n\n\t\t\t\n\t\t\t<div class=\"bc-row top\">\n\t\t\t\t<div class=\"bc-col\">\n\t\t\t\t\t\t\t\t\t\t<span class=\"calendarSavingState\">\n\t\t\t\t\t\t<i class=\"fa-solid fa-circle-notch fa-spin\"><\/i>\n\t\t\t\t\t<\/span>\n\t\t\t\t\t<span class=\"monthName\">\n\t\t\t\t\t\tApril 2026\t\t\t\t\t\t\t\t\t\t\t<\/span>\n\t\t\t\t\t<a href=\"#\" data-goto=\"2026-05-01\" class=\"page-right\"><i class=\"fa-solid fa-arrow-right\"><\/i><\/a>\t\t\t\t<\/div>\n\t\t\t<\/div>\n\t\t\t<div class=\"bc-row days\">\n\t\t\t\t\t\t\t\t<div class=\"bc-col\">Mon<\/div>\n\t\t\t\t<div class=\"bc-col\">Tue<\/div>\n\t\t\t\t<div class=\"bc-col\">Wed<\/div>\n\t\t\t\t<div class=\"bc-col\">Thu<\/div>\n\t\t\t\t<div class=\"bc-col\">Fri<\/div>\n\t\t\t\t<div class=\"bc-col\">Sat<\/div>\t\t\t\t<div class=\"bc-col\">Sun<\/div>\t\t\t<\/div>\n\t\t<\/div>\n\t\t<div class=\"bc-body\"><div class=\"bc-row week\"><div data-date=\"2026-03-30\" class=\"bc-col prev-month prev-date\"><span class=\"date\"><span class=\"number\">30<\/span><\/span><\/div><div data-date=\"2026-03-31\" class=\"bc-col prev-month prev-date\"><span class=\"date\"><span class=\"number\">31<\/span><\/span><\/div><div data-date=\"2026-04-1\" class=\"bc-col prev-date\"><span class=\"date\"><span class=\"number\">1<\/span><\/span><\/div><div data-date=\"2026-04-2\" class=\"bc-col prev-date\"><span class=\"date\"><span class=\"number\">2<\/span><\/span><\/div><div data-date=\"2026-04-3\" class=\"bc-col prev-date\"><span class=\"date\"><span class=\"number\">3<\/span><\/span><\/div><div data-date=\"2026-04-4\" class=\"bc-col prev-date\"><span class=\"date\"><span class=\"number\">4<\/span><\/span><\/div><div data-date=\"2026-04-5\" class=\"bc-col prev-date\"><span class=\"date\"><span class=\"number\">5<\/span><\/span><\/div><\/div><div class=\"bc-row week\"><div data-date=\"2026-04-6\" class=\"bc-col prev-date\"><span class=\"date\"><span class=\"number\">6<\/span><\/span><\/div><div data-date=\"2026-04-7\" class=\"bc-col prev-date\"><span class=\"date\"><span class=\"number\">7<\/span><\/span><\/div><div data-date=\"2026-04-8\" class=\"bc-col prev-date\"><span class=\"date\"><span class=\"number\">8<\/span><\/span><\/div><div data-date=\"2026-04-9\" class=\"bc-col prev-date\"><span class=\"date\"><span class=\"number\">9<\/span><\/span><\/div><div data-date=\"2026-04-10\" class=\"bc-col prev-date\"><span class=\"date\"><span class=\"number\">10<\/span><\/span><\/div><div data-date=\"2026-04-11\" class=\"bc-col today prev-date\"><span class=\"date\"><span class=\"number\">11<\/span><\/span><\/div><div data-date=\"2026-04-12\" class=\"bc-col \"><span class=\"date\"><span class=\"number\">12<\/span><\/span><\/div><\/div><div class=\"bc-row week\"><div data-date=\"2026-04-13\" class=\"bc-col \"><span class=\"date\"><span class=\"number\">13<\/span><\/span><\/div><div data-date=\"2026-04-14\" class=\"bc-col \"><span class=\"date\"><span class=\"number\">14<\/span><\/span><\/div><div data-date=\"2026-04-15\" class=\"bc-col \"><span class=\"date\"><span class=\"number\">15<\/span><\/span><\/div><div data-date=\"2026-04-16\" class=\"bc-col \"><span class=\"date\"><span class=\"number\">16<\/span><\/span><\/div><div data-date=\"2026-04-17\" class=\"bc-col \"><span class=\"date\"><span class=\"number\">17<\/span><\/span><\/div><div data-date=\"2026-04-18\" class=\"bc-col \"><span class=\"date\"><span class=\"number\">18<\/span><\/span><\/div><div data-date=\"2026-04-19\" class=\"bc-col \"><span class=\"date\"><span class=\"number\">19<\/span><\/span><\/div><\/div><div class=\"bc-row week\"><div data-date=\"2026-04-20\" class=\"bc-col \"><span class=\"date\"><span class=\"number\">20<\/span><\/span><\/div><div data-date=\"2026-04-21\" class=\"bc-col \"><span class=\"date\"><span class=\"number\">21<\/span><\/span><\/div><div data-date=\"2026-04-22\" class=\"bc-col \"><span class=\"date\"><span class=\"number\">22<\/span><\/span><\/div><div data-date=\"2026-04-23\" class=\"bc-col \"><span class=\"date\"><span class=\"number\">23<\/span><\/span><\/div><div data-date=\"2026-04-24\" class=\"bc-col \"><span class=\"date\"><span class=\"number\">24<\/span><\/span><\/div><div data-date=\"2026-04-25\" class=\"bc-col \"><span class=\"date\"><span class=\"number\">25<\/span><\/span><\/div><div data-date=\"2026-04-26\" class=\"bc-col \"><span class=\"date\"><span class=\"number\">26<\/span><\/span><\/div><\/div><div class=\"bc-row week\"><div data-date=\"2026-04-27\" class=\"bc-col \"><span class=\"date\"><span class=\"number\">27<\/span><\/span><\/div><div data-date=\"2026-04-28\" class=\"bc-col \"><span class=\"date\"><span class=\"number\">28<\/span><\/span><\/div><div data-date=\"2026-04-29\" class=\"bc-col \"><span class=\"date\"><span class=\"number\">29<\/span><\/span><\/div><div data-date=\"2026-04-30\" class=\"bc-col \"><span class=\"date\"><span class=\"number\">30<\/span><\/span><\/div><div data-date=\"2026-05-1\" class=\"bc-col next-month\"><span class=\"date\"><span class=\"number\">1<\/span><\/span><\/div><div data-date=\"2026-05-2\" class=\"bc-col next-month\"><span class=\"date\"><span class=\"number\">2<\/span><\/span><\/div><div data-date=\"2026-05-3\" class=\"bc-col next-month\"><span class=\"date\"><span class=\"number\">3<\/span><\/span><\/div><\/div>\t\t<\/div>\n\t<\/div><\/div><\/div><\/a><\/p>\n\n\t\t<\/div>\n\t<\/div>\n<div class=\"vc_empty_space\"   style=\"height: 40px\"><span class=\"vc_empty_space_inner\"><\/span><\/div><div class=\"pearl-section wpb_row vc_inner pearl-section-fluid pearl-elm-section\"><div class=\"wpb_column vc_column_container vc_col-sm-6\"><div class=\"vc_column-inner\"><div class=\"wpb_wrapper\">\n\t<div  class=\"wpb_single_image wpb_content_element vc_align_left wpb_content_element\">\n\t\t\n\t\t<figure class=\"wpb_wrapper vc_figure\">\n\t\t\t<div class=\"vc_single_image-wrapper   vc_box_border_grey\"><img loading=\"lazy\" decoding=\"async\" width=\"640\" height=\"853\" src=\"https:\/\/le-doux-nid.com\/wp-content\/uploads\/2023\/02\/doc-bateaux--768x1024.png\" class=\"vc_single_image-img attachment-large\" alt=\"\" title=\"Renseignements location de bateaux\" srcset=\"https:\/\/le-doux-nid.com\/wp-content\/uploads\/2023\/02\/doc-bateaux--768x1024.png 768w, https:\/\/le-doux-nid.com\/wp-content\/uploads\/2023\/02\/doc-bateaux--225x300.png 225w, https:\/\/le-doux-nid.com\/wp-content\/uploads\/2023\/02\/doc-bateaux--1152x1536.png 1152w, https:\/\/le-doux-nid.com\/wp-content\/uploads\/2023\/02\/doc-bateaux--1536x2048.png 1536w, https:\/\/le-doux-nid.com\/wp-content\/uploads\/2023\/02\/doc-bateaux--9x12.png 9w, https:\/\/le-doux-nid.com\/wp-content\/uploads\/2023\/02\/doc-bateaux--600x800.png 600w, https:\/\/le-doux-nid.com\/wp-content\/uploads\/2023\/02\/doc-bateaux--45x60.png 45w, https:\/\/le-doux-nid.com\/wp-content\/uploads\/2023\/02\/doc-bateaux--68x90.png 68w, https:\/\/le-doux-nid.com\/wp-content\/uploads\/2023\/02\/doc-bateaux-.png 1728w\" sizes=\"auto, (max-width: 640px) 100vw, 640px\" \/><\/div>\n\t\t<\/figure>\n\t<\/div>\n<\/div><\/div><\/div><div class=\"wpb_column vc_column_container vc_col-sm-6\"><div class=\"vc_column-inner\"><div class=\"wpb_wrapper\">\n\t<div  class=\"wpb_single_image wpb_content_element vc_align_left wpb_content_element\">\n\t\t\n\t\t<figure class=\"wpb_wrapper vc_figure\">\n\t\t\t<div class=\"vc_single_image-wrapper   vc_box_border_grey\"><img loading=\"lazy\" decoding=\"async\" width=\"640\" height=\"853\" src=\"https:\/\/le-doux-nid.com\/wp-content\/uploads\/2024\/05\/New-Menus-Bateaux-2024-768x1024.jpg\" class=\"vc_single_image-img attachment-large\" alt=\"\" title=\"New Menus Bateaux 2024\" srcset=\"https:\/\/le-doux-nid.com\/wp-content\/uploads\/2024\/05\/New-Menus-Bateaux-2024-768x1024.jpg 768w, https:\/\/le-doux-nid.com\/wp-content\/uploads\/2024\/05\/New-Menus-Bateaux-2024-225x300.jpg 225w, https:\/\/le-doux-nid.com\/wp-content\/uploads\/2024\/05\/New-Menus-Bateaux-2024-1152x1536.jpg 1152w, https:\/\/le-doux-nid.com\/wp-content\/uploads\/2024\/05\/New-Menus-Bateaux-2024-1536x2048.jpg 1536w, https:\/\/le-doux-nid.com\/wp-content\/uploads\/2024\/05\/New-Menus-Bateaux-2024-9x12.jpg 9w, https:\/\/le-doux-nid.com\/wp-content\/uploads\/2024\/05\/New-Menus-Bateaux-2024-600x800.jpg 600w, https:\/\/le-doux-nid.com\/wp-content\/uploads\/2024\/05\/New-Menus-Bateaux-2024.jpg 1728w\" sizes=\"auto, (max-width: 640px) 100vw, 640px\" \/><\/div>\n\t\t<\/figure>\n\t<\/div>\n<\/div><\/div><\/div><\/div>\n\t<div class=\"wpb_text_column wpb_content_element\" >\n\t\t<div class=\"wpb_wrapper\">\n\t\t\t\n\t\t<\/div>\n\t<\/div>\n\n\t<div class=\"wpb_text_column wpb_content_element\" >\n\t\t<div class=\"wpb_wrapper\">\n\t\t\t<p style=\"text-align: center;\">Nous vous proposons de louer un bateau \u00e9lectrique sur le Canal de Savi\u00e8res qui relie le Rh\u00f4ne et le Lac du Bourget.<br \/>\nEn couple ou en petit groupe de 10 personnes maximum, pilotez votre propre embarcation, partez du plus petit canal Fran\u00e7ais pour aller jusqu\u2019au plus grand lac naturel de France !<\/p>\n\n\t\t<\/div>\n\t<\/div>\n<div class=\"vc_empty_space\"   style=\"height: 40px\"><span class=\"vc_empty_space_inner\"><\/span><\/div>\n\t<div class=\"wpb_text_column wpb_content_element texte\" >\n\t\t<div class=\"wpb_wrapper\">\n\t\t\t<h3 style=\"text-align: center;\">Tarifs de Location<\/h3>\n<p style=\"text-align: center;\">2 heures : 80\u20ac<br \/>\n2 heures 30 : 100\u20ac<br \/>\n3 heures : 120\u20ac<br \/>\n4 heures : 150\u20ac<br \/>\n8 heures : 290\u20ac (sous r\u00e9serve de dispo)<\/p>\n<p style=\"text-align: center;\">Forfait massage \u00e0 consulter sur la page \u00ab\u00a0<a href=\"https:\/\/le-doux-nid.com\/espace-detente\/\">Espace D\u00e9tente<\/a>\u00ab\u00a0<\/p>\n<h4 style=\"text-align: center;\">Prenez le temps&#8230; connectez-vous \u00e0 la nature, elle vous le rendra&#8230;<\/h4>\n\n\t\t<\/div>\n\t<\/div>\n\n\t<div class=\"wpb_text_column wpb_content_element\" >\n\t\t<div class=\"wpb_wrapper\">\n\t\t\t\n\t\t<\/div>\n\t<\/div>\n<\/div><\/div><\/div><\/div><div class=\"pearl-section wpb_row pearl-section-fluid pearl-elm-section\"><div class=\"wpb_column vc_column_container vc_col-sm-4\"><div class=\"vc_column-inner\"><div class=\"wpb_wrapper\">\n\t<div class=\"wpb_text_column wpb_content_element text\" >\n\t\t<div class=\"wpb_wrapper\">\n\t\t\t<p>Bateau \u00e9quip\u00e9 d\u2019une table pour 7 personnes transformable en bain de soleil.<\/p>\n<p>Prestations compl\u00e9mentaires propos\u00e9es : massage sur bateau, panier repas, boissons, prestation sur mesure : nous consulter (demande en mariage, \u00e9v\u00e9nement particulier,\u2026)<\/p>\n\n\t\t<\/div>\n\t<\/div>\n<\/div><\/div><\/div><div class=\"wpb_column vc_column_container vc_col-sm-4\"><div class=\"vc_column-inner\"><div class=\"wpb_wrapper\">\n\t<div class=\"wpb_text_column wpb_content_element text\" >\n\t\t<div class=\"wpb_wrapper\">\n\t\t\t<p>Possibilit\u00e9 de manger au Relais Gourmand sur le bateau amarr\u00e9 au Ponton du restaurant, n&rsquo;h\u00e9sitez pas \u00e0 nous le r\u00e9server (pour 6 personnes maximum)<\/p>\n<p>Package possible avec les chambres d\u2019h\u00f4tes du Doux Nid et le restaurant Le Relais Gourmand.<br \/>\nCoffrets cadeaux personnalisables<\/p>\n\n\t\t<\/div>\n\t<\/div>\n<\/div><\/div><\/div><div class=\"wpb_column vc_column_container vc_col-sm-4\"><div class=\"vc_column-inner\"><div class=\"wpb_wrapper\">\n\t<div class=\"wpb_text_column wpb_content_element\" >\n\t\t<div class=\"wpb_wrapper\">\n\t\t\t<p><strong>\u00ab\u00a0La Petite Evasion\u00a0\u00bb Dur\u00e9e 1H15 : 125\u20ac<\/strong><br \/>\nD\u00e9part du Doux Nid, aller\/retour en bateau \u00e9lectrique dans un endroit tranquille pour un massage d&rsquo;une heure<br \/>\n15\u20ac par 1\/4 heure suppl\u00e9mentaire d&rsquo;utilisation du bateau<\/p>\n<p><strong>\u00ab\u00a0La Grande Evasion\u00a0\u00bb Dur\u00e9e 5h00 :\u00a0 375\u20ac<\/strong><br \/>\nD\u00e9part du Doux Nid, aller\/retour en Bateau \u00e9lectrique jusqu&rsquo;au Lac du Bourget<br \/>\n2 massages du Doux Nid d&rsquo;une heure inclus (un massage apr\u00e8s l&rsquo;autre)<br \/>\n1 bouteille de p\u00e9tillant ou cr\u00e9mant local<\/p>\n\n\t\t<\/div>\n\t<\/div>\n<\/div><\/div><\/div><\/div><div class=\"pearl-section wpb_row pearl-section-fluid pearl-elm-section\"><div class=\"wpb_column vc_column_container vc_col-sm-12\"><div class=\"vc_column-inner\"><div class=\"wpb_wrapper\"><div class=\"wpb_gallery wpb_content_element vc_clearfix wpb_content_element  galerie wpb_animate_when_almost_visible wpb_fadeIn fadeIn\" ><div class=\"wpb_wrapper\"><div class=\"wpb_gallery_slides wpb_image_grid\" data-interval=\"3\"><ul class=\"wpb_image_grid_ul\"><li class=\"isotope-item\"><a class=\"\" href=\"https:\/\/le-doux-nid.com\/wp-content\/uploads\/2023\/01\/20220410_110319_01-01-1024x768.jpeg\" data-lightbox=\"lightbox[rel-82768-2488101233]\"><img loading=\"lazy\" decoding=\"async\" width=\"150\" height=\"150\" src=\"https:\/\/le-doux-nid.com\/wp-content\/uploads\/2023\/01\/20220410_110319_01-01-150x150.jpeg\" class=\"attachment-thumbnail\" alt=\"\" title=\"20220410_110319_01-01\" srcset=\"https:\/\/le-doux-nid.com\/wp-content\/uploads\/2023\/01\/20220410_110319_01-01-150x150.jpeg 150w, https:\/\/le-doux-nid.com\/wp-content\/uploads\/2023\/01\/20220410_110319_01-01-300x300.jpeg 300w, https:\/\/le-doux-nid.com\/wp-content\/uploads\/2023\/01\/20220410_110319_01-01-100x100.jpeg 100w\" sizes=\"auto, (max-width: 150px) 100vw, 150px\" \/><\/a><\/li><li class=\"isotope-item\"><a class=\"\" href=\"https:\/\/le-doux-nid.com\/wp-content\/uploads\/2023\/01\/LaPetiteEvasionHD-1024x576.jpg\" data-lightbox=\"lightbox[rel-82768-2488101233]\"><img loading=\"lazy\" decoding=\"async\" width=\"150\" height=\"150\" src=\"https:\/\/le-doux-nid.com\/wp-content\/uploads\/2023\/01\/LaPetiteEvasionHD-150x150.jpg\" class=\"attachment-thumbnail\" alt=\"\" title=\"LaPetiteEvasionHD\" srcset=\"https:\/\/le-doux-nid.com\/wp-content\/uploads\/2023\/01\/LaPetiteEvasionHD-150x150.jpg 150w, https:\/\/le-doux-nid.com\/wp-content\/uploads\/2023\/01\/LaPetiteEvasionHD-300x300.jpg 300w, https:\/\/le-doux-nid.com\/wp-content\/uploads\/2023\/01\/LaPetiteEvasionHD-100x100.jpg 100w\" sizes=\"auto, (max-width: 150px) 100vw, 150px\" \/><\/a><\/li><li class=\"isotope-item\"><a class=\"\" href=\"https:\/\/le-doux-nid.com\/wp-content\/uploads\/2023\/01\/IMG_20200623_093823_461-1024x1024.jpg\" data-lightbox=\"lightbox[rel-82768-2488101233]\"><img loading=\"lazy\" decoding=\"async\" width=\"150\" height=\"150\" src=\"https:\/\/le-doux-nid.com\/wp-content\/uploads\/2023\/01\/IMG_20200623_093823_461-150x150.jpg\" class=\"attachment-thumbnail\" alt=\"\" title=\"IMG_20200623_093823_461\" srcset=\"https:\/\/le-doux-nid.com\/wp-content\/uploads\/2023\/01\/IMG_20200623_093823_461-150x150.jpg 150w, https:\/\/le-doux-nid.com\/wp-content\/uploads\/2023\/01\/IMG_20200623_093823_461-300x300.jpg 300w, https:\/\/le-doux-nid.com\/wp-content\/uploads\/2023\/01\/IMG_20200623_093823_461-1024x1024.jpg 1024w, https:\/\/le-doux-nid.com\/wp-content\/uploads\/2023\/01\/IMG_20200623_093823_461-768x768.jpg 768w, https:\/\/le-doux-nid.com\/wp-content\/uploads\/2023\/01\/IMG_20200623_093823_461-12x12.jpg 12w, https:\/\/le-doux-nid.com\/wp-content\/uploads\/2023\/01\/IMG_20200623_093823_461-600x600.jpg 600w, https:\/\/le-doux-nid.com\/wp-content\/uploads\/2023\/01\/IMG_20200623_093823_461-100x100.jpg 100w, https:\/\/le-doux-nid.com\/wp-content\/uploads\/2023\/01\/IMG_20200623_093823_461.jpg 1440w\" sizes=\"auto, (max-width: 150px) 100vw, 150px\" \/><\/a><\/li><li class=\"isotope-item\"><a class=\"\" href=\"https:\/\/le-doux-nid.com\/wp-content\/uploads\/2023\/01\/IMG_20200726_000238_226-1024x536.jpg\" data-lightbox=\"lightbox[rel-82768-2488101233]\"><img loading=\"lazy\" decoding=\"async\" width=\"150\" height=\"150\" src=\"https:\/\/le-doux-nid.com\/wp-content\/uploads\/2023\/01\/IMG_20200726_000238_226-150x150.jpg\" class=\"attachment-thumbnail\" alt=\"\" title=\"IMG_20200726_000238_226\" srcset=\"https:\/\/le-doux-nid.com\/wp-content\/uploads\/2023\/01\/IMG_20200726_000238_226-150x150.jpg 150w, https:\/\/le-doux-nid.com\/wp-content\/uploads\/2023\/01\/IMG_20200726_000238_226-300x300.jpg 300w, https:\/\/le-doux-nid.com\/wp-content\/uploads\/2023\/01\/IMG_20200726_000238_226-100x100.jpg 100w\" sizes=\"auto, (max-width: 150px) 100vw, 150px\" \/><\/a><\/li><li class=\"isotope-item\"><a class=\"\" href=\"https:\/\/le-doux-nid.com\/wp-content\/uploads\/2023\/01\/IMG_20200526_164849_068-1024x536.jpg\" data-lightbox=\"lightbox[rel-82768-2488101233]\"><img loading=\"lazy\" decoding=\"async\" width=\"150\" height=\"150\" src=\"https:\/\/le-doux-nid.com\/wp-content\/uploads\/2023\/01\/IMG_20200526_164849_068-150x150.jpg\" class=\"attachment-thumbnail\" alt=\"\" title=\"IMG_20200526_164849_068\" srcset=\"https:\/\/le-doux-nid.com\/wp-content\/uploads\/2023\/01\/IMG_20200526_164849_068-150x150.jpg 150w, https:\/\/le-doux-nid.com\/wp-content\/uploads\/2023\/01\/IMG_20200526_164849_068-300x300.jpg 300w, https:\/\/le-doux-nid.com\/wp-content\/uploads\/2023\/01\/IMG_20200526_164849_068-100x100.jpg 100w\" sizes=\"auto, (max-width: 150px) 100vw, 150px\" \/><\/a><\/li><li class=\"isotope-item\"><a class=\"\" href=\"https:\/\/le-doux-nid.com\/wp-content\/uploads\/2023\/01\/IMG_20200529_093125_017-1024x912.jpg\" data-lightbox=\"lightbox[rel-82768-2488101233]\"><img loading=\"lazy\" decoding=\"async\" width=\"150\" height=\"150\" src=\"https:\/\/le-doux-nid.com\/wp-content\/uploads\/2023\/01\/IMG_20200529_093125_017-150x150.jpg\" class=\"attachment-thumbnail\" alt=\"\" title=\"IMG_20200529_093125_017\" srcset=\"https:\/\/le-doux-nid.com\/wp-content\/uploads\/2023\/01\/IMG_20200529_093125_017-150x150.jpg 150w, https:\/\/le-doux-nid.com\/wp-content\/uploads\/2023\/01\/IMG_20200529_093125_017-13x12.jpg 13w, https:\/\/le-doux-nid.com\/wp-content\/uploads\/2023\/01\/IMG_20200529_093125_017-300x300.jpg 300w, https:\/\/le-doux-nid.com\/wp-content\/uploads\/2023\/01\/IMG_20200529_093125_017-100x100.jpg 100w\" sizes=\"auto, (max-width: 150px) 100vw, 150px\" \/><\/a><\/li><li class=\"isotope-item\"><a class=\"\" href=\"https:\/\/le-doux-nid.com\/wp-content\/uploads\/2023\/01\/IMG_20201124_193443_825-1024x536.jpg\" data-lightbox=\"lightbox[rel-82768-2488101233]\"><img loading=\"lazy\" decoding=\"async\" width=\"150\" height=\"150\" src=\"https:\/\/le-doux-nid.com\/wp-content\/uploads\/2023\/01\/IMG_20201124_193443_825-150x150.jpg\" class=\"attachment-thumbnail\" alt=\"\" title=\"IMG_20201124_193443_825\" srcset=\"https:\/\/le-doux-nid.com\/wp-content\/uploads\/2023\/01\/IMG_20201124_193443_825-150x150.jpg 150w, https:\/\/le-doux-nid.com\/wp-content\/uploads\/2023\/01\/IMG_20201124_193443_825-300x300.jpg 300w, https:\/\/le-doux-nid.com\/wp-content\/uploads\/2023\/01\/IMG_20201124_193443_825-100x100.jpg 100w\" sizes=\"auto, (max-width: 150px) 100vw, 150px\" \/><\/a><\/li><\/ul><\/div><\/div><\/div><\/div><\/div><\/div><\/div>\n","protected":false},"excerpt":{"rendered":"","protected":false},"author":1,"featured_media":0,"parent":0,"menu_order":13,"comment_status":"closed","ping_status":"closed","template":"","meta":{"inline_featured_image":false,"_exactmetrics_skip_tracking":false,"_exactmetrics_sitenote_active":false,"_exactmetrics_sitenote_note":"","_exactmetrics_sitenote_category":0,"footnotes":""},"class_list":["post-2248","page","type-page","status-publish","hentry"],"_links":{"self":[{"href":"https:\/\/le-doux-nid.com\/en\/wp-json\/wp\/v2\/pages\/2248","targetHints":{"allow":["GET"]}}],"collection":[{"href":"https:\/\/le-doux-nid.com\/en\/wp-json\/wp\/v2\/pages"}],"about":[{"href":"https:\/\/le-doux-nid.com\/en\/wp-json\/wp\/v2\/types\/page"}],"author":[{"embeddable":true,"href":"https:\/\/le-doux-nid.com\/en\/wp-json\/wp\/v2\/users\/1"}],"replies":[{"embeddable":true,"href":"https:\/\/le-doux-nid.com\/en\/wp-json\/wp\/v2\/comments?post=2248"}],"version-history":[{"count":59,"href":"https:\/\/le-doux-nid.com\/en\/wp-json\/wp\/v2\/pages\/2248\/revisions"}],"predecessor-version":[{"id":81951,"href":"https:\/\/le-doux-nid.com\/en\/wp-json\/wp\/v2\/pages\/2248\/revisions\/81951"}],"wp:attachment":[{"href":"https:\/\/le-doux-nid.com\/en\/wp-json\/wp\/v2\/media?parent=2248"}],"curies":[{"name":"wp","href":"https:\/\/api.w.org\/{rel}","templated":true}]}}