{"id":242,"date":"2017-02-10T17:55:13","date_gmt":"2017-02-10T16:55:13","guid":{"rendered":"https:\/\/le-doux-nid.com\/?page_id=242"},"modified":"2022-10-21T13:48:00","modified_gmt":"2022-10-21T11:48:00","slug":"reservation-ok","status":"publish","type":"page","link":"https:\/\/le-doux-nid.com\/en\/reservation-ok\/","title":{"rendered":"Le Restaurant | Confirmation de r\u00e9servation"},"content":{"rendered":"<div class=\"pearl-section wpb_row pearl-section-fluid pearl-elm-section\"><div class=\"wpb_column vc_column_container vc_col-sm-12\"><div class=\"vc_column-inner\"><div class=\"wpb_wrapper\"><div class=\"pearl-section wpb_row vc_inner pearl-section-fluid lettrine pearl-elm-section\"><div class=\"wpb_column vc_column_container vc_col-sm-12\"><div class=\"vc_column-inner\"><div class=\"wpb_wrapper\">\n\t<div class=\"wpb_text_column wpb_content_element\" >\n\t\t<div class=\"wpb_wrapper\">\n\t\t\t<h1 style=\"text-align: center;\">Book a table<\/h1>\n\n\t\t<\/div>\n\t<\/div>\n\n\t<div class=\"wpb_text_column wpb_content_element text\" >\n\t\t<div class=\"wpb_wrapper\">\n\t\t\t<p style=\"text-align: left;\">Le restaurant dispose d&rsquo;une salle \u00e0 l\u2019int\u00e9rieur et de deux terrasses, l\u2019une sur un ponton au bord du canal, et l\u2019autre devant la salle du Relais Gourmand avec vue sur le Canal. Vos r\u00e9servations peuvent \u00eatre annul\u00e9es jusqu\u2019\u00e0 une heure avant le moment pr\u00e9vu de votre arriv\u00e9e, en passant par ce site ou en nous contactant directement par t\u00e9l\u00e9phone aux num\u00e9ros affich\u00e9s en haut \u00e0 droite de cette page.<\/p>\n\n\t\t<\/div>\n\t<\/div>\n<div class=\"vc_empty_space\"   style=\"height: 25px\"><span class=\"vc_empty_space_inner\"><\/span><\/div><\/div><\/div><\/div><\/div><\/div><\/div><\/div><\/div>","protected":false},"excerpt":{"rendered":"R\u00e9server une table Le restaurant dispose d'une salle \u00e0 l\u2019int\u00e9rieur et de deux terrasses, l\u2019une sur un ponton au bord du canal, et l\u2019autre devant la salle du Relais Gourmand avec vue sur le Canal. Vos r\u00e9servations peuvent \u00eatre annul\u00e9es jusqu\u2019\u00e0 une heure avant le moment pr\u00e9vu de votre arriv\u00e9e, en passant par ce site....","protected":false},"author":1,"featured_media":0,"parent":0,"menu_order":3,"comment_status":"closed","ping_status":"closed","template":"","meta":{"inline_featured_image":false,"_exactmetrics_skip_tracking":false,"_exactmetrics_sitenote_active":false,"_exactmetrics_sitenote_note":"","_exactmetrics_sitenote_category":0,"footnotes":""},"class_list":["post-242","page","type-page","status-publish","hentry"],"_links":{"self":[{"href":"https:\/\/le-doux-nid.com\/en\/wp-json\/wp\/v2\/pages\/242","targetHints":{"allow":["GET"]}}],"collection":[{"href":"https:\/\/le-doux-nid.com\/en\/wp-json\/wp\/v2\/pages"}],"about":[{"href":"https:\/\/le-doux-nid.com\/en\/wp-json\/wp\/v2\/types\/page"}],"author":[{"embeddable":true,"href":"https:\/\/le-doux-nid.com\/en\/wp-json\/wp\/v2\/users\/1"}],"replies":[{"embeddable":true,"href":"https:\/\/le-doux-nid.com\/en\/wp-json\/wp\/v2\/comments?post=242"}],"version-history":[{"count":10,"href":"https:\/\/le-doux-nid.com\/en\/wp-json\/wp\/v2\/pages\/242\/revisions"}],"predecessor-version":[{"id":3778,"href":"https:\/\/le-doux-nid.com\/en\/wp-json\/wp\/v2\/pages\/242\/revisions\/3778"}],"wp:attachment":[{"href":"https:\/\/le-doux-nid.com\/en\/wp-json\/wp\/v2\/media?parent=242"}],"curies":[{"name":"wp","href":"https:\/\/api.w.org\/{rel}","templated":true}]}}