{"id":314,"date":"2017-02-14T11:33:36","date_gmt":"2017-02-14T10:33:36","guid":{"rendered":"https:\/\/le-doux-nid.com\/?page_id=314"},"modified":"2023-06-02T10:28:37","modified_gmt":"2023-06-02T08:28:37","slug":"nos-chambres","status":"publish","type":"page","link":"https:\/\/le-doux-nid.com\/en\/our-rooms\/","title":{"rendered":"Rooms"},"content":{"rendered":"<div class=\"wpb-content-wrapper\"><div data-vc-full-width=\"true\" data-vc-full-width-init=\"false\" class=\"pearl-section wpb_row pearl-section-fluid pearl-section-o-content-middle pearl-section-flex pearl-elm-section\"><div class=\"search-tool-v2 wpb_column vc_column_container vc_col-sm-12\"><div class=\"vc_column-inner\"><div class=\"wpb_wrapper\">\n\t<div class=\"wpb_text_column wpb_content_element\" >\n\t\t<div class=\"wpb_wrapper\">\n\t\t\t<h1 style=\"text-align: center;\">Search for a room<\/h1>\n\n\t\t<\/div>\n\t<\/div>\n\n\t<div class=\"wpb_raw_code wpb_raw_html wpb_content_element\" >\n\t\t<div class=\"wpb_wrapper\">\n\t\t\t<div class=\"resp-container\">\n  <iframe loading=\"lazy\" style=\"border:none\" class=\"resp_iframe\"\n    width=\"100%\"\n    height=\"420\"\n    src=\"https:\/\/le-doux-nid.amenitiz.io\/\">\n<\/iframe>\n<\/div>\n\n\t\t<\/div>\n\t<\/div>\n\n\t<div class=\"wpb_raw_code wpb_raw_html wpb_content_element\" >\n\t\t<div class=\"wpb_wrapper\">\n\t\t\t<iframe width='100%' height='450' allowfullscreen src='https:\/\/my.web-visite.com\/F1gQsiVnYm'><\/iframe>\n\t\t<\/div>\n\t<\/div>\n<\/div><\/div><\/div><\/div><div class=\"vc_row-full-width vc_clearfix\"><\/div><div class=\"pearl-section wpb_row pearl-section-fluid vc_custom_1470773149042 pearl-elm-section\"><div class=\"wpb_column vc_column_container vc_col-sm-12\"><div class=\"vc_column-inner\"><div class=\"wpb_wrapper\">\n\t<div class=\"wpb_text_column wpb_content_element\" >\n\t\t<div class=\"wpb_wrapper\">\n\t\t\t<h1 style=\"text-align: center;\">Our rates<\/h1>\n\n\t\t<\/div>\n\t<\/div>\n<div class=\"vc_message_box vc_message_box-outline vc_message_box-rounded vc_color-success wpb_animate_when_almost_visible wpb_bounceIn bounceIn vc_do_message info-importante\" ><div class=\"vc_message_box-icon\"><i class=\"\"><\/i><\/div><p style=\"text-align: center; text-transform: uppercase; font-weight: bold; font-size: 2.0em; line-height: 1.0em; margin-top: 0 !important;\"><strong>Nous acceptons les ch\u00e8ques vacances !<\/strong><\/p>\n<\/div>\n\t<div class=\"wpb_text_column wpb_content_element\" >\n\t\t<div class=\"wpb_wrapper\">\n\t\t\t<p style=\"text-align: center;\">Les tarifs de bases sont indiqu\u00e9s sur une base de <strong>1 or 2 persons<\/strong> <strong>avec le petit d\u00e9jeuner<\/strong>,<br \/>\n<em>Taxe de s\u00e9jour \u00e0 payer sur place en suppl\u00e9ment : 0,83\u20ac par adulte, gratuit pour les enfants de moins de 18 ans.<\/em><\/p>\n<p style=\"text-align: center;\">Certaines chambres peuvent accueillir des personnes suppl\u00e9mentaires : <a href=\"\/en\/contact\/\">consult us<\/a><\/p>\n<hr \/>\n<p style=\"text-align: center;\"><strong>Personnes suppl\u00e9mentaires selon les chambres :<\/strong><br \/>\n<strong>20\u20ac<\/strong> pour enfant de 2 \u00e0 12 ans, <strong>30\u20ac<\/strong> for over 12s and adults,<br \/>\ngratuit pour les moins de 2 ans pour les parents amenant leur mat\u00e9riel<br \/>\n<em>(location d&rsquo;un lit parapluie possible pour 10\u20ac par nuit)<\/em><\/p>\n<hr \/>\n<p style=\"text-align: center;\">\u00a0<strong>Chambre \u00ab\u00a0Pomme d&rsquo;amour\u00a0\u00bb<\/strong> : \u00a079\u20ac \u00e0 99\u20ac\u00a0 pour 2 personnes avec le petit d\u00e9jeuner<\/p>\n<p style=\"text-align: center;\"><strong>Chambre \u00ab\u00a0Comme une lettre \u00e0 la poste\u00a0\u00bb<\/strong> : \u00a085\u20ac \u00e0 109 \u20ac pour 2 personnes avec le petit d\u00e9jeuner<\/p>\n<p style=\"text-align: center;\"><strong>Chambre \u00ab\u00a0Comme un poisson dans l&rsquo;eau\u00a0\u00bb<\/strong> : 89 \u00e0 119 \u20ac pour 2 personnes avec le petit d\u00e9jeuner &#8211; vue canal de Savi\u00e8res<\/p>\n<p style=\"text-align: center;\"><strong>Chambre \u00ab\u00a01 2 3 Soleil\u00a0\u00bb<\/strong> : 89 \u00e0 119 \u20ac pour 2 personnes avec le petit d\u00e9jeuner &#8211; vue canal de Savi\u00e8res<\/p>\n<p style=\"text-align: center;\"><strong>Chambre \u00ab\u00a0Comme un oiseau dans son nid\u00a0\u00bb<\/strong> : 119 \u00e0 135 \u20ac\u00a0 pour 2 personnes avec le petit d\u00e9jeuner &#8211; vue canal de Savi\u00e8res, chambre atypique sous les combles avec un acc\u00e8s particulier avec un escalier escamotable \u00e9lectrique<\/p>\n<p style=\"text-align: center;\"><strong>Chambre \u00ab\u00a0L&rsquo;Annexe du Doux Nid\u00a0\u00bb <\/strong>: 225\u20ac pour 5 personnes avec le petit d\u00e9jeuner. Chambre situ\u00e9e dans une maison proche du Doux Nid.<\/p>\n<p style=\"text-align: center;\"><strong>Chambre \u00ab\u00a0L&rsquo;Alc\u00f4ve\u00a0\u00bb<\/strong> : 70 \u00e0 85\u20ac pour 2 personnes avec le petit d\u00e9jeuner.<\/p>\n<p style=\"text-align: center;\"><strong>Chambre \u00ab\u00a0L&rsquo;Eb\u00e8ne\u00a0\u00bb :<\/strong> 85 \u00e0 109\u20ac pour 2 personnes avec le petit d\u00e9jeuner.<\/p>\n<p style=\"text-align: center;\"><strong>Chambre \u00ab\u00a0L&rsquo;Argile\u00a0\u00bb :<\/strong> 89 \u00e0 109\u20ac pour 2 personnes avec le petit d\u00e9jeuner. Chambre avec un balcon privatif.<\/p>\n<p style=\"text-align: center;\"><strong>Chambre \u00ab\u00a0L&rsquo;Oiseau de Colin\u00a0\u00bb<\/strong>\u00a0: 119 \u00e0 139\u20ac pour 2 personnes avec le petit d\u00e9jeuner &#8211; vue sur le Canal de Savi\u00e8res.<\/p>\n<hr \/>\n<p style=\"text-align: center;\"><strong>L&rsquo;espace Bien \u00eatre peut devenir privatis\u00e9 selon\u00a0disponibilit\u00e9\u00a0<\/strong>\u00a0Contact us<\/p>\n<p style=\"text-align: center;\">Consulter la rubrique \u00ab\u00a0Les chambres\u00a0\u00bb pour visualiser les d\u00e9tails et les photos de chaque chambre<\/p>\n<hr \/>\n<p style=\"text-align: center;\"><strong>Possibilit\u00e9 de nous commander un repas en chambre<br \/>\n<\/strong><em>sur demande et selon les disponibilit\u00e9s<\/em><\/p>\n\n\t\t<\/div>\n\t<\/div>\n\n\t<div class=\"wpb_text_column wpb_content_element\" >\n\t\t<div class=\"wpb_wrapper\">\n\t\t\t<p style=\"text-align: center;\"><strong>Local v\u00e9lo<\/strong><br \/>\nNous mettons \u00e0 votre disposition gratuitement lors de votre s\u00e9jour, un local v\u00e9lo ferm\u00e9 et s\u00e9curis\u00e9 avec prises pour recharger les batteries de vos v\u00e9los \u00e9lectriques.<\/p>\n\n\t\t<\/div>\n\t<\/div>\n<\/div><\/div><\/div><div class=\"wpb_column vc_column_container vc_col-sm-12\"><div class=\"vc_column-inner\"><div class=\"wpb_wrapper\"><\/div><\/div><\/div><\/div><div data-vc-full-width=\"true\" data-vc-full-width-init=\"false\" class=\"pearl-section wpb_row pearl-section-fluid testi vc_custom_1487021812658 pearl-elm-section\"><div class=\"wpb_column vc_column_container vc_col-sm-12\"><div class=\"vc_column-inner\"><div class=\"wpb_wrapper\">\t\t\t<div class=\"customer-words\" >\n                <div class=\"detail\">\n                \t                        <div class=\"main-title-white\">\n                                                                                        <h1>Ce qu&#039;en disent nos clients<\/h1>\n                                                        <p>... their opinions on our rooms ...<\/p>                        <\/div>\n                                        <div class=\"testimonials\">\n\t\t\t\t\t\t                            <div class=\"span12\">\n                                <div id=\"owl-demo2\" class=\"owl-carousel\">\n                                                                            <div class=\"testi-sec\">\n                                            <img decoding=\"async\" src=\"https:\/\/le-doux-nid.com\/wp-content\/plugins\/pearl_core\/\/vc_custom\/shortcodes\/testimonials\/images\/placeholder.png\" alt=\"The Family \">\n                                            <div class=\"height35\"><\/div>\n                                                                                            <span class=\"name\">The Family <\/span>\n                                                                                                                                        <span class=\"work\">July 2022<\/span>\n                                                                                        <div class=\"height20\"><\/div>\n                                                                                            <p>Tr\u00e8s bon s\u00e9jour.\nNous avons r\u00e9serv\u00e9 une chambre la 1,2,3 soleil et super, une vue exelllente sur le canal. Il faisait un peu chaud mais le ventilo \u00e9tait la pour rafra\u00eechir la pi\u00e8ce. Le petit dej est classsique mais il y a toute sorte de vari\u00e9t\u00e9 c\u00e9r\u00e9ale, beurre, pain de campagne avec plein de jus de fruit diff\u00e9rent parfait\ud83d\udc4cPour les fans de sal\u00e9 le matin il y a du beurre demi-sel de la charcuterie... Le service est agr\u00e9able toujours la en cas de petit probl\u00e8me tel que les gu\u00eapes. C'est tout ce que j'ai \u00e0 dire sur cet agr\u00e9able s\u00e9jour \u00e0 chanaz.<\/p>\n                                                                                        <div class=\"height20\"><\/div>\n                                                                                            <div class=\"rating\">\n                                                                                                            <i class=\"icon-star3\"><\/i>\n                                                                                                            <i class=\"icon-star3\"><\/i>\n                                                                                                            <i class=\"icon-star3\"><\/i>\n                                                                                                            <i class=\"icon-star3\"><\/i>\n                                                                                                            <i class=\"icon-star3\"><\/i>\n                                                                                                    <\/div>\n                                                                                    <\/div>\n                                        \n                                                                            <div class=\"testi-sec\">\n                                            <img decoding=\"async\" src=\"https:\/\/le-doux-nid.com\/wp-content\/plugins\/pearl_core\/\/vc_custom\/shortcodes\/testimonials\/images\/placeholder.png\" alt=\"Bea412013\">\n                                            <div class=\"height35\"><\/div>\n                                                                                            <span class=\"name\">Bea412013<\/span>\n                                                                                                                                    <div class=\"height20\"><\/div>\n                                                                                            <p>S\u00e9jour touristique et gastronomique dans un cadre id\u00e9al\nNous avons s\u00e9journ\u00e9 3 nuits dans la chambre \"Comme un poisson dans l'eau\" et avons pris tous nos d\u00eeners sur la terrasse du Relais gourmand en bordure du canal. \u00c9quipe d\u00e9contract\u00e9e et sympathique, poissons du lac et produits locaux dans l'assiette, cadre idyllique. Et les activit\u00e9s aux alentours ne manquent pas, panoramas sublimes \u00e0 la Chambotte, ou au Mont Revard, cano\u00eb sur le canal de Savi\u00e8res, baignade dans le lac, visite de l'abbaye de Hautecombe, ... Nous sommes enchant\u00e9s de notre s\u00e9jour \u00e0 Chanaz<\/p>\n                                                                                        <div class=\"height20\"><\/div>\n                                                                                            <div class=\"rating\">\n                                                                                                            <i class=\"icon-star3\"><\/i>\n                                                                                                            <i class=\"icon-star3\"><\/i>\n                                                                                                            <i class=\"icon-star3\"><\/i>\n                                                                                                            <i class=\"icon-star3\"><\/i>\n                                                                                                            <i class=\"icon-star3\"><\/i>\n                                                                                                    <\/div>\n                                                                                    <\/div>\n                                        \n                                                                            <div class=\"testi-sec\">\n                                            <img decoding=\"async\" src=\"https:\/\/le-doux-nid.com\/wp-content\/plugins\/pearl_core\/\/vc_custom\/shortcodes\/testimonials\/images\/placeholder.png\" alt=\"Yannick M \">\n                                            <div class=\"height35\"><\/div>\n                                                                                            <span class=\"name\">Yannick M <\/span>\n                                                                                                                                        <span class=\"work\">April 2022<\/span>\n                                                                                        <div class=\"height20\"><\/div>\n                                                                                            <p>Une belle exp\u00e9rience\nPetit escapade en famille dans un endroit de r\u00eave. Une tr\u00e8s belle chambre, d\u00e9cor\u00e9e avec soins et agr\u00e9able apr\u00e8s une bonne ballade. Un diner au bord de l'eau, du beau temps, un accueil tr\u00e8s sympathique et surtout une tr\u00e8s belle table avec une cuisine raffin\u00e9e. Des produits locaux, de bons vins, et nous avons m\u00eame d\u00e9j\u00e0 r\u00e9serv\u00e9 le bateau \u00e9lectrique pour Mai pour d\u00e9couvrir le lac. Merci<\/p>\n                                                                                        <div class=\"height20\"><\/div>\n                                                                                            <div class=\"rating\">\n                                                                                                            <i class=\"icon-star3\"><\/i>\n                                                                                                            <i class=\"icon-star3\"><\/i>\n                                                                                                            <i class=\"icon-star3\"><\/i>\n                                                                                                            <i class=\"icon-star3\"><\/i>\n                                                                                                            <i class=\"icon-star3\"><\/i>\n                                                                                                    <\/div>\n                                                                                    <\/div>\n                                        \n                                                                            <div class=\"testi-sec\">\n                                            <img decoding=\"async\" src=\"https:\/\/le-doux-nid.com\/wp-content\/plugins\/pearl_core\/\/vc_custom\/shortcodes\/testimonials\/images\/placeholder.png\" alt=\"Pascal D\">\n                                            <div class=\"height35\"><\/div>\n                                                                                            <span class=\"name\">Pascal D<\/span>\n                                                                                                                                        <span class=\"work\">July 2021<\/span>\n                                                                                        <div class=\"height20\"><\/div>\n                                                                                            <p>Tr\u00e8s bien\nS\u00e9jour tr\u00e8s agr\u00e9able dans une chambre atypique et propre. La situation est parfaite et le personnel est aussi serviable que souriant ! Le restaurant au bord de l'eau et les services propos\u00e9s comme le bateau ajoute au plaisir. Une adresse \u00e0 conseiller<\/p>\n                                                                                        <div class=\"height20\"><\/div>\n                                                                                            <div class=\"rating\">\n                                                                                                            <i class=\"icon-star3\"><\/i>\n                                                                                                            <i class=\"icon-star3\"><\/i>\n                                                                                                            <i class=\"icon-star3\"><\/i>\n                                                                                                            <i class=\"icon-star3\"><\/i>\n                                                                                                            <i class=\"icon-star3\"><\/i>\n                                                                                                    <\/div>\n                                                                                    <\/div>\n                                        \n                                                                            <div class=\"testi-sec\">\n                                            <img decoding=\"async\" src=\"https:\/\/le-doux-nid.com\/wp-content\/plugins\/pearl_core\/\/vc_custom\/shortcodes\/testimonials\/images\/placeholder.png\" alt=\"Axelle R\">\n                                            <div class=\"height35\"><\/div>\n                                                                                            <span class=\"name\">Axelle R<\/span>\n                                                                                                                                        <span class=\"work\">April 2021<\/span>\n                                                                                        <div class=\"height20\"><\/div>\n                                                                                            <p>une demande en mariage plus que parfaite !\nPour ma demande en mariage nous avons s\u00e9journ\u00e9 1 nuit , nous avions la chambre \"comme un oiseau dans son nid\" . Chambre vraiment agr\u00e9able avec vue sur le canal . Le repas qui nous a \u00e9t\u00e9 servis en chambre \u00e9tait succulent. Nous avons aussi lou\u00e9 un bateau \u00e9lectrique avec pique nique pour le midi . Je remercie encore Christophe pour l\u2019accueil qu'il nous a r\u00e9serv\u00e9, il a \u00e9t\u00e9 vraiment \u00e0 l'\u00e9coute et disponible . je recommande sans h\u00e9siter !<\/p>\n                                                                                        <div class=\"height20\"><\/div>\n                                                                                            <div class=\"rating\">\n                                                                                                            <i class=\"icon-star3\"><\/i>\n                                                                                                            <i class=\"icon-star3\"><\/i>\n                                                                                                            <i class=\"icon-star3\"><\/i>\n                                                                                                            <i class=\"icon-star3\"><\/i>\n                                                                                                            <i class=\"icon-star3\"><\/i>\n                                                                                                    <\/div>\n                                                                                    <\/div>\n                                        \n                                                                    <\/div>\n                            <\/div>\n                            <script>\n                                jQuery(document).ready(function(e) {\n                                    jQuery(\"#owl-demo2\").owlCarousel({\n                                        autoPlay: 5000,\n                                        stopOnHover: true,\n                                        navigation: true,\n                                        paginationSpeed: 2500,\n                                        goToFirstSpeed: 2000,\n                                        singleItem: true,\n                                        autoHeight: true,\n\t\t\t\t\t\t\t\t\t\titems : 1,\n                                    });\n                                });\n                            <\/script>\n                                            <\/div>\n                 <\/div>\n\t\t\t<\/div>\n\t\t\t<div class=\"pearl-section wpb_row vc_inner pearl-section-fluid pearl-elm-section\"><div class=\"wpb_column vc_column_container vc_col-sm-5\"><div class=\"vc_column-inner\"><div class=\"wpb_wrapper\">\n\t<div class=\"wpb_raw_code wpb_raw_html wpb_content_element\" >\n\t\t<div class=\"wpb_wrapper\">\n\t\t\t<div id=\"TA_cdsscrollingravewide441\" class=\"TA_cdsscrollingravewide\"><ul id=\"wteLpvKuSRX\" class=\"TA_links oyQYVFyYb\"><li id=\"NVJwSK46t7Mr\" class=\"Jv5lASNQ821\"><a target=\"_blank\" href=\"https:\/\/www.tripadvisor.fr\/\"><img decoding=\"async\" src=\"https:\/\/static.tacdn.com\/img2\/t4b\/Stacked_TA_logo.png\" alt=\"TripAdvisor\" class=\"widEXCIMG\" id=\"CDSWIDEXCLOGO\"\/><\/a><\/li><\/ul><\/div><script src=\"https:\/\/www.jscache.com\/wejs?wtype=cdsscrollingravewide&amp;uniq=441&amp;locationId=2553634&amp;lang=fr&amp;border=true&amp;shadow=false&amp;backgroundColor=white&amp;display_version=2\"><\/script>\n\t\t<\/div>\n\t<\/div>\n<\/div><\/div><\/div><div class=\"wpb_column vc_column_container vc_col-sm-3\"><div class=\"vc_column-inner\"><div class=\"wpb_wrapper\">\n\t<div class=\"wpb_raw_code wpb_raw_html wpb_content_element\" >\n\t\t<div class=\"wpb_wrapper\">\n\t\t\t<div id=\"TA_cdswritereviewlg260\" class=\"TA_cdswritereviewlg\"><ul id=\"Y1YF2xCZa\" class=\"TA_links kS1O2HkBAqC\"><li id=\"7UhNNdo\" class=\"hVG7MhF\"><a target=\"_blank\" href=\"https:\/\/www.tripadvisor.fr\/\"><img decoding=\"async\" src=\"https:\/\/www.tripadvisor.fr\/img\/cdsi\/img2\/branding\/medium-logo-12097-2.png\" alt=\"TripAdvisor\"\/><\/a><\/li><\/ul><\/div><script src=\"https:\/\/www.jscache.com\/wejs?wtype=cdswritereviewlg&amp;uniq=260&amp;locationId=2553634&amp;lang=fr&amp;lang=fr&amp;display_version=2\"><\/script>\n\t\t<\/div>\n\t<\/div>\n<\/div><\/div><\/div><div class=\"wpb_column vc_column_container vc_col-sm-2\"><div class=\"vc_column-inner\"><div class=\"wpb_wrapper\">\n\t<div class=\"wpb_raw_code wpb_raw_html wpb_content_element\" >\n\t\t<div class=\"wpb_wrapper\">\n\t\t\t<div id=\"TA_excellent271\" class=\"TA_excellent\"><ul id=\"IhIXKw69\" class=\"TA_links 3FnQcMIDUMs\"><li id=\"vKLjc9x9QB\" class=\"UqgT9riFHN\"><a target=\"_blank\" href=\"https:\/\/www.tripadvisor.fr\/\"><img decoding=\"async\" src=\"https:\/\/static.tacdn.com\/img2\/widget\/tripadvisor_logo_115x18.gif\" alt=\"TripAdvisor\" class=\"widEXCIMG\" id=\"CDSWIDEXCLOGO\"\/><\/a><\/li><\/ul><\/div><script src=\"https:\/\/www.jscache.com\/wejs?wtype=excellent&amp;uniq=271&amp;locationId=2553634&amp;lang=fr&amp;display_version=2\"><\/script>\n\t\t<\/div>\n\t<\/div>\n<\/div><\/div><\/div><div class=\"wpb_column vc_column_container vc_col-sm-2\"><div class=\"vc_column-inner\"><div class=\"wpb_wrapper\">\n\t<div class=\"wpb_raw_code wpb_raw_html wpb_content_element\" >\n\t\t<div class=\"wpb_wrapper\">\n\t\t\t<div id=\"TA_percentRecommended722\" class=\"TA_percentRecommended\"><ul id=\"uj7b9C7ijUrl\" class=\"TA_links olcX5ixzmfsB\"><li id=\"NQJ9wX\" class=\"FE9OlirPYk\"><a target=\"_blank\" href=\"https:\/\/www.tripadvisor.fr\/\"><img decoding=\"async\" src=\"https:\/\/www.tripadvisor.fr\/img2\/widget\/logo_shadow_109x26.png\" alt=\"TripAdvisor\" class=\"widPERIMG\" id=\"CDSWIDPERLOGO\"\/><\/a><\/li><\/ul><\/div><script src=\"https:\/\/www.jscache.com\/wejs?wtype=percentRecommended&amp;uniq=722&amp;locationId=2553634&amp;lang=fr&amp;border=true&amp;display_version=2\"><\/script>\n\t\t<\/div>\n\t<\/div>\n<\/div><\/div><\/div><\/div><\/div><\/div><\/div><\/div><div class=\"vc_row-full-width vc_clearfix\"><\/div>\n<\/div>","protected":false},"excerpt":{"rendered":"Rechercher une chambre Nos Tarifs Nous acceptons les ch\u00e8ques vacances ! Les tarifs de bases sont indiqu\u00e9s sur une base de 1 ou 2 personnes avec le petit d\u00e9jeuner, Taxe de s\u00e9jour \u00e0 payer sur place en suppl\u00e9ment : 0,83\u20ac par adulte, gratuit pour les enfants de moins de 18 ans. Certaines chambres peuvent accueillir....","protected":false},"author":1,"featured_media":0,"parent":0,"menu_order":2,"comment_status":"closed","ping_status":"closed","template":"","meta":{"inline_featured_image":false,"_exactmetrics_skip_tracking":false,"_exactmetrics_sitenote_active":false,"_exactmetrics_sitenote_note":"","_exactmetrics_sitenote_category":0,"footnotes":""},"class_list":["post-314","page","type-page","status-publish","hentry"],"_links":{"self":[{"href":"https:\/\/le-doux-nid.com\/en\/wp-json\/wp\/v2\/pages\/314","targetHints":{"allow":["GET"]}}],"collection":[{"href":"https:\/\/le-doux-nid.com\/en\/wp-json\/wp\/v2\/pages"}],"about":[{"href":"https:\/\/le-doux-nid.com\/en\/wp-json\/wp\/v2\/types\/page"}],"author":[{"embeddable":true,"href":"https:\/\/le-doux-nid.com\/en\/wp-json\/wp\/v2\/users\/1"}],"replies":[{"embeddable":true,"href":"https:\/\/le-doux-nid.com\/en\/wp-json\/wp\/v2\/comments?post=314"}],"version-history":[{"count":40,"href":"https:\/\/le-doux-nid.com\/en\/wp-json\/wp\/v2\/pages\/314\/revisions"}],"predecessor-version":[{"id":7762,"href":"https:\/\/le-doux-nid.com\/en\/wp-json\/wp\/v2\/pages\/314\/revisions\/7762"}],"wp:attachment":[{"href":"https:\/\/le-doux-nid.com\/en\/wp-json\/wp\/v2\/media?parent=314"}],"curies":[{"name":"wp","href":"https:\/\/api.w.org\/{rel}","templated":true}]}}