{"id":3670,"date":"2022-09-20T16:19:41","date_gmt":"2022-09-20T14:19:41","guid":{"rendered":"https:\/\/le-doux-nid.com\/?page_id=3670"},"modified":"2024-02-14T18:19:04","modified_gmt":"2024-02-14T17:19:04","slug":"van-loc-nuit","status":"publish","type":"page","link":"https:\/\/le-doux-nid.com\/en\/loc-van\/van-loc-night\/","title":{"rendered":"Van rental: unusual overnight rental"},"content":{"rendered":"<div class=\"pearl-section wpb_row pearl-section-fluid pearl-elm-section\"><div class=\"wpb_column vc_column_container vc_col-sm-12\"><div class=\"vc_column-inner\"><div class=\"wpb_wrapper\">\n\t<div class=\"wpb_text_column wpb_content_element\" >\n\t\t<div class=\"wpb_wrapper\">\n\t\t\t<h1 style=\"text-align: center;\">Location de vans : Chambre insolite pour la nuit<\/h1>\n\n\t\t<\/div>\n\t<\/div>\n<\/div><\/div><\/div><\/div><div class=\"pearl-section wpb_row pearl-section-fluid pearl-elm-section\"><div class=\"lettrine wpb_column vc_column_container vc_col-sm-12\"><div class=\"vc_column-inner\"><div class=\"wpb_wrapper\"><div class=\"vc_empty_space\"   style=\"height: 40px\"><span class=\"vc_empty_space_inner\"><\/span><\/div>\n\t<div class=\"wpb_text_column wpb_content_element\" >\n\t\t<div class=\"wpb_wrapper\">\n\t\t\t<p>En corr\u00e9lation \u00e9troite avec ce d\u00e9sir de visiter notre petit village pittoresque. Les nuit\u00e9es insolites en van am\u00e9nag\u00e9 ont la c\u00f4te !<br \/>\nRetrouvez au Doux Nid, cette exp\u00e9rience in\u00e9dite.<\/p>\n<p>On reste dans un esprit r\u00e9cup&rsquo; et minimaliste qui s&rsquo;inscrit aussi en accord avec la tendance \u00e9co-responsable.<\/p>\n<p>Passer tout simplement une nuit insolite au bord du Rh\u00f4ne sans m\u00eame allumer le contact. Une belle exp\u00e9rience pour go\u00fbter aux joies du bivouac en van et d\u00e9couvrir une nouvelle aventure proche de la nature.<\/p>\n<p>Ce van peut accueillir jusqu&rsquo;\u00e0 4 personnes ! Une immersion totale en famille ou entre amis.<br \/>\nProfitez du cadre chaleureux et de l&rsquo;atmosph\u00e8re de Chanaz pour vous immerger en pleine nature.<\/p>\n<p>Une offre originale et unique pour les amateurs de bivouac<\/p>\n\n\t\t<\/div>\n\t<\/div>\n<div class=\"pearl-section wpb_row vc_inner pearl-section-fluid pearl-elm-section\"><div class=\"wpb_column vc_column_container vc_col-sm-12\"><div class=\"vc_column-inner\"><div class=\"wpb_wrapper\">\n\t<div class=\"wpb_text_column wpb_content_element\" >\n\t\t<div class=\"wpb_wrapper\">\n\t\t\t<h2 style=\"text-align: center;\">Tarifs par nuit<\/h2>\n<h4 style=\"text-align: center;\"><strong>( Location minimum 2 nuits )<\/strong><\/h4>\n<p style=\"text-align: center;\"><strong>149\u20ac\u00a0<\/strong><\/p>\n<p style=\"text-align: center;\">Check in :\u00a0<strong>17h<\/strong>\u00a0Check out :\u00a0<strong>11h<\/strong><\/p>\n<p style=\"text-align: center;\">Taxe de s\u00e9jour en suppl\u00e9ment : 0.83\u20ac par adultes<\/p>\n\n\t\t<\/div>\n\t<\/div>\n<div class=\"vc_empty_space\"   style=\"height: 32px\"><span class=\"vc_empty_space_inner\"><\/span><\/div>\n\t<div class=\"wpb_text_column wpb_content_element texte\" >\n\t\t<div class=\"wpb_wrapper\">\n\t\t\t<p style=\"text-align: center;\"><a href=\"https:\/\/calendly.com\/doux-nid\/location-de-van\"><div class=\"booked-calendar-shortcode-wrap\"><div class=\"booked-calendar-wrap large\"><div class=\"booked-calendar\" data-calendar-id=\"81\" data-calendar-date=\"2026-04-01\">\n\t\t<div class=\"bc-head\">\n\n\t\t\t\n\t\t\t<div class=\"bc-row top\">\n\t\t\t\t<div class=\"bc-col\">\n\t\t\t\t\t\t\t\t\t\t<span class=\"calendarSavingState\">\n\t\t\t\t\t\t<i class=\"fa-solid fa-circle-notch fa-spin\"><\/i>\n\t\t\t\t\t<\/span>\n\t\t\t\t\t<span class=\"monthName\">\n\t\t\t\t\t\tApril 2026\t\t\t\t\t\t\t\t\t\t\t<\/span>\n\t\t\t\t\t<a href=\"#\" data-goto=\"2026-05-01\" class=\"page-right\"><i class=\"fa-solid fa-arrow-right\"><\/i><\/a>\t\t\t\t<\/div>\n\t\t\t<\/div>\n\t\t\t<div class=\"bc-row days\">\n\t\t\t\t\t\t\t\t<div class=\"bc-col\">Mon<\/div>\n\t\t\t\t<div class=\"bc-col\">Tue<\/div>\n\t\t\t\t<div class=\"bc-col\">Wed<\/div>\n\t\t\t\t<div class=\"bc-col\">Thu<\/div>\n\t\t\t\t<div class=\"bc-col\">Fri<\/div>\n\t\t\t\t<div class=\"bc-col\">Sat<\/div>\t\t\t\t<div class=\"bc-col\">Sun<\/div>\t\t\t<\/div>\n\t\t<\/div>\n\t\t<div class=\"bc-body\"><div class=\"bc-row week\"><div data-date=\"2026-03-30\" class=\"bc-col prev-month prev-date\"><span class=\"date\"><span class=\"number\">30<\/span><\/span><\/div><div data-date=\"2026-03-31\" class=\"bc-col prev-month prev-date\"><span class=\"date\"><span class=\"number\">31<\/span><\/span><\/div><div data-date=\"2026-04-1\" class=\"bc-col prev-date\"><span class=\"date\"><span class=\"number\">1<\/span><\/span><\/div><div data-date=\"2026-04-2\" class=\"bc-col prev-date\"><span class=\"date\"><span class=\"number\">2<\/span><\/span><\/div><div data-date=\"2026-04-3\" class=\"bc-col prev-date\"><span class=\"date\"><span class=\"number\">3<\/span><\/span><\/div><div data-date=\"2026-04-4\" class=\"bc-col prev-date\"><span class=\"date\"><span class=\"number\">4<\/span><\/span><\/div><div data-date=\"2026-04-5\" class=\"bc-col prev-date\"><span class=\"date\"><span class=\"number\">5<\/span><\/span><\/div><\/div><div class=\"bc-row week\"><div data-date=\"2026-04-6\" class=\"bc-col prev-date\"><span class=\"date\"><span class=\"number\">6<\/span><\/span><\/div><div data-date=\"2026-04-7\" class=\"bc-col prev-date\"><span class=\"date\"><span class=\"number\">7<\/span><\/span><\/div><div data-date=\"2026-04-8\" class=\"bc-col prev-date\"><span class=\"date\"><span class=\"number\">8<\/span><\/span><\/div><div data-date=\"2026-04-9\" class=\"bc-col prev-date\"><span class=\"date\"><span class=\"number\">9<\/span><\/span><\/div><div data-date=\"2026-04-10\" class=\"bc-col prev-date\"><span class=\"date\"><span class=\"number\">10<\/span><\/span><\/div><div data-date=\"2026-04-11\" class=\"bc-col prev-date\"><span class=\"date\"><span class=\"number\">11<\/span><\/span><\/div><div data-date=\"2026-04-12\" class=\"bc-col prev-date\"><span class=\"date\"><span class=\"number\">12<\/span><\/span><\/div><\/div><div class=\"bc-row week\"><div data-date=\"2026-04-13\" class=\"bc-col prev-date\"><span class=\"date\"><span class=\"number\">13<\/span><\/span><\/div><div data-date=\"2026-04-14\" class=\"bc-col prev-date\"><span class=\"date\"><span class=\"number\">14<\/span><\/span><\/div><div data-date=\"2026-04-15\" class=\"bc-col prev-date\"><span class=\"date\"><span class=\"number\">15<\/span><\/span><\/div><div data-date=\"2026-04-16\" class=\"bc-col prev-date\"><span class=\"date\"><span class=\"number\">16<\/span><\/span><\/div><div data-date=\"2026-04-17\" class=\"bc-col today prev-date\"><span class=\"date\"><span class=\"number\">17<\/span><\/span><\/div><div data-date=\"2026-04-18\" class=\"bc-col \"><span class=\"date\"><span class=\"number\">18<\/span><\/span><\/div><div data-date=\"2026-04-19\" class=\"bc-col \"><span class=\"date\"><span class=\"number\">19<\/span><\/span><\/div><\/div><div class=\"bc-row week\"><div data-date=\"2026-04-20\" class=\"bc-col \"><span class=\"date\"><span class=\"number\">20<\/span><\/span><\/div><div data-date=\"2026-04-21\" class=\"bc-col \"><span class=\"date\"><span class=\"number\">21<\/span><\/span><\/div><div data-date=\"2026-04-22\" class=\"bc-col \"><span class=\"date\"><span class=\"number\">22<\/span><\/span><\/div><div data-date=\"2026-04-23\" class=\"bc-col \"><span class=\"date\"><span class=\"number\">23<\/span><\/span><\/div><div data-date=\"2026-04-24\" class=\"bc-col \"><span class=\"date\"><span class=\"number\">24<\/span><\/span><\/div><div data-date=\"2026-04-25\" class=\"bc-col \"><span class=\"date\"><span class=\"number\">25<\/span><\/span><\/div><div data-date=\"2026-04-26\" class=\"bc-col \"><span class=\"date\"><span class=\"number\">26<\/span><\/span><\/div><\/div><div class=\"bc-row week\"><div data-date=\"2026-04-27\" class=\"bc-col \"><span class=\"date\"><span class=\"number\">27<\/span><\/span><\/div><div data-date=\"2026-04-28\" class=\"bc-col \"><span class=\"date\"><span class=\"number\">28<\/span><\/span><\/div><div data-date=\"2026-04-29\" class=\"bc-col \"><span class=\"date\"><span class=\"number\">29<\/span><\/span><\/div><div data-date=\"2026-04-30\" class=\"bc-col \"><span class=\"date\"><span class=\"number\">30<\/span><\/span><\/div><div data-date=\"2026-05-1\" class=\"bc-col next-month\"><span class=\"date\"><span class=\"number\">1<\/span><\/span><\/div><div data-date=\"2026-05-2\" class=\"bc-col next-month\"><span class=\"date\"><span class=\"number\">2<\/span><\/span><\/div><div data-date=\"2026-05-3\" class=\"bc-col next-month\"><span class=\"date\"><span class=\"number\">3<\/span><\/span><\/div><\/div>\t\t<\/div>\n\t<\/div><\/div><\/div><\/a><\/p>\n\n\t\t<\/div>\n\t<\/div>\n<\/div><\/div><\/div><\/div><div class=\"pearl-section wpb_row vc_inner pearl-section-fluid pearl-elm-section\"><div class=\"wpb_column vc_column_container vc_col-sm-12\"><div class=\"vc_column-inner\"><div class=\"wpb_wrapper\"><div class=\"wpb_gallery wpb_content_element vc_clearfix wpb_content_element  galerie wpb_animate_when_almost_visible wpb_fadeIn fadeIn\" ><div class=\"wpb_wrapper\"><div class=\"wpb_gallery_slides wpb_image_grid\" data-interval=\"3\"><ul class=\"wpb_image_grid_ul\"><li class=\"isotope-item\"><a class=\"\" href=\"https:\/\/le-doux-nid.com\/wp-content\/uploads\/2022\/06\/20220615_194912-01-1024x636.jpeg\" data-lightbox=\"lightbox[rel-3670-4095915147]\"><img loading=\"lazy\" decoding=\"async\" width=\"150\" height=\"150\" src=\"https:\/\/le-doux-nid.com\/wp-content\/uploads\/2022\/06\/20220615_194912-01-150x150.jpeg\" class=\"attachment-thumbnail\" alt=\"\" title=\"20220615_194912-01\" srcset=\"https:\/\/le-doux-nid.com\/wp-content\/uploads\/2022\/06\/20220615_194912-01-150x150.jpeg 150w, https:\/\/le-doux-nid.com\/wp-content\/uploads\/2022\/06\/20220615_194912-01-300x300.jpeg 300w, https:\/\/le-doux-nid.com\/wp-content\/uploads\/2022\/06\/20220615_194912-01-100x100.jpeg 100w\" sizes=\"auto, (max-width: 150px) 100vw, 150px\" \/><\/a><\/li><li class=\"isotope-item\"><a class=\"\" href=\"https:\/\/le-doux-nid.com\/wp-content\/uploads\/2022\/06\/20220615_194943-01-1024x562.jpeg\" data-lightbox=\"lightbox[rel-3670-4095915147]\"><img loading=\"lazy\" decoding=\"async\" width=\"150\" height=\"150\" src=\"https:\/\/le-doux-nid.com\/wp-content\/uploads\/2022\/06\/20220615_194943-01-150x150.jpeg\" class=\"attachment-thumbnail\" alt=\"\" title=\"20220615_194943-01\" srcset=\"https:\/\/le-doux-nid.com\/wp-content\/uploads\/2022\/06\/20220615_194943-01-150x150.jpeg 150w, https:\/\/le-doux-nid.com\/wp-content\/uploads\/2022\/06\/20220615_194943-01-300x300.jpeg 300w, https:\/\/le-doux-nid.com\/wp-content\/uploads\/2022\/06\/20220615_194943-01-100x100.jpeg 100w\" sizes=\"auto, (max-width: 150px) 100vw, 150px\" \/><\/a><\/li><li class=\"isotope-item\"><a class=\"\" href=\"https:\/\/le-doux-nid.com\/wp-content\/uploads\/2022\/06\/20220615_195017-01-1024x576.jpeg\" data-lightbox=\"lightbox[rel-3670-4095915147]\"><img loading=\"lazy\" decoding=\"async\" width=\"150\" height=\"150\" src=\"https:\/\/le-doux-nid.com\/wp-content\/uploads\/2022\/06\/20220615_195017-01-150x150.jpeg\" class=\"attachment-thumbnail\" alt=\"\" title=\"20220615_195017-01\" srcset=\"https:\/\/le-doux-nid.com\/wp-content\/uploads\/2022\/06\/20220615_195017-01-150x150.jpeg 150w, https:\/\/le-doux-nid.com\/wp-content\/uploads\/2022\/06\/20220615_195017-01-300x300.jpeg 300w, https:\/\/le-doux-nid.com\/wp-content\/uploads\/2022\/06\/20220615_195017-01-100x100.jpeg 100w\" sizes=\"auto, (max-width: 150px) 100vw, 150px\" \/><\/a><\/li><li class=\"isotope-item\"><a class=\"\" href=\"https:\/\/le-doux-nid.com\/wp-content\/uploads\/2022\/06\/20220615_195101-01-698x1024.jpeg\" data-lightbox=\"lightbox[rel-3670-4095915147]\"><img loading=\"lazy\" decoding=\"async\" width=\"150\" height=\"150\" src=\"https:\/\/le-doux-nid.com\/wp-content\/uploads\/2022\/06\/20220615_195101-01-150x150.jpeg\" class=\"attachment-thumbnail\" alt=\"\" title=\"20220615_195101-01\" srcset=\"https:\/\/le-doux-nid.com\/wp-content\/uploads\/2022\/06\/20220615_195101-01-150x150.jpeg 150w, https:\/\/le-doux-nid.com\/wp-content\/uploads\/2022\/06\/20220615_195101-01-300x300.jpeg 300w, https:\/\/le-doux-nid.com\/wp-content\/uploads\/2022\/06\/20220615_195101-01-100x100.jpeg 100w\" sizes=\"auto, (max-width: 150px) 100vw, 150px\" \/><\/a><\/li><li class=\"isotope-item\"><a class=\"\" href=\"https:\/\/le-doux-nid.com\/wp-content\/uploads\/2022\/06\/20220615_222148-01-1024x577.jpeg\" data-lightbox=\"lightbox[rel-3670-4095915147]\"><img loading=\"lazy\" decoding=\"async\" width=\"150\" height=\"150\" src=\"https:\/\/le-doux-nid.com\/wp-content\/uploads\/2022\/06\/20220615_222148-01-150x150.jpeg\" class=\"attachment-thumbnail\" alt=\"\" title=\"20220615_222148-01\" srcset=\"https:\/\/le-doux-nid.com\/wp-content\/uploads\/2022\/06\/20220615_222148-01-150x150.jpeg 150w, https:\/\/le-doux-nid.com\/wp-content\/uploads\/2022\/06\/20220615_222148-01-300x300.jpeg 300w, https:\/\/le-doux-nid.com\/wp-content\/uploads\/2022\/06\/20220615_222148-01-100x100.jpeg 100w\" sizes=\"auto, (max-width: 150px) 100vw, 150px\" \/><\/a><\/li><\/ul><\/div><\/div><\/div><\/div><\/div><\/div><\/div><\/div><\/div><\/div><div class=\"wpb_column vc_column_container vc_col-sm-12\"><div class=\"vc_column-inner\"><div class=\"wpb_wrapper\"><\/div><\/div><\/div><\/div><div class=\"pearl-section wpb_row pearl-section-fluid pearl-elm-section\"><div class=\"wpb_column vc_column_container vc_col-sm-12\"><div class=\"vc_column-inner\"><div class=\"wpb_wrapper\"><\/div><\/div><\/div><\/div><div class=\"pearl-section wpb_row pearl-section-fluid pearl-elm-section\"><div class=\"wpb_column vc_column_container vc_col-sm-12\"><div class=\"vc_column-inner\"><div class=\"wpb_wrapper\"><\/div><\/div><\/div><\/div><div class=\"pearl-section wpb_row pearl-section-fluid pearl-elm-section\"><div class=\"wpb_column vc_column_container vc_col-sm-12\"><div class=\"vc_column-inner\"><div class=\"wpb_wrapper\"><\/div><\/div><\/div><\/div>\n","protected":false},"excerpt":{"rendered":"Location de vans : Chambre insolite pour la nuit En corr\u00e9lation \u00e9troite avec ce d\u00e9sir de visiter notre petit village pittoresque. Les nuit\u00e9es insolites en van am\u00e9nag\u00e9 ont la c\u00f4te ! Retrouvez au Doux Nid, cette exp\u00e9rience in\u00e9dite. On reste dans un esprit r\u00e9cup' et minimaliste qui s'inscrit aussi en accord avec la tendance \u00e9co-responsable.....","protected":false},"author":3,"featured_media":0,"parent":3594,"menu_order":132,"comment_status":"closed","ping_status":"closed","template":"","meta":{"inline_featured_image":false,"_exactmetrics_skip_tracking":false,"_exactmetrics_sitenote_active":false,"_exactmetrics_sitenote_note":"","_exactmetrics_sitenote_category":0,"footnotes":""},"class_list":["post-3670","page","type-page","status-publish","hentry"],"_links":{"self":[{"href":"https:\/\/le-doux-nid.com\/en\/wp-json\/wp\/v2\/pages\/3670","targetHints":{"allow":["GET"]}}],"collection":[{"href":"https:\/\/le-doux-nid.com\/en\/wp-json\/wp\/v2\/pages"}],"about":[{"href":"https:\/\/le-doux-nid.com\/en\/wp-json\/wp\/v2\/types\/page"}],"author":[{"embeddable":true,"href":"https:\/\/le-doux-nid.com\/en\/wp-json\/wp\/v2\/users\/3"}],"replies":[{"embeddable":true,"href":"https:\/\/le-doux-nid.com\/en\/wp-json\/wp\/v2\/comments?post=3670"}],"version-history":[{"count":11,"href":"https:\/\/le-doux-nid.com\/en\/wp-json\/wp\/v2\/pages\/3670\/revisions"}],"predecessor-version":[{"id":74715,"href":"https:\/\/le-doux-nid.com\/en\/wp-json\/wp\/v2\/pages\/3670\/revisions\/74715"}],"up":[{"embeddable":true,"href":"https:\/\/le-doux-nid.com\/en\/wp-json\/wp\/v2\/pages\/3594"}],"wp:attachment":[{"href":"https:\/\/le-doux-nid.com\/en\/wp-json\/wp\/v2\/media?parent=3670"}],"curies":[{"name":"wp","href":"https:\/\/api.w.org\/{rel}","templated":true}]}}