{"id":3673,"date":"2022-09-20T16:21:14","date_gmt":"2022-09-20T14:21:14","guid":{"rendered":"https:\/\/le-doux-nid.com\/?page_id=3673"},"modified":"2023-07-03T10:36:39","modified_gmt":"2023-07-03T08:36:39","slug":"location-de-van-standard","status":"publish","type":"page","link":"https:\/\/le-doux-nid.com\/en\/loc-van\/rent-a-van-standard\/","title":{"rendered":"Location de van : choisissez la dur\u00e9e, on s&rsquo;occupe du reste"},"content":{"rendered":"<div class=\"pearl-section wpb_row pearl-section-fluid pearl-elm-section\"><div class=\"wpb_column vc_column_container vc_col-sm-12\"><div class=\"vc_column-inner\"><div class=\"wpb_wrapper\">\n\t<div class=\"wpb_text_column wpb_content_element\" >\n\t\t<div class=\"wpb_wrapper\">\n\t\t\t<h1 style=\"text-align: center;\">Location de vans : choisissez la dur\u00e9e, on s&rsquo;occupe du reste<\/h1>\n\n\t\t<\/div>\n\t<\/div>\n<\/div><\/div><\/div><\/div><div class=\"pearl-section wpb_row pearl-section-fluid pearl-elm-section\"><div class=\"lettrine wpb_column vc_column_container vc_col-sm-12\"><div class=\"vc_column-inner\"><div class=\"wpb_wrapper\">\n\t<div class=\"wpb_text_column wpb_content_element\" >\n\t\t<div class=\"wpb_wrapper\">\n\t\t\t<p>Notre van am\u00e9nag\u00e9 comprend tout le confort n\u00e9cessaire \u00e0 un s\u00e9jour agr\u00e9able et sans encombre.<\/p>\n<p>Il\u00a0permet d&rsquo;\u00eatre \u00e0 l&rsquo;aise aussi bien en mode conduite qu&rsquo;en mode cuisine et en mode nuit.<br \/>\nTout est adapt\u00e9 pour vous donner l&rsquo;impression de vivre une aventure dans une vraie maison \u00e0 4 roues !<\/p>\n<p>Conduisez en toute libert\u00e9 sur la route du bonheur pour explorer les alentours et les paysages savoyards.<br \/>\nVous pouvez \u00e9galement longer le Rh\u00f4ne et vous rendre l\u00e0 o\u00f9 vous le d\u00e9sirez.<\/p>\n<p>Une nouvelle fa\u00e7on de s&rsquo;\u00e9vader sans fronti\u00e8re et de profiter de votre s\u00e9jour au rythme de vos envies : on ne d\u00e9pend\u00a0plus des horaires et des itin\u00e9raires<\/p>\n\n\t\t<\/div>\n\t<\/div>\n<div class=\"vc_empty_space\"   style=\"height: 40px\"><span class=\"vc_empty_space_inner\"><\/span><\/div><div class=\"pearl-section wpb_row vc_inner pearl-section-fluid pearl-elm-section\"><div class=\"wpb_column vc_column_container vc_col-sm-12\"><div class=\"vc_column-inner\"><div class=\"wpb_wrapper\">\n\t<div class=\"wpb_text_column wpb_content_element\" >\n\t\t<div class=\"wpb_wrapper\">\n\t\t\t<h2 style=\"text-align: center;\">Tarifs par jour<\/h2>\n<h4 style=\"text-align: center;\"><strong>(Location minimum 2 nuits)<\/strong><\/h4>\n<p style=\"text-align: center;\">de <strong>149\u20ac<\/strong> \u00e0 <strong>179\u20ac<\/strong> la nuit<\/p>\n<p style=\"text-align: center;\">Check in : <strong>17h<\/strong> Check out : <strong>11h<\/strong><\/p>\n<p>&nbsp;<\/p>\n<h2 style=\"text-align: center;\">Tarifs \u00e0 la semaine<\/h2>\n<p style=\"text-align: center;\">de <strong>975\u20ac<\/strong> \u00e0 <strong>1180\u20ac<\/strong> la semaine<\/p>\n<p style=\"text-align: center;\">Check in : <strong>17h<\/strong> Check out : <strong>11h<\/strong><\/p>\n<p>&nbsp;<\/p>\n<p style=\"text-align: center;\"><strong>1 bouteille de vin ou de p\u00e9tillant offerte !<\/strong><\/p>\n<p style=\"text-align: center;\">Possibilit\u00e9 de rendre le van apr\u00e8s 11h pour un suppl\u00e9ment de <strong>30\u20ac<\/strong><\/p>\n\n\t\t<\/div>\n\t<\/div>\n<div class=\"vc_empty_space\"   style=\"height: 32px\"><span class=\"vc_empty_space_inner\"><\/span><\/div>\n\t<div class=\"wpb_text_column wpb_content_element texte\" >\n\t\t<div class=\"wpb_wrapper\">\n\t\t\t<p style=\"text-align: center;\"><a href=\"https:\/\/calendly.com\/doux-nid\/location-de-van\"><div class=\"booked-calendar-shortcode-wrap\"><div class=\"booked-calendar-wrap large\"><div class=\"booked-calendar\" data-calendar-id=\"80\" data-calendar-date=\"2026-04-01\">\n\t\t<div class=\"bc-head\">\n\n\t\t\t\n\t\t\t<div class=\"bc-row top\">\n\t\t\t\t<div class=\"bc-col\">\n\t\t\t\t\t\t\t\t\t\t<span class=\"calendarSavingState\">\n\t\t\t\t\t\t<i class=\"fa-solid fa-circle-notch fa-spin\"><\/i>\n\t\t\t\t\t<\/span>\n\t\t\t\t\t<span class=\"monthName\">\n\t\t\t\t\t\tApril 2026\t\t\t\t\t\t\t\t\t\t\t<\/span>\n\t\t\t\t\t<a href=\"#\" data-goto=\"2026-05-01\" class=\"page-right\"><i class=\"fa-solid fa-arrow-right\"><\/i><\/a>\t\t\t\t<\/div>\n\t\t\t<\/div>\n\t\t\t<div class=\"bc-row days\">\n\t\t\t\t\t\t\t\t<div class=\"bc-col\">Mon<\/div>\n\t\t\t\t<div class=\"bc-col\">Tue<\/div>\n\t\t\t\t<div class=\"bc-col\">Wed<\/div>\n\t\t\t\t<div class=\"bc-col\">Thu<\/div>\n\t\t\t\t<div class=\"bc-col\">Fri<\/div>\n\t\t\t\t<div class=\"bc-col\">Sat<\/div>\t\t\t\t<div class=\"bc-col\">Sun<\/div>\t\t\t<\/div>\n\t\t<\/div>\n\t\t<div class=\"bc-body\"><div class=\"bc-row week\"><div data-date=\"2026-03-30\" class=\"bc-col prev-month prev-date\"><span class=\"date\"><span class=\"number\">30<\/span><\/span><\/div><div data-date=\"2026-03-31\" class=\"bc-col prev-month prev-date\"><span class=\"date\"><span class=\"number\">31<\/span><\/span><\/div><div data-date=\"2026-04-1\" class=\"bc-col prev-date\"><span class=\"date\"><span class=\"number\">1<\/span><\/span><\/div><div data-date=\"2026-04-2\" class=\"bc-col prev-date\"><span class=\"date\"><span class=\"number\">2<\/span><\/span><\/div><div data-date=\"2026-04-3\" class=\"bc-col prev-date\"><span class=\"date\"><span class=\"number\">3<\/span><\/span><\/div><div data-date=\"2026-04-4\" class=\"bc-col prev-date\"><span class=\"date\"><span class=\"number\">4<\/span><\/span><\/div><div data-date=\"2026-04-5\" class=\"bc-col prev-date\"><span class=\"date\"><span class=\"number\">5<\/span><\/span><\/div><\/div><div class=\"bc-row week\"><div data-date=\"2026-04-6\" class=\"bc-col prev-date\"><span class=\"date\"><span class=\"number\">6<\/span><\/span><\/div><div data-date=\"2026-04-7\" class=\"bc-col prev-date\"><span class=\"date\"><span class=\"number\">7<\/span><\/span><\/div><div data-date=\"2026-04-8\" class=\"bc-col prev-date\"><span class=\"date\"><span class=\"number\">8<\/span><\/span><\/div><div data-date=\"2026-04-9\" class=\"bc-col prev-date\"><span class=\"date\"><span class=\"number\">9<\/span><\/span><\/div><div data-date=\"2026-04-10\" class=\"bc-col prev-date\"><span class=\"date\"><span class=\"number\">10<\/span><\/span><\/div><div data-date=\"2026-04-11\" class=\"bc-col prev-date\"><span class=\"date\"><span class=\"number\">11<\/span><\/span><\/div><div data-date=\"2026-04-12\" class=\"bc-col prev-date\"><span class=\"date\"><span class=\"number\">12<\/span><\/span><\/div><\/div><div class=\"bc-row week\"><div data-date=\"2026-04-13\" class=\"bc-col prev-date\"><span class=\"date\"><span class=\"number\">13<\/span><\/span><\/div><div data-date=\"2026-04-14\" class=\"bc-col prev-date\"><span class=\"date\"><span class=\"number\">14<\/span><\/span><\/div><div data-date=\"2026-04-15\" class=\"bc-col prev-date\"><span class=\"date\"><span class=\"number\">15<\/span><\/span><\/div><div data-date=\"2026-04-16\" class=\"bc-col prev-date\"><span class=\"date\"><span class=\"number\">16<\/span><\/span><\/div><div data-date=\"2026-04-17\" class=\"bc-col today prev-date\"><span class=\"date\"><span class=\"number\">17<\/span><\/span><\/div><div data-date=\"2026-04-18\" class=\"bc-col \"><span class=\"date\"><span class=\"number\">18<\/span><\/span><\/div><div data-date=\"2026-04-19\" class=\"bc-col \"><span class=\"date\"><span class=\"number\">19<\/span><\/span><\/div><\/div><div class=\"bc-row week\"><div data-date=\"2026-04-20\" class=\"bc-col \"><span class=\"date\"><span class=\"number\">20<\/span><\/span><\/div><div data-date=\"2026-04-21\" class=\"bc-col \"><span class=\"date\"><span class=\"number\">21<\/span><\/span><\/div><div data-date=\"2026-04-22\" class=\"bc-col \"><span class=\"date\"><span class=\"number\">22<\/span><\/span><\/div><div data-date=\"2026-04-23\" class=\"bc-col \"><span class=\"date\"><span class=\"number\">23<\/span><\/span><\/div><div data-date=\"2026-04-24\" class=\"bc-col \"><span class=\"date\"><span class=\"number\">24<\/span><\/span><\/div><div data-date=\"2026-04-25\" class=\"bc-col \"><span class=\"date\"><span class=\"number\">25<\/span><\/span><\/div><div data-date=\"2026-04-26\" class=\"bc-col \"><span class=\"date\"><span class=\"number\">26<\/span><\/span><\/div><\/div><div class=\"bc-row week\"><div data-date=\"2026-04-27\" class=\"bc-col \"><span class=\"date\"><span class=\"number\">27<\/span><\/span><\/div><div data-date=\"2026-04-28\" class=\"bc-col \"><span class=\"date\"><span class=\"number\">28<\/span><\/span><\/div><div data-date=\"2026-04-29\" class=\"bc-col \"><span class=\"date\"><span class=\"number\">29<\/span><\/span><\/div><div data-date=\"2026-04-30\" class=\"bc-col \"><span class=\"date\"><span class=\"number\">30<\/span><\/span><\/div><div data-date=\"2026-05-1\" class=\"bc-col next-month\"><span class=\"date\"><span class=\"number\">1<\/span><\/span><\/div><div data-date=\"2026-05-2\" class=\"bc-col next-month\"><span class=\"date\"><span class=\"number\">2<\/span><\/span><\/div><div data-date=\"2026-05-3\" class=\"bc-col next-month\"><span class=\"date\"><span class=\"number\">3<\/span><\/span><\/div><\/div>\t\t<\/div>\n\t<\/div><\/div><\/div><\/a><\/p>\n\n\t\t<\/div>\n\t<\/div>\n<\/div><\/div><\/div><\/div><div class=\"pearl-section wpb_row vc_inner pearl-section-fluid pearl-elm-section\"><div class=\"wpb_column vc_column_container vc_col-sm-12\"><div class=\"vc_column-inner\"><div class=\"wpb_wrapper\"><div class=\"wpb_gallery wpb_content_element vc_clearfix wpb_content_element  galerie wpb_animate_when_almost_visible wpb_fadeIn fadeIn\" ><div class=\"wpb_wrapper\"><div class=\"wpb_gallery_slides wpb_image_grid\" data-interval=\"3\"><ul class=\"wpb_image_grid_ul\"><li class=\"isotope-item\"><a class=\"\" href=\"https:\/\/le-doux-nid.com\/wp-content\/uploads\/2022\/06\/20220615_194912-01-1024x636.jpeg\" data-lightbox=\"lightbox[rel-3673-1097123297]\"><img loading=\"lazy\" decoding=\"async\" width=\"150\" height=\"150\" src=\"https:\/\/le-doux-nid.com\/wp-content\/uploads\/2022\/06\/20220615_194912-01-150x150.jpeg\" class=\"attachment-thumbnail\" alt=\"\" title=\"20220615_194912-01\" srcset=\"https:\/\/le-doux-nid.com\/wp-content\/uploads\/2022\/06\/20220615_194912-01-150x150.jpeg 150w, https:\/\/le-doux-nid.com\/wp-content\/uploads\/2022\/06\/20220615_194912-01-300x300.jpeg 300w, https:\/\/le-doux-nid.com\/wp-content\/uploads\/2022\/06\/20220615_194912-01-100x100.jpeg 100w\" sizes=\"auto, (max-width: 150px) 100vw, 150px\" \/><\/a><\/li><li class=\"isotope-item\"><a class=\"\" href=\"https:\/\/le-doux-nid.com\/wp-content\/uploads\/2022\/06\/20220615_194943-01-1024x562.jpeg\" data-lightbox=\"lightbox[rel-3673-1097123297]\"><img loading=\"lazy\" decoding=\"async\" width=\"150\" height=\"150\" src=\"https:\/\/le-doux-nid.com\/wp-content\/uploads\/2022\/06\/20220615_194943-01-150x150.jpeg\" class=\"attachment-thumbnail\" alt=\"\" title=\"20220615_194943-01\" srcset=\"https:\/\/le-doux-nid.com\/wp-content\/uploads\/2022\/06\/20220615_194943-01-150x150.jpeg 150w, https:\/\/le-doux-nid.com\/wp-content\/uploads\/2022\/06\/20220615_194943-01-300x300.jpeg 300w, https:\/\/le-doux-nid.com\/wp-content\/uploads\/2022\/06\/20220615_194943-01-100x100.jpeg 100w\" sizes=\"auto, (max-width: 150px) 100vw, 150px\" \/><\/a><\/li><li class=\"isotope-item\"><a class=\"\" href=\"https:\/\/le-doux-nid.com\/wp-content\/uploads\/2022\/06\/20220615_195017-01-1024x576.jpeg\" data-lightbox=\"lightbox[rel-3673-1097123297]\"><img loading=\"lazy\" decoding=\"async\" width=\"150\" height=\"150\" src=\"https:\/\/le-doux-nid.com\/wp-content\/uploads\/2022\/06\/20220615_195017-01-150x150.jpeg\" class=\"attachment-thumbnail\" alt=\"\" title=\"20220615_195017-01\" srcset=\"https:\/\/le-doux-nid.com\/wp-content\/uploads\/2022\/06\/20220615_195017-01-150x150.jpeg 150w, https:\/\/le-doux-nid.com\/wp-content\/uploads\/2022\/06\/20220615_195017-01-300x300.jpeg 300w, https:\/\/le-doux-nid.com\/wp-content\/uploads\/2022\/06\/20220615_195017-01-100x100.jpeg 100w\" sizes=\"auto, (max-width: 150px) 100vw, 150px\" \/><\/a><\/li><li class=\"isotope-item\"><a class=\"\" href=\"https:\/\/le-doux-nid.com\/wp-content\/uploads\/2022\/06\/20220615_195101-01-698x1024.jpeg\" data-lightbox=\"lightbox[rel-3673-1097123297]\"><img loading=\"lazy\" decoding=\"async\" width=\"150\" height=\"150\" src=\"https:\/\/le-doux-nid.com\/wp-content\/uploads\/2022\/06\/20220615_195101-01-150x150.jpeg\" class=\"attachment-thumbnail\" alt=\"\" title=\"20220615_195101-01\" srcset=\"https:\/\/le-doux-nid.com\/wp-content\/uploads\/2022\/06\/20220615_195101-01-150x150.jpeg 150w, https:\/\/le-doux-nid.com\/wp-content\/uploads\/2022\/06\/20220615_195101-01-300x300.jpeg 300w, https:\/\/le-doux-nid.com\/wp-content\/uploads\/2022\/06\/20220615_195101-01-100x100.jpeg 100w\" sizes=\"auto, (max-width: 150px) 100vw, 150px\" \/><\/a><\/li><li class=\"isotope-item\"><a class=\"\" href=\"https:\/\/le-doux-nid.com\/wp-content\/uploads\/2022\/06\/20220615_222148-01-1024x577.jpeg\" data-lightbox=\"lightbox[rel-3673-1097123297]\"><img loading=\"lazy\" decoding=\"async\" width=\"150\" height=\"150\" src=\"https:\/\/le-doux-nid.com\/wp-content\/uploads\/2022\/06\/20220615_222148-01-150x150.jpeg\" class=\"attachment-thumbnail\" alt=\"\" title=\"20220615_222148-01\" srcset=\"https:\/\/le-doux-nid.com\/wp-content\/uploads\/2022\/06\/20220615_222148-01-150x150.jpeg 150w, https:\/\/le-doux-nid.com\/wp-content\/uploads\/2022\/06\/20220615_222148-01-300x300.jpeg 300w, https:\/\/le-doux-nid.com\/wp-content\/uploads\/2022\/06\/20220615_222148-01-100x100.jpeg 100w\" sizes=\"auto, (max-width: 150px) 100vw, 150px\" \/><\/a><\/li><\/ul><\/div><\/div><\/div><\/div><\/div><\/div><\/div><\/div><\/div><\/div><div class=\"wpb_column vc_column_container vc_col-sm-12\"><div class=\"vc_column-inner\"><div class=\"wpb_wrapper\"><\/div><\/div><\/div><\/div><div class=\"pearl-section wpb_row pearl-section-fluid pearl-elm-section\"><div class=\"wpb_column vc_column_container vc_col-sm-12\"><div class=\"vc_column-inner\"><div class=\"wpb_wrapper\"><\/div><\/div><\/div><\/div><div class=\"pearl-section wpb_row pearl-section-fluid pearl-elm-section\"><div class=\"wpb_column vc_column_container vc_col-sm-12\"><div class=\"vc_column-inner\"><div class=\"wpb_wrapper\"><\/div><\/div><\/div><\/div><div class=\"pearl-section wpb_row pearl-section-fluid pearl-elm-section\"><div class=\"wpb_column vc_column_container vc_col-sm-12\"><div class=\"vc_column-inner\"><div class=\"wpb_wrapper\"><\/div><\/div><\/div><\/div>\n","protected":false},"excerpt":{"rendered":"Location de vans : choisissez la dur\u00e9e, on s'occupe du reste Notre van am\u00e9nag\u00e9 comprend tout le confort n\u00e9cessaire \u00e0 un s\u00e9jour agr\u00e9able et sans encombre. Il\u00a0permet d'\u00eatre \u00e0 l'aise aussi bien en mode conduite qu'en mode cuisine et en mode nuit. Tout est adapt\u00e9 pour vous donner l'impression de vivre une aventure dans une....","protected":false},"author":3,"featured_media":7772,"parent":3594,"menu_order":131,"comment_status":"closed","ping_status":"closed","template":"","meta":{"inline_featured_image":false,"_exactmetrics_skip_tracking":false,"_exactmetrics_sitenote_active":false,"_exactmetrics_sitenote_note":"","_exactmetrics_sitenote_category":0,"footnotes":""},"class_list":["post-3673","page","type-page","status-publish","has-post-thumbnail","hentry"],"_links":{"self":[{"href":"https:\/\/le-doux-nid.com\/en\/wp-json\/wp\/v2\/pages\/3673","targetHints":{"allow":["GET"]}}],"collection":[{"href":"https:\/\/le-doux-nid.com\/en\/wp-json\/wp\/v2\/pages"}],"about":[{"href":"https:\/\/le-doux-nid.com\/en\/wp-json\/wp\/v2\/types\/page"}],"author":[{"embeddable":true,"href":"https:\/\/le-doux-nid.com\/en\/wp-json\/wp\/v2\/users\/3"}],"replies":[{"embeddable":true,"href":"https:\/\/le-doux-nid.com\/en\/wp-json\/wp\/v2\/comments?post=3673"}],"version-history":[{"count":17,"href":"https:\/\/le-doux-nid.com\/en\/wp-json\/wp\/v2\/pages\/3673\/revisions"}],"predecessor-version":[{"id":4227,"href":"https:\/\/le-doux-nid.com\/en\/wp-json\/wp\/v2\/pages\/3673\/revisions\/4227"}],"up":[{"embeddable":true,"href":"https:\/\/le-doux-nid.com\/en\/wp-json\/wp\/v2\/pages\/3594"}],"wp:featuredmedia":[{"embeddable":true,"href":"https:\/\/le-doux-nid.com\/en\/wp-json\/wp\/v2\/media\/7772"}],"wp:attachment":[{"href":"https:\/\/le-doux-nid.com\/en\/wp-json\/wp\/v2\/media?parent=3673"}],"curies":[{"name":"wp","href":"https:\/\/api.w.org\/{rel}","templated":true}]}}