{"id":419,"date":"2017-02-15T21:02:26","date_gmt":"2017-02-15T20:02:26","guid":{"rendered":"https:\/\/le-doux-nid.com\/?page_id=419"},"modified":"2023-01-13T13:03:54","modified_gmt":"2023-01-13T12:03:54","slug":"chanaz","status":"publish","type":"page","link":"https:\/\/le-doux-nid.com\/en\/chanaz\/","title":{"rendered":"Chanaz"},"content":{"rendered":"<div class=\"pearl-section wpb_row pearl-section-fluid pearl-elm-section\"><div class=\"lettrine wpb_column vc_column_container vc_col-sm-12\"><div class=\"vc_column-inner\"><div class=\"wpb_wrapper\">\n\t<div class=\"wpb_text_column wpb_content_element\" >\n\t\t<div class=\"wpb_wrapper\">\n\t\t\t<h1 style=\"text-align: center;\"><strong>Le Canal de Savi\u00e8res\u00a0<\/strong><\/h1>\n\n\t\t<\/div>\n\t<\/div>\n<div class=\"pearl-section wpb_row vc_inner pearl-section-fluid pearl-elm-section\"><div class=\"wpb_column vc_column_container vc_col-sm-4\"><div class=\"vc_column-inner\"><div class=\"wpb_wrapper\"><div class=\"wpb_gallery wpb_content_element vc_clearfix wpb_content_element  galerie wpb_animate_when_almost_visible wpb_fadeIn fadeIn\" ><div class=\"wpb_wrapper\"><div class=\"wpb_gallery_slides wpb_image_grid\" data-interval=\"3\"><ul class=\"wpb_image_grid_ul\"><li class=\"isotope-item\"><a class=\"\" href=\"https:\/\/le-doux-nid.com\/wp-content\/uploads\/2023\/01\/IMG_20181122_095743_435-1024x752.jpg\" data-lightbox=\"lightbox[rel-419-806405830]\"><img loading=\"lazy\" decoding=\"async\" width=\"150\" height=\"150\" src=\"https:\/\/le-doux-nid.com\/wp-content\/uploads\/2023\/01\/IMG_20181122_095743_435-150x150.jpg\" class=\"attachment-thumbnail\" alt=\"\" title=\"IMG_20181122_095743_435\" srcset=\"https:\/\/le-doux-nid.com\/wp-content\/uploads\/2023\/01\/IMG_20181122_095743_435-150x150.jpg 150w, https:\/\/le-doux-nid.com\/wp-content\/uploads\/2023\/01\/IMG_20181122_095743_435-300x300.jpg 300w, https:\/\/le-doux-nid.com\/wp-content\/uploads\/2023\/01\/IMG_20181122_095743_435-100x100.jpg 100w\" sizes=\"auto, (max-width: 150px) 100vw, 150px\" \/><\/a><\/li><li class=\"isotope-item\"><a class=\"\" href=\"https:\/\/le-doux-nid.com\/wp-content\/uploads\/2023\/01\/IMG_20190327_161130_114-819x1024.jpg\" data-lightbox=\"lightbox[rel-419-806405830]\"><img loading=\"lazy\" decoding=\"async\" width=\"150\" height=\"150\" src=\"https:\/\/le-doux-nid.com\/wp-content\/uploads\/2023\/01\/IMG_20190327_161130_114-150x150.jpg\" class=\"attachment-thumbnail\" alt=\"\" title=\"IMG_20190327_161130_114\" srcset=\"https:\/\/le-doux-nid.com\/wp-content\/uploads\/2023\/01\/IMG_20190327_161130_114-150x150.jpg 150w, https:\/\/le-doux-nid.com\/wp-content\/uploads\/2023\/01\/IMG_20190327_161130_114-300x300.jpg 300w, https:\/\/le-doux-nid.com\/wp-content\/uploads\/2023\/01\/IMG_20190327_161130_114-100x100.jpg 100w\" sizes=\"auto, (max-width: 150px) 100vw, 150px\" \/><\/a><\/li><li class=\"isotope-item\"><a class=\"\" href=\"https:\/\/le-doux-nid.com\/wp-content\/uploads\/2023\/01\/IMG_20200509_113907_821-819x1024.jpg\" data-lightbox=\"lightbox[rel-419-806405830]\"><img loading=\"lazy\" decoding=\"async\" width=\"150\" height=\"150\" src=\"https:\/\/le-doux-nid.com\/wp-content\/uploads\/2023\/01\/IMG_20200509_113907_821-150x150.jpg\" class=\"attachment-thumbnail\" alt=\"\" title=\"IMG_20200509_113907_821\" srcset=\"https:\/\/le-doux-nid.com\/wp-content\/uploads\/2023\/01\/IMG_20200509_113907_821-150x150.jpg 150w, https:\/\/le-doux-nid.com\/wp-content\/uploads\/2023\/01\/IMG_20200509_113907_821-300x300.jpg 300w, https:\/\/le-doux-nid.com\/wp-content\/uploads\/2023\/01\/IMG_20200509_113907_821-100x100.jpg 100w\" sizes=\"auto, (max-width: 150px) 100vw, 150px\" \/><\/a><\/li><li class=\"isotope-item\"><a class=\"\" href=\"https:\/\/le-doux-nid.com\/wp-content\/uploads\/2023\/01\/20210804_201940-02-1024x461.jpeg\" data-lightbox=\"lightbox[rel-419-806405830]\"><img loading=\"lazy\" decoding=\"async\" width=\"150\" height=\"150\" src=\"https:\/\/le-doux-nid.com\/wp-content\/uploads\/2023\/01\/20210804_201940-02-150x150.jpeg\" class=\"attachment-thumbnail\" alt=\"\" title=\"20210804_201940-02\" srcset=\"https:\/\/le-doux-nid.com\/wp-content\/uploads\/2023\/01\/20210804_201940-02-150x150.jpeg 150w, https:\/\/le-doux-nid.com\/wp-content\/uploads\/2023\/01\/20210804_201940-02-300x300.jpeg 300w, https:\/\/le-doux-nid.com\/wp-content\/uploads\/2023\/01\/20210804_201940-02-100x100.jpeg 100w\" sizes=\"auto, (max-width: 150px) 100vw, 150px\" \/><\/a><\/li><li class=\"isotope-item\"><a class=\"\" href=\"https:\/\/le-doux-nid.com\/wp-content\/uploads\/2023\/01\/IMG_20181106_170831_259-1024x613.jpg\" data-lightbox=\"lightbox[rel-419-806405830]\"><img loading=\"lazy\" decoding=\"async\" width=\"150\" height=\"150\" src=\"https:\/\/le-doux-nid.com\/wp-content\/uploads\/2023\/01\/IMG_20181106_170831_259-150x150.jpg\" class=\"attachment-thumbnail\" alt=\"\" title=\"IMG_20181106_170831_259\" srcset=\"https:\/\/le-doux-nid.com\/wp-content\/uploads\/2023\/01\/IMG_20181106_170831_259-150x150.jpg 150w, https:\/\/le-doux-nid.com\/wp-content\/uploads\/2023\/01\/IMG_20181106_170831_259-300x300.jpg 300w, https:\/\/le-doux-nid.com\/wp-content\/uploads\/2023\/01\/IMG_20181106_170831_259-100x100.jpg 100w\" sizes=\"auto, (max-width: 150px) 100vw, 150px\" \/><\/a><\/li><li class=\"isotope-item\"><a class=\"\" href=\"https:\/\/le-doux-nid.com\/wp-content\/uploads\/2023\/01\/IMG_20200504_105204_005-819x1024.jpg\" data-lightbox=\"lightbox[rel-419-806405830]\"><img loading=\"lazy\" decoding=\"async\" width=\"150\" height=\"150\" src=\"https:\/\/le-doux-nid.com\/wp-content\/uploads\/2023\/01\/IMG_20200504_105204_005-150x150.jpg\" class=\"attachment-thumbnail\" alt=\"\" title=\"IMG_20200504_105204_005\" srcset=\"https:\/\/le-doux-nid.com\/wp-content\/uploads\/2023\/01\/IMG_20200504_105204_005-150x150.jpg 150w, https:\/\/le-doux-nid.com\/wp-content\/uploads\/2023\/01\/IMG_20200504_105204_005-300x300.jpg 300w, https:\/\/le-doux-nid.com\/wp-content\/uploads\/2023\/01\/IMG_20200504_105204_005-100x100.jpg 100w\" sizes=\"auto, (max-width: 150px) 100vw, 150px\" \/><\/a><\/li><\/ul><\/div><\/div><\/div><\/div><\/div><\/div><div class=\"wpb_column vc_column_container vc_col-sm-8\"><div class=\"vc_column-inner\"><div class=\"wpb_wrapper\">\n\t<div class=\"wpb_text_column wpb_content_element texte\" >\n\t\t<div class=\"wpb_wrapper\">\n\t\t\t<p><strong>Long de quatre kilom\u00e8tres, le canal sert de r\u00e9servoir naturel aux eaux du Lac du Bourget vers le Rh\u00f4ne et inversement lorsque le fleuve est en crue. Il fut au cours des temps agrandi, rectifi\u00e9, cur\u00e9 pour faciliter la navigation marchande et passag\u00e8re, car il \u00e9tait jusqu&rsquo;au si\u00e8cle dernier, une importante route commerciale.\u00a0<\/strong><\/p>\n\n\t\t<\/div>\n\t<\/div>\n<\/div><\/div><\/div><div class=\"wpb_column vc_column_container vc_col-sm-4\"><div class=\"vc_column-inner\"><div class=\"wpb_wrapper\">\n\t<div class=\"wpb_text_column wpb_content_element text\" >\n\t\t<div class=\"wpb_wrapper\">\n\t\t\t<p>Ce fut gr\u00e2ce au canal que de grands personnages tels que Jules C\u00e9sar, le pape Innocent IV, Alexandre de M\u00e9dicis, Charles Emmanuel Ier, le comte de Provence, le futur roi Louis XVIII, Victor Am\u00e9d\u00e9e III et Napol\u00e9on III, purent se rendre de Savoie en France. De tr\u00e8s nombreuses marchandises, venues d&rsquo;Orient, \u00e9taient charg\u00e9es au Bourget sur des barques qui passaient \u00e0 Chanaz, remontaient le Rh\u00f4ne jusqu&rsquo;\u00e0 Seyssel o\u00f9 des chars les attendaient pour \u00eatre transport\u00e9es \u00e0 Gen\u00e8ve. Ces barques \u00e9taient charg\u00e9es de sel, de draps, d&rsquo;objets de mercerie et d&rsquo;autres effets, et devaient s&rsquo;acquitter d&rsquo;un droit de p\u00e9age \u00e0 l&rsquo;entr\u00e9e du canal.<\/p>\n\n\t\t<\/div>\n\t<\/div>\n<\/div><\/div><\/div><div class=\"wpb_column vc_column_container vc_col-sm-4\"><div class=\"vc_column-inner\"><div class=\"wpb_wrapper\">\n\t<div class=\"wpb_text_column wpb_content_element text\" >\n\t\t<div class=\"wpb_wrapper\">\n\t\t\t<p>Le 17 ao\u00fbt 1838, un bateau \u00e0 vapeur de Lyon franchit pour la premi\u00e8re fois les passes \u00e9troites du Canal de Savi\u00e8res. Ce fut un progr\u00e8s \u00e9norme pour la rapidit\u00e9 des communications. Dans les ann\u00e9es suivantes, de nouvelles compagnies de navigations s&rsquo;implant\u00e8rent dans la r\u00e9gion. Ce fut ainsi qu&rsquo;en 1855, quatre bateaux \u00e0 vapeur assuraient quotidiennement le service de transport des voyageurs et des marchandises d&rsquo;Aix-en-Savoie \u00e0 Lyon, en desservant tout le littoral.<\/p>\n\n\t\t<\/div>\n\t<\/div>\n<\/div><\/div><\/div><\/div>\n\t<div class=\"wpb_text_column wpb_content_element text\" >\n\t\t<div class=\"wpb_wrapper\">\n\t\t\t<p>Chanaz est ainsi t\u00eate de navigation sur le Rh\u00f4ne et sur le Canal depuis le Moyen-Age. Son activit\u00e9 est attest\u00e9e par les Comptes P\u00e9riodiques de Revenus depuis 1926. Aujourd&rsquo;hui le Canal de Savi\u00e8res est un site privil\u00e9gi\u00e9 par son cadre, sa faune et sa flore, et un grand nombre de visiteurs remontent son cours pour rejoindre le Lac ou Rh\u00f4ne.<\/p>\n\n\t\t<\/div>\n\t<\/div>\n<\/div><\/div><\/div><\/div><div class=\"pearl-section wpb_row pearl-section-fluid pearl-elm-section\"><div class=\"wpb_column vc_column_container vc_col-sm-12\"><div class=\"vc_column-inner\"><div class=\"wpb_wrapper\"><\/div><\/div><\/div><\/div>\n","protected":false},"excerpt":{"rendered":"Le Canal de Savi\u00e8res\u00a0 Long de quatre kilom\u00e8tres, le canal sert de r\u00e9servoir naturel aux eaux du Lac du Bourget vers le Rh\u00f4ne et inversement lorsque le fleuve est en crue. Il fut au cours des temps agrandi, rectifi\u00e9, cur\u00e9 pour faciliter la navigation marchande et passag\u00e8re, car il \u00e9tait jusqu'au si\u00e8cle dernier, une importante....","protected":false},"author":1,"featured_media":0,"parent":0,"menu_order":12,"comment_status":"closed","ping_status":"closed","template":"","meta":{"inline_featured_image":false,"_exactmetrics_skip_tracking":false,"_exactmetrics_sitenote_active":false,"_exactmetrics_sitenote_note":"","_exactmetrics_sitenote_category":0,"footnotes":""},"class_list":["post-419","page","type-page","status-publish","hentry"],"_links":{"self":[{"href":"https:\/\/le-doux-nid.com\/en\/wp-json\/wp\/v2\/pages\/419","targetHints":{"allow":["GET"]}}],"collection":[{"href":"https:\/\/le-doux-nid.com\/en\/wp-json\/wp\/v2\/pages"}],"about":[{"href":"https:\/\/le-doux-nid.com\/en\/wp-json\/wp\/v2\/types\/page"}],"author":[{"embeddable":true,"href":"https:\/\/le-doux-nid.com\/en\/wp-json\/wp\/v2\/users\/1"}],"replies":[{"embeddable":true,"href":"https:\/\/le-doux-nid.com\/en\/wp-json\/wp\/v2\/comments?post=419"}],"version-history":[{"count":31,"href":"https:\/\/le-doux-nid.com\/en\/wp-json\/wp\/v2\/pages\/419\/revisions"}],"predecessor-version":[{"id":4030,"href":"https:\/\/le-doux-nid.com\/en\/wp-json\/wp\/v2\/pages\/419\/revisions\/4030"}],"wp:attachment":[{"href":"https:\/\/le-doux-nid.com\/en\/wp-json\/wp\/v2\/media?parent=419"}],"curies":[{"name":"wp","href":"https:\/\/api.w.org\/{rel}","templated":true}]}}