{"id":449,"date":"2017-02-15T22:07:27","date_gmt":"2017-02-15T21:07:27","guid":{"rendered":"https:\/\/le-doux-nid.com\/?page_id=449"},"modified":"2022-10-20T13:56:48","modified_gmt":"2022-10-20T11:56:48","slug":"histoire","status":"publish","type":"page","link":"https:\/\/le-doux-nid.com\/en\/chanaz\/history\/","title":{"rendered":"A little history"},"content":{"rendered":"<div class=\"pearl-section wpb_row pearl-section-fluid pearl-elm-section\"><div class=\"wpb_column vc_column_container vc_col-sm-12\"><div class=\"vc_column-inner\"><div class=\"wpb_wrapper\">\n\t<div class=\"wpb_text_column wpb_content_element\" >\n\t\t<div class=\"wpb_wrapper\">\n\t\t\t<h1 style=\"text-align: center;\">The History of Chanaz<\/h1>\n\n\t\t<\/div>\n\t<\/div>\n<\/div><\/div><\/div><\/div><div class=\"pearl-section wpb_row pearl-section-fluid pearl-elm-section\"><div class=\"lettrine wpb_column vc_column_container vc_col-sm-12\"><div class=\"vc_column-inner\"><div class=\"wpb_wrapper\"><div class=\"pearl-section wpb_row vc_inner pearl-section-fluid pearl-elm-section\"><div class=\"wpb_column vc_column_container vc_col-sm-12\"><div class=\"vc_column-inner\"><div class=\"wpb_wrapper\">\n\t<div class=\"wpb_text_column wpb_content_element texte\" >\n\t\t<div class=\"wpb_wrapper\">\n\t\t\t<p>L&rsquo;importance historique de Chanaz est due \u00e0 sa situation de passage entre la Savoie et la France,\u00a0par le canal de Savi\u00e8res. Cet exutoire naturel du lac du Bourget vers le Rh\u00f4ne a \u00e9t\u00e9 recreus\u00e9 d\u00e8s\u00a0l&rsquo;\u00e9poque romaine pour devenir navigable. Aujourd&rsquo;hui, la r\u00e9gulation du niveau du lac est assur\u00e9e\u00a0par un barrage. Une \u00e9cluse, r\u00e9alis\u00e9e en 1982, permet aux bateaux de passer du canal au Rh\u00f4ne.<\/p>\n\n\t\t<\/div>\n\t<\/div>\n<div class=\"wpb_gallery wpb_content_element vc_clearfix wpb_content_element  galerie wpb_animate_when_almost_visible wpb_fadeIn fadeIn\" ><div class=\"wpb_wrapper\"><div class=\"wpb_gallery_slides wpb_image_grid\" data-interval=\"3\"><ul class=\"wpb_image_grid_ul\"><li class=\"isotope-item\"><img loading=\"lazy\" decoding=\"async\" width=\"300\" height=\"198\" src=\"https:\/\/le-doux-nid.com\/wp-content\/uploads\/2022\/10\/chanaz-avant-2-300x198.jpg\" class=\"attachment-medium\" alt=\"\" title=\"chanaz before (2)\" srcset=\"https:\/\/le-doux-nid.com\/wp-content\/uploads\/2022\/10\/chanaz-avant-2-300x198.jpg 300w, https:\/\/le-doux-nid.com\/wp-content\/uploads\/2022\/10\/chanaz-avant-2-200x132.jpg 200w, https:\/\/le-doux-nid.com\/wp-content\/uploads\/2022\/10\/chanaz-avant-2.jpg 474w\" sizes=\"auto, (max-width: 300px) 100vw, 300px\" \/><\/li><li class=\"isotope-item\"><img loading=\"lazy\" decoding=\"async\" width=\"300\" height=\"202\" src=\"https:\/\/le-doux-nid.com\/wp-content\/uploads\/2022\/10\/chanaz-5-2-300x202.jpg\" class=\"attachment-medium\" alt=\"\" title=\"chanaz 5 (2)\" srcset=\"https:\/\/le-doux-nid.com\/wp-content\/uploads\/2022\/10\/chanaz-5-2-300x202.jpg 300w, https:\/\/le-doux-nid.com\/wp-content\/uploads\/2022\/10\/chanaz-5-2-200x134.jpg 200w, https:\/\/le-doux-nid.com\/wp-content\/uploads\/2022\/10\/chanaz-5-2.jpg 448w\" sizes=\"auto, (max-width: 300px) 100vw, 300px\" \/><\/li><li class=\"isotope-item\"><img loading=\"lazy\" decoding=\"async\" width=\"300\" height=\"199\" src=\"https:\/\/le-doux-nid.com\/wp-content\/uploads\/2022\/10\/chanaz-avant-3-2-300x199.jpg\" class=\"attachment-medium\" alt=\"\" title=\"chanaz avant 3 (2)\" srcset=\"https:\/\/le-doux-nid.com\/wp-content\/uploads\/2022\/10\/chanaz-avant-3-2-300x199.jpg 300w, https:\/\/le-doux-nid.com\/wp-content\/uploads\/2022\/10\/chanaz-avant-3-2-200x132.jpg 200w, https:\/\/le-doux-nid.com\/wp-content\/uploads\/2022\/10\/chanaz-avant-3-2.jpg 473w\" sizes=\"auto, (max-width: 300px) 100vw, 300px\" \/><\/li><li class=\"isotope-item\"><img loading=\"lazy\" decoding=\"async\" width=\"300\" height=\"199\" src=\"https:\/\/le-doux-nid.com\/wp-content\/uploads\/2022\/10\/th-2-300x199.jpg\" class=\"attachment-medium\" alt=\"\" title=\"th (2)\" srcset=\"https:\/\/le-doux-nid.com\/wp-content\/uploads\/2022\/10\/th-2-300x199.jpg 300w, https:\/\/le-doux-nid.com\/wp-content\/uploads\/2022\/10\/th-2-200x132.jpg 200w, https:\/\/le-doux-nid.com\/wp-content\/uploads\/2022\/10\/th-2.jpg 470w\" sizes=\"auto, (max-width: 300px) 100vw, 300px\" \/><\/li><li class=\"isotope-item\"><img loading=\"lazy\" decoding=\"async\" width=\"300\" height=\"199\" src=\"https:\/\/le-doux-nid.com\/wp-content\/uploads\/2022\/10\/th-3-300x199.jpg\" class=\"attachment-medium\" alt=\"\" title=\"th (3)\" srcset=\"https:\/\/le-doux-nid.com\/wp-content\/uploads\/2022\/10\/th-3-300x199.jpg 300w, https:\/\/le-doux-nid.com\/wp-content\/uploads\/2022\/10\/th-3-200x133.jpg 200w, https:\/\/le-doux-nid.com\/wp-content\/uploads\/2022\/10\/th-3.jpg 463w\" sizes=\"auto, (max-width: 300px) 100vw, 300px\" \/><\/li><li class=\"isotope-item\"><img loading=\"lazy\" decoding=\"async\" width=\"300\" height=\"201\" src=\"https:\/\/le-doux-nid.com\/wp-content\/uploads\/2022\/10\/th-5-300x201.jpg\" class=\"attachment-medium\" alt=\"\" title=\"th (5)\" srcset=\"https:\/\/le-doux-nid.com\/wp-content\/uploads\/2022\/10\/th-5-300x201.jpg 300w, https:\/\/le-doux-nid.com\/wp-content\/uploads\/2022\/10\/th-5-200x134.jpg 200w, https:\/\/le-doux-nid.com\/wp-content\/uploads\/2022\/10\/th-5.jpg 466w\" sizes=\"auto, (max-width: 300px) 100vw, 300px\" \/><\/li><\/ul><\/div><\/div><\/div><\/div><\/div><\/div><div class=\"wpb_column vc_column_container vc_col-sm-6\"><div class=\"vc_column-inner\"><div class=\"wpb_wrapper\">\n\t<div class=\"wpb_text_column wpb_content_element text\" >\n\t\t<div class=\"wpb_wrapper\">\n\t\t\t<p>Aux XIIIe et XIVe si\u00e8cles, Chanaz est le si\u00e8ge d&rsquo;une ch\u00e2tellenie savoyarde, unie par la suite \u00e0 Yenne\u00a0puis \u00e0 Rochefort. La particularit\u00e9 de cette commune est d&rsquo;avoir \u00e9t\u00e9 fran\u00e7aise de 1601 \u00e0 1760. La\u00a0Maison de Boigne date du XVIIIe si\u00e8cle, mais conserve quelques \u00e9l\u00e9ments du XVIe si\u00e8cle. Cette vaste\u00a0maison carr\u00e9e \u00e0 trois niveaux, aux murs de pierres, toit de tuiles \u00e0 quatre pans et porte en tiers-point du XIIIe si\u00e8cle, borde la place am\u00e9nag\u00e9e vers 1980. Propri\u00e9t\u00e9 du comte Muffat de Saint-Amour\u00a0qui acquiert la seigneurie de Chanaz en 1744, elle appartient \u00e0 la famille de Boigne vers 1830. Elle\u00a0abrite la mairie depuis 1988.<\/p>\n\n\t\t<\/div>\n\t<\/div>\n<\/div><\/div><\/div><div class=\"wpb_column vc_column_container vc_col-sm-6\"><div class=\"vc_column-inner\"><div class=\"wpb_wrapper\">\n\t<div class=\"wpb_text_column wpb_content_element text\" >\n\t\t<div class=\"wpb_wrapper\">\n\t\t\t<p>A la suite de la restauration de cette maison, le centre-bourg a \u00e9t\u00e9\u00a0enti\u00e8rement pr\u00e9serv\u00e9 dans le cadre d&rsquo;un programme de revalorisation de l&rsquo;environnement, du\u00a0paysage et du b\u00e2ti. Certaines maisons du village conservent des d\u00e9tails architecturaux des XVe et\u00a0XVIe si\u00e8cles. La chapelle gothique du XVe si\u00e8cle abrite aujourd&rsquo;hui le mus\u00e9e gallo-romain \u00ab\u00a0Les Potiers\u00a0de Portout\u00a0\u00bb.<\/p>\n\n\t\t<\/div>\n\t<\/div>\n<\/div><\/div><\/div><\/div><\/div><\/div><\/div><\/div>","protected":false},"excerpt":{"rendered":"L'Histoire de Chanaz L'importance historique de Chanaz est due \u00e0 sa situation de passage entre la Savoie et la France,\u00a0par le canal de Savi\u00e8res. Cet exutoire naturel du lac du Bourget vers le Rh\u00f4ne a \u00e9t\u00e9 recreus\u00e9 d\u00e8s\u00a0l'\u00e9poque romaine pour devenir navigable. Aujourd'hui, la r\u00e9gulation du niveau du lac est assur\u00e9e\u00a0par un barrage. Une \u00e9cluse,....","protected":false},"author":1,"featured_media":0,"parent":419,"menu_order":13,"comment_status":"closed","ping_status":"closed","template":"","meta":{"inline_featured_image":false,"_exactmetrics_skip_tracking":false,"_exactmetrics_sitenote_active":false,"_exactmetrics_sitenote_note":"","_exactmetrics_sitenote_category":0,"footnotes":""},"class_list":["post-449","page","type-page","status-publish","hentry"],"_links":{"self":[{"href":"https:\/\/le-doux-nid.com\/en\/wp-json\/wp\/v2\/pages\/449","targetHints":{"allow":["GET"]}}],"collection":[{"href":"https:\/\/le-doux-nid.com\/en\/wp-json\/wp\/v2\/pages"}],"about":[{"href":"https:\/\/le-doux-nid.com\/en\/wp-json\/wp\/v2\/types\/page"}],"author":[{"embeddable":true,"href":"https:\/\/le-doux-nid.com\/en\/wp-json\/wp\/v2\/users\/1"}],"replies":[{"embeddable":true,"href":"https:\/\/le-doux-nid.com\/en\/wp-json\/wp\/v2\/comments?post=449"}],"version-history":[{"count":10,"href":"https:\/\/le-doux-nid.com\/en\/wp-json\/wp\/v2\/pages\/449\/revisions"}],"predecessor-version":[{"id":3703,"href":"https:\/\/le-doux-nid.com\/en\/wp-json\/wp\/v2\/pages\/449\/revisions\/3703"}],"up":[{"embeddable":true,"href":"https:\/\/le-doux-nid.com\/en\/wp-json\/wp\/v2\/pages\/419"}],"wp:attachment":[{"href":"https:\/\/le-doux-nid.com\/en\/wp-json\/wp\/v2\/media?parent=449"}],"curies":[{"name":"wp","href":"https:\/\/api.w.org\/{rel}","templated":true}]}}