{"id":666,"date":"2017-03-02T08:20:07","date_gmt":"2017-03-02T07:20:07","guid":{"rendered":"https:\/\/le-doux-nid.com\/?page_id=666"},"modified":"2018-05-30T21:38:02","modified_gmt":"2018-05-30T19:38:02","slug":"mentions-legales","status":"publish","type":"page","link":"https:\/\/le-doux-nid.com\/en\/full-marks\/","title":{"rendered":"Mentions l\u00e9gales"},"content":{"rendered":"<div class=\"pearl-section wpb_row pearl-section-fluid pearl-elm-section\"><div class=\"wpb_column vc_column_container vc_col-sm-12\"><div class=\"vc_column-inner\"><div class=\"wpb_wrapper\"><div class=\"pearl-section wpb_row vc_inner pearl-section-fluid pearl-elm-section\"><div class=\"wpb_column vc_column_container vc_col-sm-12\"><div class=\"vc_column-inner\"><div class=\"wpb_wrapper\">\n\t<div class=\"wpb_text_column wpb_content_element\" >\n\t\t<div class=\"wpb_wrapper\">\n\t\t\t<h1 style=\"text-align: center;\">Mentions l\u00e9gales<\/h1>\n\n\t\t<\/div>\n\t<\/div>\n<div class=\"vc_separator wpb_content_element vc_separator_align_center vc_sep_width_50 vc_sep_pos_align_center vc_separator_no_text vc_sep_color_black wpb_content_element  wpb_content_element\" ><span class=\"vc_sep_holder vc_sep_holder_l\"><span class=\"vc_sep_line\"><\/span><\/span><span class=\"vc_sep_holder vc_sep_holder_r\"><span class=\"vc_sep_line\"><\/span><\/span>\n<\/div><\/div><\/div><\/div><div class=\"wpb_column vc_column_container vc_col-sm-6\"><div class=\"vc_column-inner\"><div class=\"wpb_wrapper\">\n\t<div class=\"wpb_text_column wpb_content_element\" >\n\t\t<div class=\"wpb_wrapper\">\n\t\t\t<h2>Legal information<\/h2>\n\n\t\t<\/div>\n\t<\/div>\n\n\t<div class=\"wpb_text_column wpb_content_element\" >\n\t\t<div class=\"wpb_wrapper\">\n\t\t\t<p><strong>Company name :<\/strong> The Gentle Nest<\/p>\n<p><strong>Adresse du si\u00e8ge :<\/strong> Rue du Moulin, 73310 Chanaz<\/p>\n<p><strong>SIREN :<\/strong> 799 047 949<\/p>\n<p><strong>SIRET :<\/strong> 799 047 949 000 18<\/p>\n<p><strong>NAF :<\/strong> 5520Z<\/p>\n\n\t\t<\/div>\n\t<\/div>\n<\/div><\/div><\/div><div class=\"wpb_column vc_column_container vc_col-sm-6\"><div class=\"vc_column-inner\"><div class=\"wpb_wrapper\">\n\t<div class=\"wpb_text_column wpb_content_element\" >\n\t\t<div class=\"wpb_wrapper\">\n\t\t\t<h2>Technical information<\/h2>\n\n\t\t<\/div>\n\t<\/div>\n\n\t<div class=\"wpb_text_column wpb_content_element\" >\n\t\t<div class=\"wpb_wrapper\">\n\t\t\t<p><strong>Design and conception :<\/strong> Arno Bertin \u2022 <a href=\"https:\/\/www.grafykdesign.fr\">Grafyk Design<\/a><\/p>\n<p><strong>Additional programming :<\/strong> St\u00e9phane Didier<\/p>\n<p><strong>H\u00e9bergement :<\/strong> <a href=\"https:\/\/www.grafykdesign.fr\">Grafyk Design<\/a><\/p>\n<p><strong>Site version :<\/strong> 2.0<\/p>\n<p><strong>Date of publication of this version :<\/strong> 05\/03\/2017<\/p>\n<p><strong>Derni\u00e8re mise \u00e0 jour :<\/strong>\u00a030\/05\/2018<\/p>\n\n\t\t<\/div>\n\t<\/div>\n<\/div><\/div><\/div><div class=\"wpb_column vc_column_container vc_col-sm-12\"><div class=\"vc_column-inner\"><div class=\"wpb_wrapper\"><div class=\"vc_empty_space\"   style=\"height: 30px\"><span class=\"vc_empty_space_inner\"><\/span><\/div><div class=\"vc_separator wpb_content_element vc_separator_align_center vc_sep_width_50 vc_sep_pos_align_center vc_separator_no_text vc_sep_color_black wpb_content_element  wpb_content_element\" ><span class=\"vc_sep_holder vc_sep_holder_l\"><span class=\"vc_sep_line\"><\/span><\/span><span class=\"vc_sep_holder vc_sep_holder_r\"><span class=\"vc_sep_line\"><\/span><\/span>\n<\/div><div class=\"vc_empty_space\"   style=\"height: 30px\"><span class=\"vc_empty_space_inner\"><\/span><\/div>\n\t<div class=\"wpb_text_column wpb_content_element\" >\n\t\t<div class=\"wpb_wrapper\">\n\t\t\t<h2>Politique de confidentialit\u00e9s<\/h2>\n\n\t\t<\/div>\n\t<\/div>\n\n\t<div class=\"wpb_text_column wpb_content_element\" >\n\t\t<div class=\"wpb_wrapper\">\n\t\t\t<h3>RGPD: What is it?<\/h3>\n<p class=\"privacy-policy-tutorial\">Cette loi validedepusi le 25 mai 2018 est une loi Europ\u00e9enne qui vous prot\u00e8ge vous, client de notre site et\/ou m\u00eame, simple visiteur, quant aux donn\u00e9es personnelles dont nous disposons sur vous.<\/p>\n<p><strong class=\"privacy-policy-tutorial\">Our website address is :\u00a0<\/strong>https:\/\/le-doux-nid.com<\/p>\n<h3>Cr\u00e9ation de compte client<\/h3>\n<p class=\"privacy-policy-tutorial\">Quand vous cr\u00e9ez un compte sur notre site, nous collectons, les informations suivantes : Nom, pr\u00e9nom, adresse postale, adresse mail, au moins un num\u00e9ro de t\u00e9l\u00e9phone, nom de soci\u00e9t\u00e9 pour les professionnels, numm\u00e9ro de siret, num\u00e9ro de TVA intracommunautaire, un mot de passe et un identifiant.<\/p>\n<p class=\"privacy-policy-tutorial\">Si vous avez un compte et que vous vous connectez sur ce site, un cookie temporaire sera cr\u00e9\u00e9 afin de d\u00e9terminer si votre navigateur accepte les cookies. Il ne contient pas de donn\u00e9es personnelles et sera supprim\u00e9 automatiquement \u00e0 la fermeture de votre navigateur.<\/p>\n<p class=\"privacy-policy-tutorial\">Lorsque vous vous connecterez, nous mettrons en place un certain nombre de cookies pour enregistrer vos informations de connexion et vos pr\u00e9f\u00e9rences d\u2019\u00e9cran. La dur\u00e9e de vie d\u2019un cookie de connexion est de deux jours, celle d\u2019un cookie d\u2019option d\u2019\u00e9cran est d\u2019un an. Si vous cochez \u00ab\u00a0Se souvenir de moi\u00a0\u00bb, votre cookie de connexion sera conserv\u00e9 pendant toute la dur\u00e9e de vie de votre compte. Si vous vous d\u00e9connectez de votre compte, le cookie de connexion sera effac\u00e9.<\/p>\n<p class=\"privacy-policy-tutorial\">Vous poss\u00e9dez un droit de modification, d&rsquo;acc\u00e8s aux informations de votre compte, et pouvez en demander une extraction via <a class=\"btn btn-default\" href=\"https:\/\/le-doux-nid.com\/en\/contact\/\">this link<\/a>.<\/p>\n<h3><span id=\"RGPD_Les_Commentaires\">Customer reviews<\/span><\/h3>\n<p>Quand vous laissez un avis\u00a0via notre site web, sur un produit que vous avez achet\u00e9, il est clairement affich\u00e9 sur notre site, apr\u00e8s mod\u00e9ration et acceptation par nos soins. Google dispose d&rsquo;un acc\u00e8s \u00e0 cet avis. les donn\u00e9es inscrites dans le formulaire de commentaire, mais aussi votre adresse IP et l\u2019agent utilisateur de votre navigateur sont collect\u00e9s pour nous aider \u00e0 la d\u00e9tection des\u00a0avis\/commentaires ind\u00e9sirables. Apr\u00e8s acceptation de votre avis, la premi\u00e8re lettre de votre pr\u00e9nom et votre nom, sous la forme \u00ab\u00a0P. NOM\u00a0\u00bb seront affich\u00e9s \u00e0 c\u00f4t\u00e9 de votre avis. Il vous est possible de na pas afficher votre nom au moment de valider votre commentaire \u00e0 l&rsquo;aide d&rsquo;un simple case \u00e0 cocher.\u00a0Ces cookies n&rsquo;expirent pas.<\/p>\n<h3><span id=\"RGPD_Les_Formulaires_de_contact\">Contact forms<\/span><\/h3>\n<p class=\"privacy-policy-tutorial\">Quand vous nous contactez via le formulaire de contact, nous enregistrons : nom, pr\u00e9nom, t\u00e9l\u00e9phone, e-mail, votre message. Ces donn\u00e9es sont accessibles sur demande \u00e9crite par e-mail <a href=\"https:\/\/le-doux-nid.com\/en\/contact\/\">here<\/a>.<\/p>\n<h3>Newsletter<\/h3>\n<p class=\"privacy-policy-tutorial\">Quand vous vous abonnez \u00e0 notre newsletter, nous collectons votre adresse mail et sommes susceptibles de l&rsquo;utiliser pour vous envoyer, tant des promotions relatives \u00e0 nos produit et des offres commerciales, que nos lettres d&rsquo;informations. Votre consentement est clairement demand\u00e9 au moment de l&rsquo;abonnement.<\/p>\n<h3><span id=\"RGPD_Contenu_embarque_depuis_dautres_sites\">Contenus embarqu\u00e9s depuis d&rsquo;autres sites<\/span><\/h3>\n<p>Les articles de ce site, en particulier les articles du blog (actu et \u00e9v\u00e8nements) peuvent inclure des contenus int\u00e9gr\u00e9s (par exemple des vid\u00e9os, images, articles\u2026). Le contenu int\u00e9gr\u00e9 depuis d\u2019autres sites se comporte de la m\u00eame mani\u00e8re que si le visiteur se rendait sur cet autre site.<\/p>\n<p>Ces sites web pourraient collecter des donn\u00e9es sur vous, utiliser des cookies, embarquer des outils de suivis tiers, suivre vos interactions avec ces contenus embarqu\u00e9s si vous disposez d\u2019un compte connect\u00e9 sur leur site web.<\/p>\n<p>En poursuivant votre navigation sur notre site, vous acceptez cet \u00e9tat de fait de votre plein gr\u00e9.<\/p>\n<h3><span id=\"RGPD_Statistiques_et_mesures_daudience_google_analytics\">Statistics and audience measurement (Analytics)<\/span><\/h3>\n<p class=\"privacy-policy-tutorial\">Nous utilisons Google Analytics pour assurer le suivi statistiques de toute personne qui visite notre site internet. Qu&rsquo;elle soit connect\u00e9e \u00e0 son compte ou en simple visite sans avoir de compte enregistr\u00e9 chez nous. Nous utilisons aussi Google Analytics pour vous proposer du contenu publicitaire appropri\u00e9 \u00e0 vos centre d&rsquo;int\u00e9r\u00eats pour des produits similaires \u00e0 ceux que nosu proposons sur notre site.<\/p>\n<p class=\"privacy-policy-tutorial\">Vos donn\u00e9s personnelles ne sont c\u00e9d\u00e9es qu&rsquo;\u00e0 Google. Et personne d&rsquo;autre \u00e0 notre connaissance.<\/p>\n<p class=\"privacy-policy-tutorial\">Merci de vous rapprocher de Google pour plus d&rsquo;explications \u00e0 ce propos.<\/p>\n<p class=\"privacy-policy-tutorial\">En poursuivant votre navigation sur notre site, vous acceptez cet \u00e9tat de fait de votre plein gr\u00e9.<\/p>\n<h3><span id=\"RGPD_Utilisation_et_transmission_de_vos_donnees_personnelles\">Utilisation &amp; transmission de vos donn\u00e9es personnelles<\/span><\/h3>\n<p class=\"privacy-policy-tutorial\">Vos donn\u00e9es personnelles sont transmises \u00e0 :<\/p>\n<p>&#8211; Google<\/p>\n<p>&#8211; Notre h\u00e9bergeur : Grafyk Design EURL \/ ICARUS<\/p>\n<p class=\"privacy-policy-tutorial\">Google ne c\u00e8de pas \u00e0 notre connaissance vos coordonn\u00e9es personnelles \u00e0 des tiers.<\/p>\n<p class=\"privacy-policy-tutorial\">Notre h\u00e9bergeur n&rsquo;a aucunement le droit d&rsquo;utiliser vos donn\u00e9es personnelles de quelque mani\u00e8re que ce soit et il ne le fera jamais et ne vous contactera jamais de quelque mani\u00e8re que ce soit. Le seule cas ou celui-ci pourrait nous contacter serait pout des raisons de SAV suite \u00e0 un probl\u00e8me technique li\u00e9 \u00e0 l&rsquo;une de vos commande chez nous en tant que client. Auquel cas, il serait suscptible de vous contacter par t\u00e9l\u00e9phone ou mail afin de nous aider \u00e0 solutionner votre probl\u00e8me.<\/p>\n<h3><span id=\"RGPD_Durees_de_stockage_de_vos_donnees\">Dur\u00e9e de stockage de vos donn\u00e9es<\/span><\/h3>\n<p>Si vous laissez un commentaire, le commentaire et ses m\u00e9tadonn\u00e9es sont conserv\u00e9s ind\u00e9finiment. Cela permet de reconna\u00eetre et approuver automatiquement les commentaires suivants au lieu de les laisser dans la file de mod\u00e9ration.<\/p>\n<p>Pour les utilisateurs et utilisatrices qui s\u2019enregistrent sur notre site (si cela est possible), nous stockons \u00e9galement les donn\u00e9es personnelles indiqu\u00e9es dans leur profil. Tous les utilisateurs et utilisatrices peuvent voir, modifier ou supprimer leurs informations personnelles \u00e0 tout moment (\u00e0 l\u2019exception de leur nom d\u2019utilisateur\u00b7ice). Les gestionnaires du site peuvent aussi voir et modifier ces informations.<\/p>\n<h3><span id=\"RGPD_Les_droits_que_vous_avez_sur_vos_donnees\">Vos droits sur vos donn\u00e9es<\/span><\/h3>\n<p class=\"privacy-policy-tutorial\">Si vous avez un compte ou si vous avez laiss\u00e9 des commentaires sur le site, vous pouvez demander \u00e0 recevoir un fichier contenant toutes les donn\u00e9es personnelles que nous poss\u00e9dons \u00e0 votre sujet, incluant celles que vous nous avez fournies. Vous pouvez \u00e9galement demander la suppression des donn\u00e9es personnelles vous concernant. Cela ne prend pas en compte les donn\u00e9es stock\u00e9es \u00e0 des fins administratives, l\u00e9gales ou pour des raisons de s\u00e9curit\u00e9. Cette demande peut \u00eatre effectu\u00e9e via\u00a0<a class=\"btn btn-default\" href=\"https:\/\/le-doux-nid.com\/en\/contact\/\">THIS LINK<\/a>.<\/p>\n<h3><span id=\"RGPD_Informations_de_contact\">Contact information<\/span><\/h3>\n<p class=\"privacy-policy-tutorial\">The Gentle Nest<br \/>\n501 route du canal &#8211; 73310 Chanaz<\/p>\n<p class=\"privacy-policy-tutorial\">Contact us by e-mail :\u00a0<a class=\"btn btn-default\" href=\"https:\/\/le-doux-nid.com\/en\/contact\/\">via this link<\/a><\/p>\n<h3><span id=\"RGPD_Comment_nous_protegeons_vos_donnees\">Comment prot\u00e9geons-nous vos donn\u00e9es ?<\/span><\/h3>\n<p class=\"privacy-policy-tutorial\">Notre site utilise le protocole SSL (https) sur toutes les pages et non uniquement sur les pages de transaction bancaires. Ceci afin de mieux vous prot\u00e9ger.<\/p>\n<p class=\"privacy-policy-tutorial\">Aussi notre site est h\u00e9berg\u00e9 sur un serveur haute performance de qualit\u00e9 professionnelle, monitor\u00e9 et infog\u00e9r\u00e9 en permanence. 7j\/7 et 24h sur 24 par notre agence de communication : GRAFYK DESIGN \/ ICARUS<\/p>\n<p class=\"privacy-policy-tutorial\">Egalement, le site et sa base de donn\u00e9es est compl\u00e8tement sauvegard\u00e9 plusieurs fois par jour par souci de s\u00e9curit\u00e9. GRAFYK DESIGN \/ ICARUS nous assure une maintenance permanente et totale en cas de fuite de donn\u00e9es.<\/p>\n<h3><span id=\"RGPD_Procedures_mises_en_oeuvre_en_cas_de_fuite_de_donnees\">Proc\u00e9dures mises en oeuvre en cas de fuite de donn\u00e9es<\/span><\/h3>\n<p class=\"privacy-policy-tutorial\">GRAFYK DESIGN \/ ICARUS interviendra pour nous indiquer directement quelles donn\u00e9es, dans quelles mesure et dans quelle quantit\u00e9, ces donn\u00e9es ont fuit\u00e9es. Nous contacterons les personnes concern\u00e9es directement. Nous prendrons avec ces personnes, de fa\u00e7on conjointe, toutes les mesures n\u00e9cessaires pour assurer une issue\u00a0positive \u00e0 cette fuite de donn\u00e9es.<\/p>\n\n\t\t<\/div>\n\t<\/div>\n<\/div><\/div><\/div><\/div><\/div><\/div><\/div><\/div>","protected":false},"excerpt":{"rendered":"Mentions l\u00e9gales Informations juridiques Raison Sociale : Le Doux Nid Adresse du si\u00e8ge : Rue du Moulin, 73310 Chanaz SIREN : 799 047 949 SIRET : 799 047 949 000 18 NAF : 5520Z Informations techniques Design et conception : Arno Bertin \u2022 Grafyk Design Programmation additionnelle : St\u00e9phane Didier H\u00e9bergement : Grafyk Design Version....","protected":false},"author":1,"featured_media":0,"parent":0,"menu_order":15,"comment_status":"closed","ping_status":"closed","template":"","meta":{"inline_featured_image":false,"_exactmetrics_skip_tracking":false,"_exactmetrics_sitenote_active":false,"_exactmetrics_sitenote_note":"","_exactmetrics_sitenote_category":0,"footnotes":""},"class_list":["post-666","page","type-page","status-publish","hentry"],"_links":{"self":[{"href":"https:\/\/le-doux-nid.com\/en\/wp-json\/wp\/v2\/pages\/666","targetHints":{"allow":["GET"]}}],"collection":[{"href":"https:\/\/le-doux-nid.com\/en\/wp-json\/wp\/v2\/pages"}],"about":[{"href":"https:\/\/le-doux-nid.com\/en\/wp-json\/wp\/v2\/types\/page"}],"author":[{"embeddable":true,"href":"https:\/\/le-doux-nid.com\/en\/wp-json\/wp\/v2\/users\/1"}],"replies":[{"embeddable":true,"href":"https:\/\/le-doux-nid.com\/en\/wp-json\/wp\/v2\/comments?post=666"}],"version-history":[{"count":13,"href":"https:\/\/le-doux-nid.com\/en\/wp-json\/wp\/v2\/pages\/666\/revisions"}],"predecessor-version":[{"id":1549,"href":"https:\/\/le-doux-nid.com\/en\/wp-json\/wp\/v2\/pages\/666\/revisions\/1549"}],"wp:attachment":[{"href":"https:\/\/le-doux-nid.com\/en\/wp-json\/wp\/v2\/media?parent=666"}],"curies":[{"name":"wp","href":"https:\/\/api.w.org\/{rel}","templated":true}]}}