{"id":3935,"date":"2023-01-05T14:17:02","date_gmt":"2023-01-05T13:17:02","guid":{"rendered":"https:\/\/le-doux-nid.com\/?post_type=product&#038;p=3935"},"modified":"2026-04-11T18:30:51","modified_gmt":"2026-04-11T16:30:51","slug":"largile","status":"publish","type":"product","link":"https:\/\/le-doux-nid.com\/en\/chambres\/largile\/","title":{"rendered":"Chez Colin 2"},"content":{"rendered":"<div class=\"pearl-section wpb_row pearl-section-fluid lettrine pearl-elm-section\"><div class=\"wpb_column vc_column_container vc_col-sm-12\"><div class=\"vc_column-inner\"><div class=\"wpb_wrapper\">\n\t<div class=\"wpb_text_column wpb_content_element text\" >\n\t\t<div class=\"wpb_wrapper\">\n\t\t\t<h1 style=\"text-align: center;\">Chez Colin 2<\/h1>\n\n\t\t<\/div>\n\t<\/div>\n\n\t<div class=\"wpb_text_column wpb_content_element text\" >\n\t\t<div class=\"wpb_wrapper\">\n\t\t\t<p><strong>Chambre avec Balcon<\/strong><\/p>\n\n\t\t<\/div>\n\t<\/div>\n<\/div><\/div><\/div><\/div><div class=\"pearl-section wpb_row pearl-section-fluid lettrine pearl-elm-section\"><div class=\"wpb_column vc_column_container vc_col-sm-12\"><div class=\"vc_column-inner\"><div class=\"wpb_wrapper\">\n\t<div class=\"wpb_raw_code wpb_raw_html wpb_content_element\" >\n\t\t<div class=\"wpb_wrapper\">\n\t\t\t<div class=\"resp-container\">\n  <iframe loading=\"lazy\" style=\"border:none\" class=\"resp_iframe\"\n    width=\"100%\"\n    height=\"420\"\n    src=\"https:\/\/le-doux-nid.amenitiz.io\/\">\n<\/iframe>\n<\/div>\n\t\t<\/div>\n\t<\/div>\n<div class=\"pearl-section wpb_row vc_inner pearl-section-fluid pearl-elm-section\"><div class=\"wpb_column vc_column_container vc_col-sm-12\"><div class=\"vc_column-inner\"><div class=\"wpb_wrapper\">\n\t<div class=\"wpb_text_column wpb_content_element\" >\n\t\t<div class=\"wpb_wrapper\">\n\t\t\t<h3 style=\"text-align: left;\">Chambre avec balcon privatif<\/h3>\n<p><strong>30 \u20ac par personne suppl\u00e9mentaire, 20 \u20ac pour enfant de 2 \u00e0 12 ans, gratuit pour les moins de 2 ans. <\/strong><strong>Chambre dot\u00e9e d&rsquo;une salle de bains avec douche, lavabo et WC, s\u00e8che serviette, d&rsquo;un mini frigo\/cong\u00e9lateur, d&rsquo;un micro-onde, d&rsquo;une bouilloire et d&rsquo;une machine \u00e0 expresso et d&rsquo;une TV pour votre plus grand confort. Th\u00e9, tisane et caf\u00e9 sont \u00e0 votre disposition. Wifi gratuit.<\/strong><\/p>\n<p><strong>Taxe de s\u00e9jour en suppl\u00e9ment \u00e0 0,83\u20ac par adulte et par jour, gratuit pour les enfants de moins de 18 ans.<\/strong><\/p>\n\n\t\t<\/div>\n\t<\/div>\n<\/div><\/div><\/div><\/div><\/div><\/div><\/div><div class=\"wpb_column vc_column_container vc_col-sm-12\"><div class=\"vc_column-inner\"><div class=\"wpb_wrapper\"><div class=\"wpb_gallery wpb_content_element vc_clearfix vc_custom_1686733573419 wpb_content_element\" ><div class=\"wpb_wrapper\"><div class=\"wpb_gallery_slides wpb_image_grid\" data-interval=\"3\"><ul class=\"wpb_image_grid_ul\"><li class=\"isotope-item\"><a class=\"\" href=\"https:\/\/le-doux-nid.com\/wp-content\/uploads\/2023\/01\/received_213230761319128-1024x628.jpeg\" data-lightbox=\"lightbox[rel-3935-2858060854]\"><img loading=\"lazy\" decoding=\"async\" width=\"150\" height=\"150\" src=\"https:\/\/le-doux-nid.com\/wp-content\/uploads\/2023\/01\/received_213230761319128-150x150.jpeg\" class=\"attachment-thumbnail\" alt=\"\" title=\"received_213230761319128\" srcset=\"https:\/\/le-doux-nid.com\/wp-content\/uploads\/2023\/01\/received_213230761319128-150x150.jpeg 150w, https:\/\/le-doux-nid.com\/wp-content\/uploads\/2023\/01\/received_213230761319128-300x300.jpeg 300w, https:\/\/le-doux-nid.com\/wp-content\/uploads\/2023\/01\/received_213230761319128-100x100.jpeg 100w\" sizes=\"auto, (max-width: 150px) 100vw, 150px\" \/><\/a><\/li><li class=\"isotope-item\"><a class=\"\" href=\"https:\/\/le-doux-nid.com\/wp-content\/uploads\/2023\/01\/received_143350808503614-638x1024.jpeg\" data-lightbox=\"lightbox[rel-3935-2858060854]\"><img loading=\"lazy\" decoding=\"async\" width=\"150\" height=\"150\" src=\"https:\/\/le-doux-nid.com\/wp-content\/uploads\/2023\/01\/received_143350808503614-150x150.jpeg\" class=\"attachment-thumbnail\" alt=\"\" title=\"received_143350808503614\" srcset=\"https:\/\/le-doux-nid.com\/wp-content\/uploads\/2023\/01\/received_143350808503614-150x150.jpeg 150w, https:\/\/le-doux-nid.com\/wp-content\/uploads\/2023\/01\/received_143350808503614-300x300.jpeg 300w, https:\/\/le-doux-nid.com\/wp-content\/uploads\/2023\/01\/received_143350808503614-100x100.jpeg 100w\" sizes=\"auto, (max-width: 150px) 100vw, 150px\" \/><\/a><\/li><li class=\"isotope-item\"><a class=\"\" href=\"https:\/\/le-doux-nid.com\/wp-content\/uploads\/2023\/01\/received_1221078738544708-633x1024.jpeg\" data-lightbox=\"lightbox[rel-3935-2858060854]\"><img loading=\"lazy\" decoding=\"async\" width=\"150\" height=\"150\" src=\"https:\/\/le-doux-nid.com\/wp-content\/uploads\/2023\/01\/received_1221078738544708-150x150.jpeg\" class=\"attachment-thumbnail\" alt=\"\" title=\"received_1221078738544708\" srcset=\"https:\/\/le-doux-nid.com\/wp-content\/uploads\/2023\/01\/received_1221078738544708-150x150.jpeg 150w, https:\/\/le-doux-nid.com\/wp-content\/uploads\/2023\/01\/received_1221078738544708-300x300.jpeg 300w, https:\/\/le-doux-nid.com\/wp-content\/uploads\/2023\/01\/received_1221078738544708-100x100.jpeg 100w\" sizes=\"auto, (max-width: 150px) 100vw, 150px\" \/><\/a><\/li><li class=\"isotope-item\"><a class=\"\" href=\"https:\/\/le-doux-nid.com\/wp-content\/uploads\/2023\/01\/received_1205772206739142-1024x577.jpeg\" data-lightbox=\"lightbox[rel-3935-2858060854]\"><img loading=\"lazy\" decoding=\"async\" width=\"150\" height=\"150\" src=\"https:\/\/le-doux-nid.com\/wp-content\/uploads\/2023\/01\/received_1205772206739142-150x150.jpeg\" class=\"attachment-thumbnail\" alt=\"\" title=\"received_1205772206739142\" srcset=\"https:\/\/le-doux-nid.com\/wp-content\/uploads\/2023\/01\/received_1205772206739142-150x150.jpeg 150w, https:\/\/le-doux-nid.com\/wp-content\/uploads\/2023\/01\/received_1205772206739142-300x300.jpeg 300w, https:\/\/le-doux-nid.com\/wp-content\/uploads\/2023\/01\/received_1205772206739142-100x100.jpeg 100w\" sizes=\"auto, (max-width: 150px) 100vw, 150px\" \/><\/a><\/li><li class=\"isotope-item\"><a class=\"\" href=\"https:\/\/le-doux-nid.com\/wp-content\/uploads\/2023\/01\/received_1694498137655602-1024x577.jpeg\" data-lightbox=\"lightbox[rel-3935-2858060854]\"><img loading=\"lazy\" decoding=\"async\" width=\"150\" height=\"150\" src=\"https:\/\/le-doux-nid.com\/wp-content\/uploads\/2023\/01\/received_1694498137655602-150x150.jpeg\" class=\"attachment-thumbnail\" alt=\"\" title=\"received_1694498137655602\" srcset=\"https:\/\/le-doux-nid.com\/wp-content\/uploads\/2023\/01\/received_1694498137655602-150x150.jpeg 150w, https:\/\/le-doux-nid.com\/wp-content\/uploads\/2023\/01\/received_1694498137655602-300x300.jpeg 300w, https:\/\/le-doux-nid.com\/wp-content\/uploads\/2023\/01\/received_1694498137655602-100x100.jpeg 100w\" sizes=\"auto, (max-width: 150px) 100vw, 150px\" \/><\/a><\/li><li class=\"isotope-item\"><a class=\"\" href=\"https:\/\/le-doux-nid.com\/wp-content\/uploads\/2023\/01\/received_601898948526854-1024x599.jpeg\" data-lightbox=\"lightbox[rel-3935-2858060854]\"><img loading=\"lazy\" decoding=\"async\" width=\"150\" height=\"150\" src=\"https:\/\/le-doux-nid.com\/wp-content\/uploads\/2023\/01\/received_601898948526854-150x150.jpeg\" class=\"attachment-thumbnail\" alt=\"\" title=\"received_601898948526854\" srcset=\"https:\/\/le-doux-nid.com\/wp-content\/uploads\/2023\/01\/received_601898948526854-150x150.jpeg 150w, https:\/\/le-doux-nid.com\/wp-content\/uploads\/2023\/01\/received_601898948526854-300x300.jpeg 300w, https:\/\/le-doux-nid.com\/wp-content\/uploads\/2023\/01\/received_601898948526854-100x100.jpeg 100w\" sizes=\"auto, (max-width: 150px) 100vw, 150px\" \/><\/a><\/li><li class=\"isotope-item\"><a class=\"\" href=\"https:\/\/le-doux-nid.com\/wp-content\/uploads\/2023\/01\/received_6153744944716390-1024x662.jpeg\" data-lightbox=\"lightbox[rel-3935-2858060854]\"><img loading=\"lazy\" decoding=\"async\" width=\"150\" height=\"150\" src=\"https:\/\/le-doux-nid.com\/wp-content\/uploads\/2023\/01\/received_6153744944716390-150x150.jpeg\" class=\"attachment-thumbnail\" alt=\"\" title=\"received_6153744944716390\" srcset=\"https:\/\/le-doux-nid.com\/wp-content\/uploads\/2023\/01\/received_6153744944716390-150x150.jpeg 150w, https:\/\/le-doux-nid.com\/wp-content\/uploads\/2023\/01\/received_6153744944716390-300x300.jpeg 300w, https:\/\/le-doux-nid.com\/wp-content\/uploads\/2023\/01\/received_6153744944716390-100x100.jpeg 100w\" sizes=\"auto, (max-width: 150px) 100vw, 150px\" \/><\/a><\/li><li class=\"isotope-item\"><a class=\"\" href=\"https:\/\/le-doux-nid.com\/wp-content\/uploads\/2023\/01\/received_745053353745822-1024x607.jpeg\" data-lightbox=\"lightbox[rel-3935-2858060854]\"><img loading=\"lazy\" decoding=\"async\" width=\"150\" height=\"150\" src=\"https:\/\/le-doux-nid.com\/wp-content\/uploads\/2023\/01\/received_745053353745822-150x150.jpeg\" class=\"attachment-thumbnail\" alt=\"\" title=\"received_745053353745822\" srcset=\"https:\/\/le-doux-nid.com\/wp-content\/uploads\/2023\/01\/received_745053353745822-150x150.jpeg 150w, https:\/\/le-doux-nid.com\/wp-content\/uploads\/2023\/01\/received_745053353745822-300x300.jpeg 300w, https:\/\/le-doux-nid.com\/wp-content\/uploads\/2023\/01\/received_745053353745822-100x100.jpeg 100w\" sizes=\"auto, (max-width: 150px) 100vw, 150px\" \/><\/a><\/li><li class=\"isotope-item\"><a class=\"\" href=\"https:\/\/le-doux-nid.com\/wp-content\/uploads\/2023\/01\/20230612_132801-01-577x1024.jpeg\" data-lightbox=\"lightbox[rel-3935-2858060854]\"><img loading=\"lazy\" decoding=\"async\" width=\"150\" height=\"150\" src=\"https:\/\/le-doux-nid.com\/wp-content\/uploads\/2023\/01\/20230612_132801-01-150x150.jpeg\" class=\"attachment-thumbnail\" alt=\"\" title=\"20230612_132801-01\" srcset=\"https:\/\/le-doux-nid.com\/wp-content\/uploads\/2023\/01\/20230612_132801-01-150x150.jpeg 150w, https:\/\/le-doux-nid.com\/wp-content\/uploads\/2023\/01\/20230612_132801-01-300x300.jpeg 300w, https:\/\/le-doux-nid.com\/wp-content\/uploads\/2023\/01\/20230612_132801-01-100x100.jpeg 100w\" sizes=\"auto, (max-width: 150px) 100vw, 150px\" \/><\/a><\/li><li class=\"isotope-item\"><a class=\"\" href=\"https:\/\/le-doux-nid.com\/wp-content\/uploads\/2023\/01\/20230610_131455-01-577x1024.jpeg\" data-lightbox=\"lightbox[rel-3935-2858060854]\"><img loading=\"lazy\" decoding=\"async\" width=\"150\" height=\"150\" src=\"https:\/\/le-doux-nid.com\/wp-content\/uploads\/2023\/01\/20230610_131455-01-150x150.jpeg\" class=\"attachment-thumbnail\" alt=\"\" title=\"20230610_131455-01\" srcset=\"https:\/\/le-doux-nid.com\/wp-content\/uploads\/2023\/01\/20230610_131455-01-150x150.jpeg 150w, https:\/\/le-doux-nid.com\/wp-content\/uploads\/2023\/01\/20230610_131455-01-300x300.jpeg 300w, https:\/\/le-doux-nid.com\/wp-content\/uploads\/2023\/01\/20230610_131455-01-100x100.jpeg 100w\" sizes=\"auto, (max-width: 150px) 100vw, 150px\" \/><\/a><\/li><li class=\"isotope-item\"><a class=\"\" href=\"https:\/\/le-doux-nid.com\/wp-content\/uploads\/2023\/01\/20230612_132853-01-577x1024.jpeg\" data-lightbox=\"lightbox[rel-3935-2858060854]\"><img loading=\"lazy\" decoding=\"async\" width=\"150\" height=\"150\" src=\"https:\/\/le-doux-nid.com\/wp-content\/uploads\/2023\/01\/20230612_132853-01-150x150.jpeg\" class=\"attachment-thumbnail\" alt=\"\" title=\"20230612_132853-01\" srcset=\"https:\/\/le-doux-nid.com\/wp-content\/uploads\/2023\/01\/20230612_132853-01-150x150.jpeg 150w, https:\/\/le-doux-nid.com\/wp-content\/uploads\/2023\/01\/20230612_132853-01-300x300.jpeg 300w, https:\/\/le-doux-nid.com\/wp-content\/uploads\/2023\/01\/20230612_132853-01-100x100.jpeg 100w\" sizes=\"auto, (max-width: 150px) 100vw, 150px\" \/><\/a><\/li><\/ul><\/div><\/div><\/div><\/div><\/div><\/div><div class=\"wpb_column vc_column_container vc_col-sm-12\"><div class=\"vc_column-inner\"><div class=\"wpb_wrapper\"><div class=\"pearl-section wpb_row vc_inner pearl-section-fluid pearl-elm-section\"><div class=\"wpb_column vc_column_container vc_col-sm-12\"><div class=\"vc_column-inner\"><div class=\"wpb_wrapper\">\n\t<div class=\"wpb_text_column wpb_content_element BPC\" >\n\t\t<div class=\"wpb_wrapper\">\n\t\t\t<pre>[dopbsp id=6]<\/pre>\n\n\t\t<\/div>\n\t<\/div>\n<\/div><\/div><\/div><\/div><\/div><\/div><\/div><div class=\"wpb_column vc_column_container vc_col-sm-12\"><div class=\"vc_column-inner\"><div class=\"wpb_wrapper\"><div class=\"pearl-section wpb_row vc_inner pearl-section-fluid pearl-elm-section\"><div class=\"room-detail wpb_column vc_column_container vc_col-sm-12\"><div class=\"vc_column-inner vc_custom_1489131027715\"><div class=\"wpb_wrapper\">\n\t<div class=\"wpb_text_column wpb_content_element text\" >\n\t\t<div class=\"wpb_wrapper\">\n\t\t\t<h3 style=\"text-align: center;\">Services propos\u00e9s<\/h3>\n\n\t\t<\/div>\n\t<\/div>\n\n\t<div class=\"wpb_text_column wpb_content_element room-overview\" >\n\t\t<div class=\"wpb_wrapper\">\n\t\t\t<div class=\"detail light-none\">\n<div class=\"left\"><strong>Capacit\u00e9 :<\/strong><\/div>\n<div class=\"right\">3 personnes<\/div>\n<\/div>\n<div class=\"detail light-gray\">\n<div class=\"left\"><strong>Literie<\/strong><\/div>\n<div class=\"right\">1 Lit double (160 x 200 cm)<\/div>\n<\/div>\n<div class=\"detail light-gray\">\n<div class=\"left\"><strong>.<\/strong><\/div>\n<div class=\"right\">+ lit simple 80 x 200 cm<\/div>\n<\/div>\n<div class=\"detail light-none\">\n<div class=\"left\"><strong>Internet Wifi inclus :<\/strong><\/div>\n<div class=\"right\">OUI<\/div>\n<\/div>\n<div class=\"detail light-none\">\n<div class=\"left\"><strong>Salle de bain :<\/strong><\/div>\n<div class=\"right\">OUI. Individuelle.<\/div>\n<\/div>\n<div class=\"detail light-gray\">\n<div class=\"left\"><strong>WC :<\/strong><\/div>\n<div class=\"right\">OUI. Individuels.<\/div>\n<\/div>\n<div class=\"detail light-none\">\n<div class=\"left\"><strong>TV :<\/strong><\/div>\n<div class=\"right\">OUI. Sans co\u00fbt suppl\u00e9mentaire.<\/div>\n<\/div>\n<div class=\"detail light-gray\">\n<div class=\"left\"><strong>Equipements :<\/strong><\/div>\n<div class=\"right\">Frigo, Micro-Onde, Bouilloire, Machine \u00e0 Expresso<\/div>\n<\/div>\n\n\t\t<\/div>\n\t<\/div>\n<\/div><\/div><\/div><\/div><\/div><\/div><\/div><\/div><div class=\"pearl-section wpb_row pearl-section-fluid pearl-elm-section\"><div class=\"wpb_column vc_column_container vc_col-sm-12\"><div class=\"vc_column-inner\"><div class=\"wpb_wrapper\"><\/div><\/div><\/div><\/div>\n","protected":false},"excerpt":{"rendered":"Chez Colin 2 Chambre avec Balcon Chambre avec balcon privatif 30 \u20ac par personne suppl\u00e9mentaire, 20 \u20ac pour enfant de 2 \u00e0 12 ans, gratuit pour les moins de 2 ans. Chambre dot\u00e9e d'une salle de bains avec douche, lavabo et WC, s\u00e8che serviette, d'un mini frigo\/cong\u00e9lateur, d'un micro-onde, d'une bouilloire et d'une machine \u00e0....","protected":false},"featured_media":4754,"template":"","meta":{"inline_featured_image":false,"_exactmetrics_skip_tracking":false,"_exactmetrics_sitenote_active":false,"_exactmetrics_sitenote_note":"","_exactmetrics_sitenote_category":0},"product_brand":[],"product_cat":[77],"product_tag":[],"class_list":{"0":"post-3935","1":"product","2":"type-product","3":"status-publish","4":"has-post-thumbnail","6":"product_cat-non-classe","8":"first","9":"instock","10":"virtual","11":"taxable","12":"product-type-simple"},"_links":{"self":[{"href":"https:\/\/le-doux-nid.com\/en\/wp-json\/wp\/v2\/product\/3935","targetHints":{"allow":["GET"]}}],"collection":[{"href":"https:\/\/le-doux-nid.com\/en\/wp-json\/wp\/v2\/product"}],"about":[{"href":"https:\/\/le-doux-nid.com\/en\/wp-json\/wp\/v2\/types\/product"}],"wp:featuredmedia":[{"embeddable":true,"href":"https:\/\/le-doux-nid.com\/en\/wp-json\/wp\/v2\/media\/4754"}],"wp:attachment":[{"href":"https:\/\/le-doux-nid.com\/en\/wp-json\/wp\/v2\/media?parent=3935"}],"wp:term":[{"taxonomy":"product_brand","embeddable":true,"href":"https:\/\/le-doux-nid.com\/en\/wp-json\/wp\/v2\/product_brand?post=3935"},{"taxonomy":"product_cat","embeddable":true,"href":"https:\/\/le-doux-nid.com\/en\/wp-json\/wp\/v2\/product_cat?post=3935"},{"taxonomy":"product_tag","embeddable":true,"href":"https:\/\/le-doux-nid.com\/en\/wp-json\/wp\/v2\/product_tag?post=3935"}],"curies":[{"name":"wp","href":"https:\/\/api.w.org\/{rel}","templated":true}]}}