{"id":978,"date":"2017-03-10T16:09:05","date_gmt":"2017-03-10T15:09:05","guid":{"rendered":"https:\/\/le-doux-nid.com\/?post_type=product&#038;p=978"},"modified":"2023-06-02T10:22:39","modified_gmt":"2023-06-02T08:22:39","slug":"pomme-damour","status":"publish","type":"product","link":"https:\/\/le-doux-nid.com\/en\/chambres\/apple-love\/","title":{"rendered":"Love apple"},"content":{"rendered":"<div class=\"wpb-content-wrapper\"><div class=\"pearl-section wpb_row pearl-section-fluid lettrine pearl-elm-section\"><div class=\"wpb_column vc_column_container vc_col-sm-12\"><div class=\"vc_column-inner\"><div class=\"wpb_wrapper\">\n\t<div class=\"wpb_text_column wpb_content_element text\" >\n\t\t<div class=\"wpb_wrapper\">\n\t\t\t<h1 style=\"text-align: center;\">Chambre \u00ab\u00a0Pomme d&rsquo;amour\u00a0\u00bb<\/h1>\n\n\t\t<\/div>\n\t<\/div>\n\n\t<div class=\"wpb_text_column wpb_content_element text\" >\n\t\t<div class=\"wpb_wrapper\">\n\t\t\t<p><strong>Avis aux plus Gourmands ! La chambre Pomme d&rsquo;Amour est absolument r\u00e9serv\u00e9e aux romantiques. Tr\u00e8s \u00ab\u00a0Girly\u00a0\u00bb et vintage \u00e0 la fois. Elle \u00e9voquera vos souvenirs de jeune fille et ses couleurs vous ferons plonger dans un univers Lollipop.\u00a0<\/strong><\/p>\n\n\t\t<\/div>\n\t<\/div>\n<\/div><\/div><\/div><\/div><div data-vc-full-width=\"true\" data-vc-full-width-init=\"false\" class=\"pearl-section wpb_row pearl-section-fluid pearl-section-o-content-middle pearl-section-flex pearl-elm-section\"><div class=\"search-tool-v2 wpb_column vc_column_container vc_col-sm-12\"><div class=\"vc_column-inner\"><div class=\"wpb_wrapper\">\n\t<div class=\"wpb_raw_code wpb_raw_html wpb_content_element\" >\n\t\t<div class=\"wpb_wrapper\">\n\t\t\t<div class=\"resp-container\">\n  <iframe loading=\"lazy\" style=\"border:none\" class=\"resp_iframe\"\n    width=\"100%\"\n    height=\"420\"\n    src=\"https:\/\/le-doux-nid.amenitiz.io\/\">\n<\/iframe>\n<\/div>\n\n\t\t<\/div>\n\t<\/div>\n<\/div><\/div><\/div><\/div><div class=\"vc_row-full-width vc_clearfix\"><\/div><div class=\"pearl-section wpb_row pearl-section-fluid lettrine pearl-elm-section\"><div class=\"wpb_column vc_column_container vc_col-sm-12\"><div class=\"vc_column-inner\"><div class=\"wpb_wrapper\"><div class=\"pearl-section wpb_row vc_inner pearl-section-fluid pearl-elm-section\"><div class=\"wpb_column vc_column_container vc_col-sm-12\"><div class=\"vc_column-inner\"><div class=\"wpb_wrapper\">\n\t<div class=\"wpb_text_column wpb_content_element\" >\n\t\t<div class=\"wpb_wrapper\">\n\t\t\t<p>Tariffs 2023<\/p>\n\n\t\t<\/div>\n\t<\/div>\n\n\t<div class=\"wpb_text_column wpb_content_element\" >\n\t\t<div class=\"wpb_wrapper\">\n\t\t\t<p>Capacit\u00e9 : 3 personnes<\/p>\n<p>Tarifs de 79 \u00e0 99\u20ac avec petit d\u00e9jeuner inclus<\/p>\n<p>30 \u20ac par personne suppl\u00e9mentaire, 20 \u20ac pour les enfants de 2 \u00e0 12 ans, gratuit pour les moins de 2 ans, si lit parapluie amen\u00e9 (possibilit\u00e9 de mise \u00e0 disposition pour 10\u20ac).<\/p>\n<p>Chaque chambre d\u2019h\u00f4te est dot\u00e9e d&rsquo;une salle de bain avec douche, lavabo et WC, s\u00e8che serviette, d&rsquo;un mini frigo\/cong\u00e9lateur, d&rsquo;un micro-onde, d&rsquo;une bouilloire et d&rsquo;une machine \u00e0 expresso avec dosettes du torr\u00e9facteur du village et d&rsquo;une TV pour votre plus grand confort. Th\u00e9, tisane et caf\u00e9 sont \u00e0 votre disposition. Wifi gratuit<\/p>\n<p><em>Taxe de s\u00e9jour \u00e0 payer sur place en suppl\u00e9ment : 0,83\u20ac par adulte, gratuit pour les enfants de moins de 18 ans.<\/em><\/p>\n<h2><\/h2>\n\n\t\t<\/div>\n\t<\/div>\n<div class=\"wpb_gallery wpb_content_element vc_clearfix wpb_content_element wpb_animate_when_almost_visible wpb_fadeIn fadeIn\" ><div class=\"wpb_wrapper\"><div class=\"wpb_gallery_slides wpb_image_grid\" data-interval=\"3\"><ul class=\"wpb_image_grid_ul\"><li class=\"isotope-item\"><img loading=\"lazy\" decoding=\"async\" width=\"150\" height=\"150\" src=\"https:\/\/le-doux-nid.com\/wp-content\/uploads\/2020\/07\/IMG_20200709_215436_409-150x150.jpg\" class=\"attachment-thumbnail\" alt=\"\" title=\"IMG_20200709_215436_409\" srcset=\"https:\/\/le-doux-nid.com\/wp-content\/uploads\/2020\/07\/IMG_20200709_215436_409-150x150.jpg 150w, https:\/\/le-doux-nid.com\/wp-content\/uploads\/2020\/07\/IMG_20200709_215436_409-300x300.jpg 300w, https:\/\/le-doux-nid.com\/wp-content\/uploads\/2020\/07\/IMG_20200709_215436_409-100x100.jpg 100w\" sizes=\"auto, (max-width: 150px) 100vw, 150px\" \/><\/li><li class=\"isotope-item\"><img loading=\"lazy\" decoding=\"async\" width=\"150\" height=\"150\" src=\"https:\/\/le-doux-nid.com\/wp-content\/uploads\/2020\/07\/IMG_20200709_215949_659-150x150.jpg\" class=\"attachment-thumbnail\" alt=\"\" title=\"IMG_20200709_215949_659\" srcset=\"https:\/\/le-doux-nid.com\/wp-content\/uploads\/2020\/07\/IMG_20200709_215949_659-150x150.jpg 150w, https:\/\/le-doux-nid.com\/wp-content\/uploads\/2020\/07\/IMG_20200709_215949_659-300x300.jpg 300w, https:\/\/le-doux-nid.com\/wp-content\/uploads\/2020\/07\/IMG_20200709_215949_659-100x100.jpg 100w\" sizes=\"auto, (max-width: 150px) 100vw, 150px\" \/><\/li><li class=\"isotope-item\"><img loading=\"lazy\" decoding=\"async\" width=\"150\" height=\"150\" src=\"https:\/\/le-doux-nid.com\/wp-content\/uploads\/2020\/07\/IMG_20200709_220226_076-150x150.jpg\" class=\"attachment-thumbnail\" alt=\"\" title=\"IMG_20200709_220226_076\" srcset=\"https:\/\/le-doux-nid.com\/wp-content\/uploads\/2020\/07\/IMG_20200709_220226_076-150x150.jpg 150w, https:\/\/le-doux-nid.com\/wp-content\/uploads\/2020\/07\/IMG_20200709_220226_076-300x300.jpg 300w, https:\/\/le-doux-nid.com\/wp-content\/uploads\/2020\/07\/IMG_20200709_220226_076-100x100.jpg 100w\" sizes=\"auto, (max-width: 150px) 100vw, 150px\" \/><\/li><li class=\"isotope-item\"><img loading=\"lazy\" decoding=\"async\" width=\"150\" height=\"150\" src=\"https:\/\/le-doux-nid.com\/wp-content\/uploads\/2017\/03\/20200709_115013-150x150.jpg\" class=\"attachment-thumbnail\" alt=\"\" title=\"20200709_115013\" srcset=\"https:\/\/le-doux-nid.com\/wp-content\/uploads\/2017\/03\/20200709_115013-150x150.jpg 150w, https:\/\/le-doux-nid.com\/wp-content\/uploads\/2017\/03\/20200709_115013-300x300.jpg 300w, https:\/\/le-doux-nid.com\/wp-content\/uploads\/2017\/03\/20200709_115013-100x100.jpg 100w\" sizes=\"auto, (max-width: 150px) 100vw, 150px\" \/><\/li><li class=\"isotope-item\"><img loading=\"lazy\" decoding=\"async\" width=\"150\" height=\"150\" src=\"https:\/\/le-doux-nid.com\/wp-content\/uploads\/2017\/03\/20200709_114727-150x150.jpg\" class=\"attachment-thumbnail\" alt=\"\" title=\"20200709_114727\" srcset=\"https:\/\/le-doux-nid.com\/wp-content\/uploads\/2017\/03\/20200709_114727-150x150.jpg 150w, https:\/\/le-doux-nid.com\/wp-content\/uploads\/2017\/03\/20200709_114727-300x300.jpg 300w, https:\/\/le-doux-nid.com\/wp-content\/uploads\/2017\/03\/20200709_114727-100x100.jpg 100w\" sizes=\"auto, (max-width: 150px) 100vw, 150px\" \/><\/li><\/ul><\/div><\/div><\/div><\/div><\/div><\/div><\/div><\/div><\/div><\/div><div class=\"wpb_column vc_column_container vc_col-sm-12\"><div class=\"vc_column-inner\"><div class=\"wpb_wrapper\"><div class=\"pearl-section wpb_row vc_inner pearl-section-fluid pearl-elm-section\"><div class=\"room-detail wpb_column vc_column_container vc_col-sm-12\"><div class=\"vc_column-inner vc_custom_1489131027715\"><div class=\"wpb_wrapper\">\n\t<div class=\"wpb_text_column wpb_content_element text\" >\n\t\t<div class=\"wpb_wrapper\">\n\t\t\t<h3 style=\"text-align: center;\">Services propos\u00e9s<\/h3>\n\n\t\t<\/div>\n\t<\/div>\n\n\t<div class=\"wpb_text_column wpb_content_element room-overview\" >\n\t\t<div class=\"wpb_wrapper\">\n\t\t\t<div class=\"detail light-none\">\n<div class=\"left\"><strong>Capacit\u00e9<\/strong><\/div>\n<div class=\"right\">3 people<\/div>\n<\/div>\n<div class=\"detail light-gray\">\n<div class=\"left\"><strong>Bedding<\/strong><\/div>\n<div class=\"right\">1 double bed (180 x 190 cm)<\/div>\n<\/div>\n<div class=\"detail light-none\">\n<div class=\"left\"><strong>.<\/strong><\/div>\n<div class=\"right\">ou 2 lits une personne (90 x 200 cm) (suppl\u00e9ment TWIN : 10 euros)<\/div>\n<\/div>\n<div class=\"detail light-gray\">\n<div class=\"left\"><strong>.<\/strong><\/div>\n<div class=\"right\">+ 1 bed 80 x 190 cm<\/div>\n<\/div>\n<div class=\"detail light-none\">\n<div class=\"left\"><strong>Internet Wifi inclus\u00a0:<\/strong><\/div>\n<div class=\"right\">YES<\/div>\n<\/div>\n<div class=\"detail light-gray\">\n<div class=\"left\"><strong>Petit-d\u00e9jeuner inclus :<\/strong><\/div>\n<div class=\"right\">YES<\/div>\n<\/div>\n<div class=\"detail light-none\">\n<div class=\"left\"><strong>Bathroom :<\/strong><\/div>\n<div class=\"right\">YES. Individual.<\/div>\n<\/div>\n<div class=\"detail light-gray\">\n<div class=\"left\"><strong>WC :<\/strong><\/div>\n<div class=\"right\">YES. Individuals.<\/div>\n<\/div>\n<div class=\"detail light-none\">\n<div class=\"left\"><strong>TV :<\/strong><\/div>\n<div class=\"right\">OUI. Sans co\u00fbt suppl\u00e9mentaire.<\/div>\n<\/div>\n<div class=\"detail light-gray\">\n<div class=\"left\"><strong>Equipment :<\/strong><\/div>\n<div class=\"right\">Frigo, Micro-Onde, Bouilloire, Machine \u00e0 Expresso<\/div>\n<\/div>\n\n\t\t<\/div>\n\t<\/div>\n<\/div><\/div><\/div><\/div><\/div><\/div><\/div><\/div>\n<\/div>","protected":false},"excerpt":{"rendered":"<p>Avis aux plus Gourmands ! La chambre Pomme d&rsquo;Amour est absolument r\u00e9serv\u00e9e aux amoureux de la volupt\u00e9. Tr\u00e8s \u00ab\u00a0Girly\u00a0\u00bb et vintage \u00e0 la fois. Elle saura r\u00e9jouir les les plus romantiques d&rsquo;entre vous.<\/p>","protected":false},"featured_media":2580,"template":"","meta":{"inline_featured_image":false,"_exactmetrics_skip_tracking":false,"_exactmetrics_sitenote_active":false,"_exactmetrics_sitenote_note":"","_exactmetrics_sitenote_category":0},"product_brand":[],"product_cat":[77],"product_tag":[],"class_list":{"0":"post-978","1":"product","2":"type-product","3":"status-publish","4":"has-post-thumbnail","6":"product_cat-non-classe","8":"first","9":"instock","10":"virtual","11":"taxable","12":"product-type-simple"},"_links":{"self":[{"href":"https:\/\/le-doux-nid.com\/en\/wp-json\/wp\/v2\/product\/978","targetHints":{"allow":["GET"]}}],"collection":[{"href":"https:\/\/le-doux-nid.com\/en\/wp-json\/wp\/v2\/product"}],"about":[{"href":"https:\/\/le-doux-nid.com\/en\/wp-json\/wp\/v2\/types\/product"}],"wp:featuredmedia":[{"embeddable":true,"href":"https:\/\/le-doux-nid.com\/en\/wp-json\/wp\/v2\/media\/2580"}],"wp:attachment":[{"href":"https:\/\/le-doux-nid.com\/en\/wp-json\/wp\/v2\/media?parent=978"}],"wp:term":[{"taxonomy":"product_brand","embeddable":true,"href":"https:\/\/le-doux-nid.com\/en\/wp-json\/wp\/v2\/product_brand?post=978"},{"taxonomy":"product_cat","embeddable":true,"href":"https:\/\/le-doux-nid.com\/en\/wp-json\/wp\/v2\/product_cat?post=978"},{"taxonomy":"product_tag","embeddable":true,"href":"https:\/\/le-doux-nid.com\/en\/wp-json\/wp\/v2\/product_tag?post=978"}],"curies":[{"name":"wp","href":"https:\/\/api.w.org\/{rel}","templated":true}]}}