{"id":979,"date":"2017-03-09T15:51:59","date_gmt":"2017-03-09T14:51:59","guid":{"rendered":"https:\/\/le-doux-nid.com\/?post_type=product&#038;p=979"},"modified":"2026-04-11T18:46:16","modified_gmt":"2026-04-11T16:46:16","slug":"poste","status":"publish","type":"product","link":"https:\/\/le-doux-nid.com\/en\/chambres\/post\/","title":{"rendered":"Le Doux Nid 3"},"content":{"rendered":"<div class=\"wpb-content-wrapper\"><div class=\"pearl-section wpb_row pearl-section-fluid lettrine pearl-elm-section\"><div class=\"wpb_column vc_column_container vc_col-sm-12\"><div class=\"vc_column-inner\"><div class=\"wpb_wrapper\">\n\t<div class=\"wpb_text_column wpb_content_element text\" >\n\t\t<div class=\"wpb_wrapper\">\n\t\t\t<h1 style=\"text-align: center;\">Le Doux Nid 3<\/h1>\n\n\t\t<\/div>\n\t<\/div>\n<\/div><\/div><\/div><\/div><div data-vc-full-width=\"true\" data-vc-full-width-init=\"false\" class=\"pearl-section wpb_row pearl-section-fluid pearl-section-o-content-middle pearl-section-flex pearl-elm-section\"><div class=\"search-tool-v2 wpb_column vc_column_container vc_col-sm-12\"><div class=\"vc_column-inner\"><div class=\"wpb_wrapper\">\n\t<div class=\"wpb_raw_code wpb_raw_html wpb_content_element\" >\n\t\t<div class=\"wpb_wrapper\">\n\t\t\t<div class=\"resp-container\">\n  <iframe loading=\"lazy\" style=\"border:none\" class=\"resp_iframe\"\n    width=\"100%\"\n    height=\"420\"\n    src=\"https:\/\/le-doux-nid.amenitiz.io\/\">\n<\/iframe>\n<\/div>\n\n\t\t<\/div>\n\t<\/div>\n<\/div><\/div><\/div><\/div><div class=\"vc_row-full-width vc_clearfix\"><\/div><div class=\"pearl-section wpb_row pearl-section-fluid lettrine pearl-elm-section\"><div class=\"wpb_column vc_column_container vc_col-sm-12\"><div class=\"vc_column-inner\"><div class=\"wpb_wrapper\"><div class=\"pearl-section wpb_row vc_inner pearl-section-fluid pearl-elm-section\"><div class=\"wpb_column vc_column_container vc_col-sm-12\"><div class=\"vc_column-inner\"><div class=\"wpb_wrapper\">\n\t<div class=\"wpb_text_column wpb_content_element\" >\n\t\t<div class=\"wpb_wrapper\">\n\t\t\t<p>Capacit\u00e9 : 3 personnes<\/p>\n<p>Tarifs de 85 \u00e0 109\u20ac<\/p>\n<p>30\u20ac par personne suppl\u00e9mentaire, 20\u20ac pour enfant de 2 \u00e0 12 ans, gratuit pour les moins de 2 ans.<\/p>\n<p>Chaque chambre d\u2019h\u00f4te est dot\u00e9e d&rsquo;une salle de bain avec douche, lavabo et WC, s\u00e8che serviette, d&rsquo;un mini frigo\/cong\u00e9lateur, d&rsquo;un micro-onde, d&rsquo;une bouilloire et d&rsquo;une machine \u00e0 expresso et d&rsquo;une TV pour votre plus grand confort. Th\u00e9, tisane et caf\u00e9 sont \u00e0 votre disposition. Wifi gratuit.<\/p>\n<p><em>Taxe de s\u00e9jour \u00e0 payer sur place en plus de la chambre : 0,83\u20ac par adulte, gratuit pour les enfants de moins de 18 ans.<\/em><\/p>\n<h2><\/h2>\n\n\t\t<\/div>\n\t<\/div>\n<div class=\"wpb_gallery wpb_content_element vc_clearfix wpb_content_element\" ><div class=\"wpb_wrapper\"><div class=\"wpb_gallery_slides wpb_image_grid\" data-interval=\"3\"><ul class=\"wpb_image_grid_ul\"><li class=\"isotope-item\"><a class=\"\" href=\"https:\/\/le-doux-nid.com\/wp-content\/uploads\/2020\/07\/IMG_20200702_073418_693-1024x576.jpg\" data-lightbox=\"lightbox[rel-979-712080847]\"><img loading=\"lazy\" decoding=\"async\" width=\"150\" height=\"150\" src=\"https:\/\/le-doux-nid.com\/wp-content\/uploads\/2020\/07\/IMG_20200702_073418_693-150x150.jpg\" class=\"attachment-thumbnail\" alt=\"\" title=\"IMG_20200702_073418_693\" srcset=\"https:\/\/le-doux-nid.com\/wp-content\/uploads\/2020\/07\/IMG_20200702_073418_693-150x150.jpg 150w, https:\/\/le-doux-nid.com\/wp-content\/uploads\/2020\/07\/IMG_20200702_073418_693-300x300.jpg 300w, https:\/\/le-doux-nid.com\/wp-content\/uploads\/2020\/07\/IMG_20200702_073418_693-100x100.jpg 100w\" sizes=\"auto, (max-width: 150px) 100vw, 150px\" \/><\/a><\/li><li class=\"isotope-item\"><a class=\"\" href=\"https:\/\/le-doux-nid.com\/wp-content\/uploads\/2020\/07\/IMG_20200702_073558_431-1024x576.jpg\" data-lightbox=\"lightbox[rel-979-712080847]\"><img loading=\"lazy\" decoding=\"async\" width=\"150\" height=\"150\" src=\"https:\/\/le-doux-nid.com\/wp-content\/uploads\/2020\/07\/IMG_20200702_073558_431-150x150.jpg\" class=\"attachment-thumbnail\" alt=\"\" title=\"IMG_20200702_073558_431\" srcset=\"https:\/\/le-doux-nid.com\/wp-content\/uploads\/2020\/07\/IMG_20200702_073558_431-150x150.jpg 150w, https:\/\/le-doux-nid.com\/wp-content\/uploads\/2020\/07\/IMG_20200702_073558_431-300x300.jpg 300w, https:\/\/le-doux-nid.com\/wp-content\/uploads\/2020\/07\/IMG_20200702_073558_431-100x100.jpg 100w\" sizes=\"auto, (max-width: 150px) 100vw, 150px\" \/><\/a><\/li><li class=\"isotope-item\"><a class=\"\" href=\"https:\/\/le-doux-nid.com\/wp-content\/uploads\/2020\/07\/IMG_20200702_073739_945-1024x576.jpg\" data-lightbox=\"lightbox[rel-979-712080847]\"><img loading=\"lazy\" decoding=\"async\" width=\"150\" height=\"150\" src=\"https:\/\/le-doux-nid.com\/wp-content\/uploads\/2020\/07\/IMG_20200702_073739_945-150x150.jpg\" class=\"attachment-thumbnail\" alt=\"\" title=\"IMG_20200702_073739_945\" srcset=\"https:\/\/le-doux-nid.com\/wp-content\/uploads\/2020\/07\/IMG_20200702_073739_945-150x150.jpg 150w, https:\/\/le-doux-nid.com\/wp-content\/uploads\/2020\/07\/IMG_20200702_073739_945-300x300.jpg 300w, https:\/\/le-doux-nid.com\/wp-content\/uploads\/2020\/07\/IMG_20200702_073739_945-100x100.jpg 100w\" sizes=\"auto, (max-width: 150px) 100vw, 150px\" \/><\/a><\/li><li class=\"isotope-item\"><a class=\"\" href=\"https:\/\/le-doux-nid.com\/wp-content\/uploads\/2020\/07\/IMG_20200702_073856_015-819x1024.jpg\" data-lightbox=\"lightbox[rel-979-712080847]\"><img loading=\"lazy\" decoding=\"async\" width=\"150\" height=\"150\" src=\"https:\/\/le-doux-nid.com\/wp-content\/uploads\/2020\/07\/IMG_20200702_073856_015-150x150.jpg\" class=\"attachment-thumbnail\" alt=\"\" title=\"IMG_20200702_073856_015\" srcset=\"https:\/\/le-doux-nid.com\/wp-content\/uploads\/2020\/07\/IMG_20200702_073856_015-150x150.jpg 150w, https:\/\/le-doux-nid.com\/wp-content\/uploads\/2020\/07\/IMG_20200702_073856_015-300x300.jpg 300w, https:\/\/le-doux-nid.com\/wp-content\/uploads\/2020\/07\/IMG_20200702_073856_015-100x100.jpg 100w\" sizes=\"auto, (max-width: 150px) 100vw, 150px\" \/><\/a><\/li><li class=\"isotope-item\"><a class=\"\" href=\"https:\/\/le-doux-nid.com\/wp-content\/uploads\/2020\/07\/IMG_20200702_074021_823-1024x576.jpg\" data-lightbox=\"lightbox[rel-979-712080847]\"><img loading=\"lazy\" decoding=\"async\" width=\"150\" height=\"150\" src=\"https:\/\/le-doux-nid.com\/wp-content\/uploads\/2020\/07\/IMG_20200702_074021_823-150x150.jpg\" class=\"attachment-thumbnail\" alt=\"\" title=\"IMG_20200702_074021_823\" srcset=\"https:\/\/le-doux-nid.com\/wp-content\/uploads\/2020\/07\/IMG_20200702_074021_823-150x150.jpg 150w, https:\/\/le-doux-nid.com\/wp-content\/uploads\/2020\/07\/IMG_20200702_074021_823-300x300.jpg 300w, https:\/\/le-doux-nid.com\/wp-content\/uploads\/2020\/07\/IMG_20200702_074021_823-100x100.jpg 100w\" sizes=\"auto, (max-width: 150px) 100vw, 150px\" \/><\/a><\/li><li class=\"isotope-item\"><a class=\"\" href=\"https:\/\/le-doux-nid.com\/wp-content\/uploads\/2020\/07\/IMG_20200702_074252_896-819x1024.jpg\" data-lightbox=\"lightbox[rel-979-712080847]\"><img loading=\"lazy\" decoding=\"async\" width=\"150\" height=\"150\" src=\"https:\/\/le-doux-nid.com\/wp-content\/uploads\/2020\/07\/IMG_20200702_074252_896-150x150.jpg\" class=\"attachment-thumbnail\" alt=\"\" title=\"IMG_20200702_074252_896\" srcset=\"https:\/\/le-doux-nid.com\/wp-content\/uploads\/2020\/07\/IMG_20200702_074252_896-150x150.jpg 150w, https:\/\/le-doux-nid.com\/wp-content\/uploads\/2020\/07\/IMG_20200702_074252_896-300x300.jpg 300w, https:\/\/le-doux-nid.com\/wp-content\/uploads\/2020\/07\/IMG_20200702_074252_896-100x100.jpg 100w\" sizes=\"auto, (max-width: 150px) 100vw, 150px\" \/><\/a><\/li><\/ul><\/div><\/div><\/div><\/div><\/div><\/div><\/div><\/div><\/div><\/div><div class=\"wpb_column vc_column_container vc_col-sm-12\"><div class=\"vc_column-inner\"><div class=\"wpb_wrapper\"><div class=\"pearl-section wpb_row vc_inner pearl-section-fluid pearl-elm-section\"><div class=\"room-detail wpb_column vc_column_container vc_col-sm-12\"><div class=\"vc_column-inner vc_custom_1489131027715\"><div class=\"wpb_wrapper\">\n\t<div class=\"wpb_text_column wpb_content_element text\" >\n\t\t<div class=\"wpb_wrapper\">\n\t\t\t<h3 style=\"text-align: center;\">Services propos\u00e9s<\/h3>\n\n\t\t<\/div>\n\t<\/div>\n\n\t<div class=\"wpb_text_column wpb_content_element room-overview\" >\n\t\t<div class=\"wpb_wrapper\">\n\t\t\t<div class=\"detail light-none\">\n<div class=\"left\"><strong>Capacit\u00e9 :<\/strong><\/div>\n<div class=\"right\">4 personnes<\/div>\n<\/div>\n<div class=\"detail light-gray\">\n<div class=\"left\"><strong>Literie<\/strong><\/div>\n<div class=\"right\">1 Lit double (180 x 200 cm)<\/div>\n<\/div>\n<div class=\"detail light-none\">\n<div class=\"left\"><strong>.<\/strong><\/div>\n<div class=\"right\">ou 2 lits une personne (90 x 200 cm) (suppl\u00e9ment TWIN : 10 euros)<\/div>\n<\/div>\n<div class=\"detail light-gray\">\n<div class=\"left\"><strong>.<\/strong><\/div>\n<div class=\"right\">+ 1 lit 140 x 200 cm<\/div>\n<\/div>\n<div class=\"detail light-none\">\n<div class=\"left\"><strong>Internet Wifi inclus :<\/strong><\/div>\n<div class=\"right\">OUI<\/div>\n<\/div>\n<div class=\"detail light-none\">\n<div class=\"left\"><strong>Salle de bain :<\/strong><\/div>\n<div class=\"right\">OUI. Individuelle.<\/div>\n<\/div>\n<div class=\"detail light-gray\">\n<div class=\"left\"><strong>WC :<\/strong><\/div>\n<div class=\"right\">OUI. Individuels.<\/div>\n<\/div>\n<div class=\"detail light-none\">\n<div class=\"left\"><strong>TV :<\/strong><\/div>\n<div class=\"right\">OUI. Sans co\u00fbt suppl\u00e9mentaire.<\/div>\n<\/div>\n<div class=\"detail light-gray\">\n<div class=\"left\"><strong>Equipements :<\/strong><\/div>\n<div class=\"right\">Frigo, Micro-Onde, Bouilloire, Machine \u00e0 Expresso<\/div>\n<\/div>\n\n\t\t<\/div>\n\t<\/div>\n<\/div><\/div><\/div><\/div><\/div><\/div><\/div><\/div>\n<\/div>","protected":false},"excerpt":{"rendered":"Le Doux Nid 3 Capacit\u00e9 : 3 personnes Tarifs de 85 \u00e0 109\u20ac 30\u20ac par personne suppl\u00e9mentaire, 20\u20ac pour enfant de 2 \u00e0 12 ans, gratuit pour les moins de 2 ans. Chaque chambre d\u2019h\u00f4te est dot\u00e9e d'une salle de bain avec douche, lavabo et WC, s\u00e8che serviette, d'un mini frigo\/cong\u00e9lateur, d'un micro-onde, d'une bouilloire....","protected":false},"featured_media":2549,"template":"","meta":{"inline_featured_image":false,"_exactmetrics_skip_tracking":false,"_exactmetrics_sitenote_active":false,"_exactmetrics_sitenote_note":"","_exactmetrics_sitenote_category":0},"product_brand":[],"product_cat":[77],"product_tag":[],"class_list":{"0":"post-979","1":"product","2":"type-product","3":"status-publish","4":"has-post-thumbnail","6":"product_cat-non-classe","8":"first","9":"instock","10":"virtual","11":"taxable","12":"product-type-simple"},"_links":{"self":[{"href":"https:\/\/le-doux-nid.com\/en\/wp-json\/wp\/v2\/product\/979","targetHints":{"allow":["GET"]}}],"collection":[{"href":"https:\/\/le-doux-nid.com\/en\/wp-json\/wp\/v2\/product"}],"about":[{"href":"https:\/\/le-doux-nid.com\/en\/wp-json\/wp\/v2\/types\/product"}],"wp:featuredmedia":[{"embeddable":true,"href":"https:\/\/le-doux-nid.com\/en\/wp-json\/wp\/v2\/media\/2549"}],"wp:attachment":[{"href":"https:\/\/le-doux-nid.com\/en\/wp-json\/wp\/v2\/media?parent=979"}],"wp:term":[{"taxonomy":"product_brand","embeddable":true,"href":"https:\/\/le-doux-nid.com\/en\/wp-json\/wp\/v2\/product_brand?post=979"},{"taxonomy":"product_cat","embeddable":true,"href":"https:\/\/le-doux-nid.com\/en\/wp-json\/wp\/v2\/product_cat?post=979"},{"taxonomy":"product_tag","embeddable":true,"href":"https:\/\/le-doux-nid.com\/en\/wp-json\/wp\/v2\/product_tag?post=979"}],"curies":[{"name":"wp","href":"https:\/\/api.w.org\/{rel}","templated":true}]}}