{"id":981,"date":"2017-03-10T08:52:33","date_gmt":"2017-03-10T07:52:33","guid":{"rendered":"https:\/\/le-doux-nid.com\/?post_type=product&#038;p=981"},"modified":"2026-04-15T19:27:27","modified_gmt":"2026-04-15T17:27:27","slug":"le-doux-nid-4","status":"publish","type":"product","link":"https:\/\/le-doux-nid.com\/en\/chambres\/sun\/","title":{"rendered":"Le Doux Nid 4"},"content":{"rendered":"<div class=\"wpb-content-wrapper\"><div class=\"pearl-section wpb_row pearl-section-fluid lettrine pearl-elm-section\"><div class=\"wpb_column vc_column_container vc_col-sm-12\"><div class=\"vc_column-inner\"><div class=\"wpb_wrapper\">\n\t<div class=\"wpb_text_column wpb_content_element text\" >\n\t\t<div class=\"wpb_wrapper\">\n\t\t\t<h1 style=\"text-align: center;\">Le Doux Nid 4<\/h1>\n\n\t\t<\/div>\n\t<\/div>\n<\/div><\/div><\/div><\/div><div data-vc-full-width=\"true\" data-vc-full-width-init=\"false\" class=\"pearl-section wpb_row pearl-section-fluid pearl-section-o-content-middle pearl-section-flex pearl-elm-section\"><div class=\"search-tool-v2 wpb_column vc_column_container vc_col-sm-12\"><div class=\"vc_column-inner\"><div class=\"wpb_wrapper\">\n\t<div class=\"wpb_raw_code wpb_raw_html wpb_content_element\" >\n\t\t<div class=\"wpb_wrapper\">\n\t\t\t<div class=\"resp-container\">\n  <iframe loading=\"lazy\" style=\"border:none\" class=\"resp_iframe\"\n    width=\"100%\"\n    height=\"420\"\n    src=\"https:\/\/le-doux-nid.amenitiz.io\/\">\n<\/iframe>\n<\/div>\n\n\t\t<\/div>\n\t<\/div>\n<\/div><\/div><\/div><\/div><div class=\"vc_row-full-width vc_clearfix\"><\/div><div class=\"pearl-section wpb_row pearl-section-fluid lettrine pearl-elm-section\"><div class=\"wpb_column vc_column_container vc_col-sm-12\"><div class=\"vc_column-inner\"><div class=\"wpb_wrapper\"><div class=\"pearl-section wpb_row vc_inner pearl-section-fluid pearl-elm-section\"><div class=\"wpb_column vc_column_container vc_col-sm-12\"><div class=\"vc_column-inner\"><div class=\"wpb_wrapper\">\n\t<div class=\"wpb_text_column wpb_content_element\" >\n\t\t<div class=\"wpb_wrapper\">\n\t\t\t<p>Capacit\u00e9 : 3 personnes<\/p>\n<p><strong>Chambre avec vue sur canal de Savi\u00e8res<\/strong><\/p>\n<p>Tarifs de 89 \u00e0 119\u20ac<\/p>\n<p>30\u20ac par personne suppl\u00e9mentaire, 20\u20ac pour les enfants de 2 \u00e0 12 ans, gratuit pour les moins de 2 ans.<\/p>\n<p>Chaque chambre d\u2019h\u00f4te est dot\u00e9e d&rsquo;une salle de bain avec douche, lavabo et WC, s\u00e8che serviette, d&rsquo;un mini frigo\/cong\u00e9lateur, d&rsquo;un micro-onde, d&rsquo;une bouilloire et d&rsquo;une machine \u00e0 expresso et d&rsquo;une TV pour votre plus grand confort. Th\u00e9, tisane et caf\u00e9 sont \u00e0 votre disposition. Wifi gratuit.<\/p>\n<p><em>Taxe de s\u00e9jour \u00e0 payer sur place en suppl\u00e9ment : 0,83\u20ac par adulte, gratuit pour les enfants de moins de 18 ans.<\/em><\/p>\n<h2><\/h2>\n\n\t\t<\/div>\n\t<\/div>\n<div class=\"wpb_gallery wpb_content_element vc_clearfix wpb_content_element\" ><div class=\"wpb_wrapper\"><div class=\"wpb_gallery_slides wpb_image_grid\" data-interval=\"3\"><ul class=\"wpb_image_grid_ul\"><li class=\"isotope-item\"><a class=\"\" href=\"https:\/\/le-doux-nid.com\/wp-content\/uploads\/2017\/03\/IMG_3113-1024x768.jpg\" data-lightbox=\"lightbox[rel-981-314474577]\"><img loading=\"lazy\" decoding=\"async\" width=\"150\" height=\"150\" src=\"https:\/\/le-doux-nid.com\/wp-content\/uploads\/2017\/03\/IMG_3113-150x150.jpg\" class=\"attachment-thumbnail\" alt=\"\" title=\"IMG_3113\" srcset=\"https:\/\/le-doux-nid.com\/wp-content\/uploads\/2017\/03\/IMG_3113-150x150.jpg 150w, https:\/\/le-doux-nid.com\/wp-content\/uploads\/2017\/03\/IMG_3113-300x300.jpg 300w, https:\/\/le-doux-nid.com\/wp-content\/uploads\/2017\/03\/IMG_3113-100x100.jpg 100w\" sizes=\"auto, (max-width: 150px) 100vw, 150px\" \/><\/a><\/li><li class=\"isotope-item\"><a class=\"\" href=\"https:\/\/le-doux-nid.com\/wp-content\/uploads\/2017\/03\/IMG_3112-1024x768.jpg\" data-lightbox=\"lightbox[rel-981-314474577]\"><img loading=\"lazy\" decoding=\"async\" width=\"150\" height=\"150\" src=\"https:\/\/le-doux-nid.com\/wp-content\/uploads\/2017\/03\/IMG_3112-150x150.jpg\" class=\"attachment-thumbnail\" alt=\"\" title=\"IMG_3112\" srcset=\"https:\/\/le-doux-nid.com\/wp-content\/uploads\/2017\/03\/IMG_3112-150x150.jpg 150w, https:\/\/le-doux-nid.com\/wp-content\/uploads\/2017\/03\/IMG_3112-300x300.jpg 300w, https:\/\/le-doux-nid.com\/wp-content\/uploads\/2017\/03\/IMG_3112-100x100.jpg 100w\" sizes=\"auto, (max-width: 150px) 100vw, 150px\" \/><\/a><\/li><li class=\"isotope-item\"><a class=\"\" href=\"https:\/\/le-doux-nid.com\/wp-content\/uploads\/2017\/03\/IMG_3115-1024x768.jpg\" data-lightbox=\"lightbox[rel-981-314474577]\"><img loading=\"lazy\" decoding=\"async\" width=\"150\" height=\"150\" src=\"https:\/\/le-doux-nid.com\/wp-content\/uploads\/2017\/03\/IMG_3115-150x150.jpg\" class=\"attachment-thumbnail\" alt=\"\" title=\"IMG_3115\" srcset=\"https:\/\/le-doux-nid.com\/wp-content\/uploads\/2017\/03\/IMG_3115-150x150.jpg 150w, https:\/\/le-doux-nid.com\/wp-content\/uploads\/2017\/03\/IMG_3115-300x300.jpg 300w, https:\/\/le-doux-nid.com\/wp-content\/uploads\/2017\/03\/IMG_3115-100x100.jpg 100w\" sizes=\"auto, (max-width: 150px) 100vw, 150px\" \/><\/a><\/li><li class=\"isotope-item\"><a class=\"\" href=\"https:\/\/le-doux-nid.com\/wp-content\/uploads\/2017\/03\/IMG_3114-1024x768.jpg\" data-lightbox=\"lightbox[rel-981-314474577]\"><img loading=\"lazy\" decoding=\"async\" width=\"150\" height=\"150\" src=\"https:\/\/le-doux-nid.com\/wp-content\/uploads\/2017\/03\/IMG_3114-150x150.jpg\" class=\"attachment-thumbnail\" alt=\"\" title=\"IMG_3114\" srcset=\"https:\/\/le-doux-nid.com\/wp-content\/uploads\/2017\/03\/IMG_3114-150x150.jpg 150w, https:\/\/le-doux-nid.com\/wp-content\/uploads\/2017\/03\/IMG_3114-300x300.jpg 300w, https:\/\/le-doux-nid.com\/wp-content\/uploads\/2017\/03\/IMG_3114-100x100.jpg 100w\" sizes=\"auto, (max-width: 150px) 100vw, 150px\" \/><\/a><\/li><li class=\"isotope-item\"><a class=\"\" href=\"https:\/\/le-doux-nid.com\/wp-content\/uploads\/2017\/03\/IMG_3116-1024x768.jpg\" data-lightbox=\"lightbox[rel-981-314474577]\"><img loading=\"lazy\" decoding=\"async\" width=\"150\" height=\"150\" src=\"https:\/\/le-doux-nid.com\/wp-content\/uploads\/2017\/03\/IMG_3116-150x150.jpg\" class=\"attachment-thumbnail\" alt=\"\" title=\"IMG_3116\" srcset=\"https:\/\/le-doux-nid.com\/wp-content\/uploads\/2017\/03\/IMG_3116-150x150.jpg 150w, https:\/\/le-doux-nid.com\/wp-content\/uploads\/2017\/03\/IMG_3116-300x300.jpg 300w, https:\/\/le-doux-nid.com\/wp-content\/uploads\/2017\/03\/IMG_3116-100x100.jpg 100w\" sizes=\"auto, (max-width: 150px) 100vw, 150px\" \/><\/a><\/li><li class=\"isotope-item\"><a class=\"\" href=\"https:\/\/le-doux-nid.com\/wp-content\/uploads\/2017\/03\/IMG_3111-1024x768.jpg\" data-lightbox=\"lightbox[rel-981-314474577]\"><img loading=\"lazy\" decoding=\"async\" width=\"150\" height=\"150\" src=\"https:\/\/le-doux-nid.com\/wp-content\/uploads\/2017\/03\/IMG_3111-150x150.jpg\" class=\"attachment-thumbnail\" alt=\"\" title=\"IMG_3111\" srcset=\"https:\/\/le-doux-nid.com\/wp-content\/uploads\/2017\/03\/IMG_3111-150x150.jpg 150w, https:\/\/le-doux-nid.com\/wp-content\/uploads\/2017\/03\/IMG_3111-300x300.jpg 300w, https:\/\/le-doux-nid.com\/wp-content\/uploads\/2017\/03\/IMG_3111-100x100.jpg 100w\" sizes=\"auto, (max-width: 150px) 100vw, 150px\" \/><\/a><\/li><li class=\"isotope-item\"><a class=\"\" href=\"https:\/\/le-doux-nid.com\/wp-content\/uploads\/2017\/03\/IMG_3117-1024x768.jpg\" data-lightbox=\"lightbox[rel-981-314474577]\"><img loading=\"lazy\" decoding=\"async\" width=\"150\" height=\"150\" src=\"https:\/\/le-doux-nid.com\/wp-content\/uploads\/2017\/03\/IMG_3117-150x150.jpg\" class=\"attachment-thumbnail\" alt=\"\" title=\"IMG_3117\" srcset=\"https:\/\/le-doux-nid.com\/wp-content\/uploads\/2017\/03\/IMG_3117-150x150.jpg 150w, https:\/\/le-doux-nid.com\/wp-content\/uploads\/2017\/03\/IMG_3117-300x300.jpg 300w, https:\/\/le-doux-nid.com\/wp-content\/uploads\/2017\/03\/IMG_3117-100x100.jpg 100w\" sizes=\"auto, (max-width: 150px) 100vw, 150px\" \/><\/a><\/li><\/ul><\/div><\/div><\/div><\/div><\/div><\/div><\/div><\/div><\/div><\/div><div class=\"wpb_column vc_column_container vc_col-sm-12\"><div class=\"vc_column-inner\"><div class=\"wpb_wrapper\"><div class=\"pearl-section wpb_row vc_inner pearl-section-fluid pearl-elm-section\"><div class=\"room-detail wpb_column vc_column_container vc_col-sm-12\"><div class=\"vc_column-inner vc_custom_1489131027715\"><div class=\"wpb_wrapper\">\n\t<div class=\"wpb_text_column wpb_content_element text\" >\n\t\t<div class=\"wpb_wrapper\">\n\t\t\t<h3 style=\"text-align: center;\">Services propos\u00e9s<\/h3>\n\n\t\t<\/div>\n\t<\/div>\n\n\t<div class=\"wpb_text_column wpb_content_element room-overview\" >\n\t\t<div class=\"wpb_wrapper\">\n\t\t\t<div class=\"detail light-none\">\n<div class=\"left\"><strong>Capacit\u00e9 :<\/strong><\/div>\n<div class=\"right\">4 personnes (2 adultes et 2 enfants ou 3 adultes)<\/div>\n<\/div>\n<div class=\"detail light-gray\">\n<div class=\"left\"><strong>Literie<\/strong><\/div>\n<div class=\"right\">1 Lit double (180 x 200 cm)<\/div>\n<\/div>\n<div class=\"detail light-none\">\n<div class=\"left\"><strong>.<\/strong><\/div>\n<div class=\"right\">ou 2 lits une personne (90 x 200 cm) (suppl\u00e9ment TWIN : 10 euros)<\/div>\n<\/div>\n<div class=\"detail light-gray\">\n<div class=\"left\"><strong>.<\/strong><\/div>\n<div class=\"right\">+ 1 lit 110 x 180 cm (pour 2 enfants &#8211; un peu juste pour 2 adultes)<\/div>\n<\/div>\n<div class=\"detail light-none\">\n<div class=\"left\"><strong>Internet Wifi inclu :<\/strong><\/div>\n<div class=\"right\">OUI<\/div>\n<\/div>\n<div class=\"detail light-none\">\n<div class=\"left\"><strong>Salle de bain :<\/strong><\/div>\n<div class=\"right\">OUI. Individuelle.<\/div>\n<\/div>\n<div class=\"detail light-gray\">\n<div class=\"left\"><strong>WC :<\/strong><\/div>\n<div class=\"right\">OUI. Individuels.<\/div>\n<\/div>\n<div class=\"detail light-none\">\n<div class=\"left\"><strong>TV :<\/strong><\/div>\n<div class=\"right\">OUI. Sans co\u00fbt suppl\u00e9mentaire.<\/div>\n<\/div>\n<div class=\"detail light-gray\">\n<div class=\"left\"><strong>Equipements :<\/strong><\/div>\n<div class=\"right\">Frigo, Micro-Onde, Bouilloire, Machine \u00e0 Expresso<\/div>\n<\/div>\n\n\t\t<\/div>\n\t<\/div>\n<\/div><\/div><\/div><\/div><\/div><\/div><\/div><\/div>\n<\/div>","protected":false},"excerpt":{"rendered":"Le Doux Nid 4 Capacit\u00e9 : 3 personnes Chambre avec vue sur canal de Savi\u00e8res Tarifs de 89 \u00e0 119\u20ac 30\u20ac par personne suppl\u00e9mentaire, 20\u20ac pour les enfants de 2 \u00e0 12 ans, gratuit pour les moins de 2 ans. Chaque chambre d\u2019h\u00f4te est dot\u00e9e d'une salle de bain avec douche, lavabo et WC, s\u00e8che....","protected":false},"featured_media":2563,"template":"","meta":{"inline_featured_image":false,"_exactmetrics_skip_tracking":false,"_exactmetrics_sitenote_active":false,"_exactmetrics_sitenote_note":"","_exactmetrics_sitenote_category":0},"product_brand":[],"product_cat":[77],"product_tag":[],"class_list":{"0":"post-981","1":"product","2":"type-product","3":"status-publish","4":"has-post-thumbnail","6":"product_cat-non-classe","8":"first","9":"instock","10":"virtual","11":"taxable","12":"product-type-simple"},"_links":{"self":[{"href":"https:\/\/le-doux-nid.com\/en\/wp-json\/wp\/v2\/product\/981","targetHints":{"allow":["GET"]}}],"collection":[{"href":"https:\/\/le-doux-nid.com\/en\/wp-json\/wp\/v2\/product"}],"about":[{"href":"https:\/\/le-doux-nid.com\/en\/wp-json\/wp\/v2\/types\/product"}],"wp:featuredmedia":[{"embeddable":true,"href":"https:\/\/le-doux-nid.com\/en\/wp-json\/wp\/v2\/media\/2563"}],"wp:attachment":[{"href":"https:\/\/le-doux-nid.com\/en\/wp-json\/wp\/v2\/media?parent=981"}],"wp:term":[{"taxonomy":"product_brand","embeddable":true,"href":"https:\/\/le-doux-nid.com\/en\/wp-json\/wp\/v2\/product_brand?post=981"},{"taxonomy":"product_cat","embeddable":true,"href":"https:\/\/le-doux-nid.com\/en\/wp-json\/wp\/v2\/product_cat?post=981"},{"taxonomy":"product_tag","embeddable":true,"href":"https:\/\/le-doux-nid.com\/en\/wp-json\/wp\/v2\/product_tag?post=981"}],"curies":[{"name":"wp","href":"https:\/\/api.w.org\/{rel}","templated":true}]}}