{"id":1107,"date":"2017-04-24T09:03:41","date_gmt":"2017-04-24T07:03:41","guid":{"rendered":"https:\/\/le-doux-nid.com\/?page_id=1107"},"modified":"2018-06-01T09:53:55","modified_gmt":"2018-06-01T07:53:55","slug":"merci","status":"publish","type":"page","link":"https:\/\/le-doux-nid.com\/it\/merci\/","title":{"rendered":"Merci"},"content":{"rendered":"<div class=\"wpb-content-wrapper\"><div class=\"pearl-section wpb_row pearl-section-fluid vc_custom_1470773149042 pearl-elm-section\"><div class=\"wpb_column vc_column_container vc_col-sm-12\"><div class=\"vc_column-inner\"><div class=\"wpb_wrapper\">\n\t<div class=\"wpb_text_column wpb_content_element\" >\n\t\t<div class=\"wpb_wrapper\">\n\t\t\t<h1 style=\"text-align: center;\">Votre r\u00e9servation au Doux Nid, Chanaz, Savoie.<\/h1>\n\n\t\t<\/div>\n\t<\/div>\n<div class=\"vc_message_box vc_message_box-outline vc_message_box-rounded vc_color-success wpb_animate_when_almost_visible wpb_bounceIn bounceIn vc_do_message info-importante\" ><div class=\"vc_message_box-icon\"><i class=\"fa fa-heart\"><\/i><\/div><p style=\"text-align: center; text-transform: uppercase; font-weight: bold; font-size: 2.0em; line-height: 1.0em; margin-top: 0 !important;\"><strong>MERCI !<\/strong><\/p>\n<\/div>\n\t<div class=\"wpb_text_column wpb_content_element\" >\n\t\t<div class=\"wpb_wrapper\">\n\t\t\t<p style=\"text-align: center;\">Votre r\u00e9servation est prise en compte.<\/p>\n<hr \/>\n<p style=\"text-align: center;\">Nous vous recontactons par e-mail pour vous le confirmer.<\/p>\n\n\t\t<\/div>\n\t<\/div>\n<div class=\"vc_empty_space\"   style=\"height: 100px\"><span class=\"vc_empty_space_inner\"><\/span><\/div><\/div><\/div><\/div><div class=\"wpb_column vc_column_container vc_col-sm-12\"><div class=\"vc_column-inner\"><div class=\"wpb_wrapper\"><\/div><\/div><\/div><\/div><div data-vc-full-width=\"true\" data-vc-full-width-init=\"false\" class=\"pearl-section wpb_row pearl-section-fluid testi vc_custom_1487021812658 pearl-elm-section\"><div class=\"wpb_column vc_column_container vc_col-sm-12\"><div class=\"vc_column-inner\"><div class=\"wpb_wrapper\">\t\t\t<div class=\"customer-words\" >\n                <div class=\"detail\">\n                \t                        <div class=\"main-title-white\">\n                                                                                        <h1>Ce qu&#039;en disent nos clients<\/h1>\n                                                        <p>... le loro opinioni sulle camere, il ristorante e i servizi.<\/p>                        <\/div>\n                                        <div class=\"testimonials\">\n\t\t\t\t\t\t                            <div class=\"span12\">\n                                <div id=\"owl-demo2\" class=\"owl-carousel\">\n                                                                            <div class=\"testi-sec\">\n                                            <img decoding=\"async\" src=\"https:\/\/le-doux-nid.com\/wp-content\/plugins\/pearl_core\/\/vc_custom\/shortcodes\/testimonials\/images\/placeholder.png\" alt=\"Sophie &amp; Christophe\">\n                                            <div class=\"height35\"><\/div>\n                                                                                            <span class=\"name\">Sophie &amp; Christophe<\/span>\n                                                                                                                                        <span class=\"work\">26\/12\/2016<\/span>\n                                                                                        <div class=\"height20\"><\/div>\n                                                                                            <p>Nous avons mis un mois au hasard car nous sommes venus plusieurs fois. Nous adorons le concept et avons fait presque toutes les chambres! Christophe est tr\u00e8s sympa et nous ne comprenons pas certains avis si n\u00e9gatifs (on peut toujours trouver des points de vigilance , mais pas autant).\nEn tout cas nous recommandons ce lieu, et nous en parlons souvent \u00e0 nos amis et famille.\nOn revient sur Chanaz cet \u00e9t\u00e9 et nous sommes ravis de revoir les lieux.\n\u00c0 tr\u00e8s bient\u00f4t\nSophie et Christophe\nS\u00e9jour du avril 2016<\/p>\n                                                                                        <div class=\"height20\"><\/div>\n                                                                                            <div class=\"rating\">\n                                                                                                            <i class=\"icon-star3\"><\/i>\n                                                                                                            <i class=\"icon-star3\"><\/i>\n                                                                                                            <i class=\"icon-star3\"><\/i>\n                                                                                                            <i class=\"icon-star3\"><\/i>\n                                                                                                            <i class=\"icon-star3\"><\/i>\n                                                                                                    <\/div>\n                                                                                    <\/div>\n                                        \n                                                                            <div class=\"testi-sec\">\n                                            <img decoding=\"async\" src=\"https:\/\/le-doux-nid.com\/wp-content\/plugins\/pearl_core\/\/vc_custom\/shortcodes\/testimonials\/images\/placeholder.png\" alt=\"147Car\">\n                                            <div class=\"height35\"><\/div>\n                                                                                            <span class=\"name\">147Car<\/span>\n                                                                                                                                        <span class=\"work\">25\/09\/2016<\/span>\n                                                                                        <div class=\"height20\"><\/div>\n                                                                                            <p>Dans la tranquilite automnale de chanaz.Avons loue ''comme un poisson dans l'eau'', chambre tr\u00e8s propre et d\u00e9co tr\u00e8s sympa \ud83d\ude42\nAvons pu utiliser jacuzzi (1h30 = 20e) ce qui \u00e9tait tr\u00e8s raisonnable avec fauteuil massant..et des lunettes futuristes qui vous masse les yeux!!\nPetit d\u00e9jeuner copieux: sale et sucre\nAccueil sympathique et souriant\nA refaire mais cette fois ci en famille dans la suite''comme un oiseau dans son nid''\nS\u00e9jour du novembre 2016 - voyage en amoureux<\/p>\n                                                                                        <div class=\"height20\"><\/div>\n                                                                                            <div class=\"rating\">\n                                                                                                            <i class=\"icon-star3\"><\/i>\n                                                                                                            <i class=\"icon-star3\"><\/i>\n                                                                                                            <i class=\"icon-star3\"><\/i>\n                                                                                                            <i class=\"icon-star3\"><\/i>\n                                                                                                            <i class=\"icon-star3\"><\/i>\n                                                                                                    <\/div>\n                                                                                    <\/div>\n                                        \n                                                                            <div class=\"testi-sec\">\n                                            <img decoding=\"async\" src=\"https:\/\/le-doux-nid.com\/wp-content\/plugins\/pearl_core\/\/vc_custom\/shortcodes\/testimonials\/images\/placeholder.png\" alt=\"Sylvie Andr\u00e9\">\n                                            <div class=\"height35\"><\/div>\n                                                                                            <span class=\"name\">Sylvie Andr\u00e9<\/span>\n                                                                                                                                        <span class=\"work\">24\/02\/2016 21:22<\/span>\n                                                                                        <div class=\"height20\"><\/div>\n                                                                                            <p>Merveilleux souvenir, week end de r\u00eave loin du bruit et des soucis .La chambre d'h\u00f4tes etait une petite merveille. Super d\u00e9co et propret\u00e9 irr\u00e9prochable . Un vrai petit nid , un petit \"Doux Nid\". Merci aussi \u00e0 l' accueil adorable de Christophe . Le seul probl\u00e8me ... C'est qu'on a plus envie de rentrer \u00e0 la maison apr\u00e8s  \ud83d\ude42 Donc ...\u00e0 bient\u00f4t puisque nous n'avons pas pu profiter du restaurant , c'est oblig\u00e9 , on va revenir  \ud83d\ude09<\/p>\n                                                                                        <div class=\"height20\"><\/div>\n                                                                                            <div class=\"rating\">\n                                                                                                            <i class=\"icon-star3\"><\/i>\n                                                                                                            <i class=\"icon-star3\"><\/i>\n                                                                                                            <i class=\"icon-star3\"><\/i>\n                                                                                                            <i class=\"icon-star3\"><\/i>\n                                                                                                            <i class=\"icon-star3\"><\/i>\n                                                                                                    <\/div>\n                                                                                    <\/div>\n                                        \n                                                                    <\/div>\n                            <\/div>\n                            <script>\n                                jQuery(document).ready(function(e) {\n                                    jQuery(\"#owl-demo2\").owlCarousel({\n                                        autoPlay: 5000,\n                                        stopOnHover: true,\n                                        navigation: true,\n                                        paginationSpeed: 2500,\n                                        goToFirstSpeed: 2000,\n                                        singleItem: true,\n                                        autoHeight: true,\n\t\t\t\t\t\t\t\t\t\titems : 1,\n                                    });\n                                });\n                            <\/script>\n                                            <\/div>\n                 <\/div>\n\t\t\t<\/div>\n\t\t\t<div class=\"pearl-section wpb_row vc_inner pearl-section-fluid pearl-elm-section\"><div class=\"wpb_column vc_column_container vc_col-sm-5\"><div class=\"vc_column-inner\"><div class=\"wpb_wrapper\">\n\t<div class=\"wpb_raw_code wpb_raw_html wpb_content_element\" >\n\t\t<div class=\"wpb_wrapper\">\n\t\t\t<div id=\"TA_cdsscrollingravewide441\" class=\"TA_cdsscrollingravewide\"><ul id=\"wteLpvKuSRX\" class=\"TA_links oyQYVFyYb\"><li id=\"NVJwSK46t7Mr\" class=\"Jv5lASNQ821\"><a target=\"_blank\" href=\"https:\/\/www.tripadvisor.fr\/\"><img decoding=\"async\" src=\"https:\/\/static.tacdn.com\/img2\/t4b\/Stacked_TA_logo.png\" alt=\"TripAdvisor\" class=\"widEXCIMG\" id=\"CDSWIDEXCLOGO\"\/><\/a><\/li><\/ul><\/div><script src=\"https:\/\/www.jscache.com\/wejs?wtype=cdsscrollingravewide&amp;uniq=441&amp;locationId=2553634&amp;lang=fr&amp;border=true&amp;shadow=false&amp;backgroundColor=white&amp;display_version=2\"><\/script>\n\t\t<\/div>\n\t<\/div>\n<\/div><\/div><\/div><div class=\"wpb_column vc_column_container vc_col-sm-3\"><div class=\"vc_column-inner\"><div class=\"wpb_wrapper\">\n\t<div class=\"wpb_raw_code wpb_raw_html wpb_content_element\" >\n\t\t<div class=\"wpb_wrapper\">\n\t\t\t<div id=\"TA_cdswritereviewlg260\" class=\"TA_cdswritereviewlg\"><ul id=\"Y1YF2xCZa\" class=\"TA_links kS1O2HkBAqC\"><li id=\"7UhNNdo\" class=\"hVG7MhF\"><a target=\"_blank\" href=\"https:\/\/www.tripadvisor.fr\/\"><img decoding=\"async\" src=\"https:\/\/www.tripadvisor.fr\/img\/cdsi\/img2\/branding\/medium-logo-12097-2.png\" alt=\"TripAdvisor\"\/><\/a><\/li><\/ul><\/div><script src=\"https:\/\/www.jscache.com\/wejs?wtype=cdswritereviewlg&amp;uniq=260&amp;locationId=2553634&amp;lang=fr&amp;lang=fr&amp;display_version=2\"><\/script>\n\t\t<\/div>\n\t<\/div>\n<\/div><\/div><\/div><div class=\"wpb_column vc_column_container vc_col-sm-2\"><div class=\"vc_column-inner\"><div class=\"wpb_wrapper\">\n\t<div class=\"wpb_raw_code wpb_raw_html wpb_content_element\" >\n\t\t<div class=\"wpb_wrapper\">\n\t\t\t<div id=\"TA_excellent271\" class=\"TA_excellent\"><ul id=\"IhIXKw69\" class=\"TA_links 3FnQcMIDUMs\"><li id=\"vKLjc9x9QB\" class=\"UqgT9riFHN\"><a target=\"_blank\" href=\"https:\/\/www.tripadvisor.fr\/\"><img decoding=\"async\" src=\"https:\/\/static.tacdn.com\/img2\/widget\/tripadvisor_logo_115x18.gif\" alt=\"TripAdvisor\" class=\"widEXCIMG\" id=\"CDSWIDEXCLOGO\"\/><\/a><\/li><\/ul><\/div><script src=\"https:\/\/www.jscache.com\/wejs?wtype=excellent&amp;uniq=271&amp;locationId=2553634&amp;lang=fr&amp;display_version=2\"><\/script>\n\t\t<\/div>\n\t<\/div>\n<\/div><\/div><\/div><div class=\"wpb_column vc_column_container vc_col-sm-2\"><div class=\"vc_column-inner\"><div class=\"wpb_wrapper\">\n\t<div class=\"wpb_raw_code wpb_raw_html wpb_content_element\" >\n\t\t<div class=\"wpb_wrapper\">\n\t\t\t<div id=\"TA_percentRecommended722\" class=\"TA_percentRecommended\"><ul id=\"uj7b9C7ijUrl\" class=\"TA_links olcX5ixzmfsB\"><li id=\"NQJ9wX\" class=\"FE9OlirPYk\"><a target=\"_blank\" href=\"https:\/\/www.tripadvisor.fr\/\"><img decoding=\"async\" src=\"https:\/\/www.tripadvisor.fr\/img2\/widget\/logo_shadow_109x26.png\" alt=\"TripAdvisor\" class=\"widPERIMG\" id=\"CDSWIDPERLOGO\"\/><\/a><\/li><\/ul><\/div><script src=\"https:\/\/www.jscache.com\/wejs?wtype=percentRecommended&amp;uniq=722&amp;locationId=2553634&amp;lang=fr&amp;border=true&amp;display_version=2\"><\/script>\n\t\t<\/div>\n\t<\/div>\n<\/div><\/div><\/div><\/div><\/div><\/div><\/div><\/div><div class=\"vc_row-full-width vc_clearfix\"><\/div>\n<\/div>","protected":false},"excerpt":{"rendered":"Votre r\u00e9servation au Doux Nid, Chanaz, Savoie. MERCI ! Votre r\u00e9servation est prise en compte. Nous vous recontactons par e-mail pour vous le confirmer. Ce qu&#039;en disent nos clients ... leurs avis sur les chambres, le restaurant, les services. Sophie &amp; Christophe 26\/12\/2016 Nous avons mis un mois au hasard car nous sommes venus plusieurs....","protected":false},"author":1,"featured_media":0,"parent":0,"menu_order":2,"comment_status":"closed","ping_status":"closed","template":"","meta":{"inline_featured_image":false,"_exactmetrics_skip_tracking":false,"_exactmetrics_sitenote_active":false,"_exactmetrics_sitenote_note":"","_exactmetrics_sitenote_category":0,"footnotes":""},"class_list":["post-1107","page","type-page","status-publish","hentry"],"_links":{"self":[{"href":"https:\/\/le-doux-nid.com\/it\/wp-json\/wp\/v2\/pages\/1107","targetHints":{"allow":["GET"]}}],"collection":[{"href":"https:\/\/le-doux-nid.com\/it\/wp-json\/wp\/v2\/pages"}],"about":[{"href":"https:\/\/le-doux-nid.com\/it\/wp-json\/wp\/v2\/types\/page"}],"author":[{"embeddable":true,"href":"https:\/\/le-doux-nid.com\/it\/wp-json\/wp\/v2\/users\/1"}],"replies":[{"embeddable":true,"href":"https:\/\/le-doux-nid.com\/it\/wp-json\/wp\/v2\/comments?post=1107"}],"version-history":[{"count":5,"href":"https:\/\/le-doux-nid.com\/it\/wp-json\/wp\/v2\/pages\/1107\/revisions"}],"predecessor-version":[{"id":1557,"href":"https:\/\/le-doux-nid.com\/it\/wp-json\/wp\/v2\/pages\/1107\/revisions\/1557"}],"wp:attachment":[{"href":"https:\/\/le-doux-nid.com\/it\/wp-json\/wp\/v2\/media?parent=1107"}],"curies":[{"name":"wp","href":"https:\/\/api.w.org\/{rel}","templated":true}]}}