{"id":674,"date":"2017-03-02T08:32:28","date_gmt":"2017-03-02T07:32:28","guid":{"rendered":"https:\/\/le-doux-nid.com\/?page_id=674"},"modified":"2017-03-20T23:53:45","modified_gmt":"2017-03-20T22:53:45","slug":"conditions-generales-de-vente-et-d-hebergement","status":"publish","type":"page","link":"https:\/\/le-doux-nid.com\/it\/conditions-generales-de-vente-et-d-hebergement\/","title":{"rendered":"Conditions g\u00e9n\u00e9rales de vente \/ d&rsquo;h\u00e9bergement"},"content":{"rendered":"<div class=\"pearl-section wpb_row pearl-section-fluid pearl-elm-section\"><div class=\"wpb_column vc_column_container vc_col-sm-12\"><div class=\"vc_column-inner\"><div class=\"wpb_wrapper\">\n\t<div class=\"wpb_text_column wpb_content_element\" >\n\t\t<div class=\"wpb_wrapper\">\n\t\t\t\n\t\t<\/div>\n\t<\/div>\n<div class=\"pearl-section wpb_row vc_inner pearl-section-fluid pearl-elm-section\"><div class=\"wpb_column vc_column_container vc_col-sm-12\"><div class=\"vc_column-inner\"><div class=\"wpb_wrapper\">\n\t<div class=\"wpb_text_column wpb_content_element\" >\n\t\t<div class=\"wpb_wrapper\">\n\t\t\t<h1 style=\"text-align: center;\">Conditions g\u00e9n\u00e9rales de vente des s\u00e9jours au Doux Nid<\/h1>\n\n\t\t<\/div>\n\t<\/div>\n<div class=\"vc_separator wpb_content_element vc_separator_align_center vc_sep_width_50 vc_sep_pos_align_center vc_separator_no_text vc_sep_color_black wpb_content_element  wpb_content_element\" ><span class=\"vc_sep_holder vc_sep_holder_l\"><span class=\"vc_sep_line\"><\/span><\/span><span class=\"vc_sep_holder vc_sep_holder_r\"><span class=\"vc_sep_line\"><\/span><\/span>\n<\/div><\/div><\/div><\/div><\/div><div class=\"pearl-section wpb_row vc_inner pearl-section-fluid pearl-elm-section\"><div class=\"wpb_column vc_column_container vc_col-sm-12\"><div class=\"vc_column-inner\"><div class=\"wpb_wrapper\">\n\t<div class=\"wpb_text_column wpb_content_element\" >\n\t\t<div class=\"wpb_wrapper\">\n\t\t\t<h3>Article 1 : Dur\u00e9e du s\u00e9jour<\/h3>\n\n\t\t<\/div>\n\t<\/div>\n\n\t<div class=\"wpb_text_column wpb_content_element\" >\n\t\t<div class=\"wpb_wrapper\">\n\t\t\t<p>Le client signataire du pr\u00e9sent contrat conclu pour une dur\u00e9e d\u00e9termin\u00e9e ne pourra en aucune circonstance se pr\u00e9valoir d\u2019un quelconque droit au maintien dans les lieux.<\/p>\n\n\t\t<\/div>\n\t<\/div>\n<\/div><\/div><\/div><\/div><div class=\"pearl-section wpb_row vc_inner pearl-section-fluid pearl-elm-section\"><div class=\"wpb_column vc_column_container vc_col-sm-12\"><div class=\"vc_column-inner\"><div class=\"wpb_wrapper\">\n\t<div class=\"wpb_text_column wpb_content_element\" >\n\t\t<div class=\"wpb_wrapper\">\n\t\t\t<h3>Article 2\u00a0:\u00a0Formalit\u00e9 de r\u00e9servation<\/h3>\n\n\t\t<\/div>\n\t<\/div>\n\n\t<div class=\"wpb_text_column wpb_content_element\" >\n\t\t<div class=\"wpb_wrapper\">\n\t\t\t<p>Apr\u00e8s r\u00e9ception de votre r\u00e9servation, nous vous adressons par courriel, une confirmation \u00e9crite. Vous avez le choix de r\u00e9gler la totalit\u00e9 de votre s\u00e9jour ou 50% d\u2019arrhes dans un d\u00e9lai maximum de deux semaines (mais plus rapidement s\u2019il s\u2019agit d\u2019une r\u00e9servation effectu\u00e9e avec un pr\u00e9avis moindre). Une fois ces arrhes re\u00e7us, la r\u00e9servation devient ferme. Par le r\u00e8glement des arrhes, vous confirmez votre accord plein et entier avec les conditions g\u00e9n\u00e9rales sp\u00e9cifi\u00e9es ci-apr\u00e8s. Merci de bien vouloir noter que sans le versement des arrhes dans le d\u00e9lai imparti, la r\u00e9servation n\u2019est pas confirm\u00e9e et que, en cons\u00e9quence, nous nous r\u00e9servons le droit de r\u00e9cup\u00e9rer les chambres.<\/p>\n\n\t\t<\/div>\n\t<\/div>\n<\/div><\/div><\/div><\/div><div class=\"pearl-section wpb_row vc_inner pearl-section-fluid pearl-elm-section\"><div class=\"wpb_column vc_column_container vc_col-sm-12\"><div class=\"vc_column-inner\"><div class=\"wpb_wrapper\">\n\t<div class=\"wpb_text_column wpb_content_element\" >\n\t\t<div class=\"wpb_wrapper\">\n\t\t\t<h3>Article 3\u00a0:\u00a0Annulation du s\u00e9jour par le client<\/h3>\n\n\t\t<\/div>\n\t<\/div>\n\n\t<div class=\"wpb_text_column wpb_content_element\" >\n\t\t<div class=\"wpb_wrapper\">\n\t\t\t<p>Toute modification n\u2019est possible qu\u2019apr\u00e8s l\u2019accord de \u00ab Le Doux Nid \u00bb et peut entra\u00eener des frais suppl\u00e9mentaires.<br \/>\nNous vous informons qu\u2019en cas d\u2019annulation de la r\u00e9servation avant le d\u00e9but du s\u00e9jour, il sera d\u00fb, \u00e0 titre de clause p\u00e9nale par le client, une indemnit\u00e9 fix\u00e9e de la fa\u00e7on suivante :<br \/>\n&#8211; si l\u2019annulation intervient plus de 8 jours avant la date d\u2019arriv\u00e9e, les arrhes seront rembours\u00e9es enti\u00e8rement ;<br \/>\n&#8211; si l\u2019annulation intervient moins de 7 jours avant la date d\u2019arriv\u00e9e, la totalit\u00e9 du paiement restera acquise \u00e0 \u00ab Le Doux Nid \u00bb, sauf si nous parvenons \u00e0 relouer la\/les chambre(s).<br \/>\nEn cas de d\u00e9part anticip\u00e9 en cours de s\u00e9jour : r\u00e8glement total de la prestation r\u00e9serv\u00e9e.<\/p>\n\n\t\t<\/div>\n\t<\/div>\n<\/div><\/div><\/div><\/div><div class=\"pearl-section wpb_row vc_inner pearl-section-fluid pearl-elm-section\"><div class=\"wpb_column vc_column_container vc_col-sm-12\"><div class=\"vc_column-inner\"><div class=\"wpb_wrapper\">\n\t<div class=\"wpb_text_column wpb_content_element\" >\n\t\t<div class=\"wpb_wrapper\">\n\t\t\t<h3 style=\"text-align: left;\">Article 4\u00a0:\u00a0Assurance annulation<\/h3>\n\n\t\t<\/div>\n\t<\/div>\n\n\t<div class=\"wpb_text_column wpb_content_element\" >\n\t\t<div class=\"wpb_wrapper\">\n\t\t\t<p>Nous attirons votre attention sur le fait qu\u2019aucune assurance annulation n\u2019est incluse dans nos tarifs. Il est par cons\u00e9quent vivement recommand\u00e9 d\u2019en souscrire une.<\/p>\n\n\t\t<\/div>\n\t<\/div>\n<\/div><\/div><\/div><\/div><div class=\"pearl-section wpb_row vc_inner pearl-section-fluid pearl-elm-section\"><div class=\"wpb_column vc_column_container vc_col-sm-12\"><div class=\"vc_column-inner\"><div class=\"wpb_wrapper\">\n\t<div class=\"wpb_text_column wpb_content_element\" >\n\t\t<div class=\"wpb_wrapper\">\n\t\t\t<h3>Article 5\u00a0:\u00a0Annulation du s\u00e9jour par le propri\u00e9taire<\/h3>\n\n\t\t<\/div>\n\t<\/div>\n\n\t<div class=\"wpb_text_column wpb_content_element\" >\n\t\t<div class=\"wpb_wrapper\">\n\t\t\t<p style=\"line-height: 14.4pt; vertical-align: baseline; margin: 0cm 0cm 12.0pt 0cm;\">Si, avant le d\u00e9but du s\u00e9jour, le propri\u00e9taire est amen\u00e9 \u00e0 annuler la r\u00e9servation, il doit aussit\u00f4t en informer son client par email ou par t\u00e9l\u00e9phone. Le client sera alors imm\u00e9diatement et int\u00e9gralement rembours\u00e9 des sommes qu\u2019il aura d\u00e9j\u00e0 vers\u00e9es. Il recevra en outre une indemnit\u00e9 \u00e9gale \u00e0 la p\u00e9nalit\u00e9 qu\u2019il aurait support\u00e9e si l\u2019annulation \u00e9tait intervenue de son fait \u00e0 cette date.<\/p>\n\n\t\t<\/div>\n\t<\/div>\n<\/div><\/div><\/div><\/div><div class=\"pearl-section wpb_row vc_inner pearl-section-fluid pearl-elm-section\"><div class=\"wpb_column vc_column_container vc_col-sm-12\"><div class=\"vc_column-inner\"><div class=\"wpb_wrapper\">\n\t<div class=\"wpb_text_column wpb_content_element\" >\n\t\t<div class=\"wpb_wrapper\">\n\t\t\t<h3>Article 6\u00a0:\u00a0Heure d&rsquo;arriv\u00e9e<\/h3>\n\n\t\t<\/div>\n\t<\/div>\n\n\t<div class=\"wpb_text_column wpb_content_element\" >\n\t\t<div class=\"wpb_wrapper\">\n\t\t\t<p>Le client doit se pr\u00e9senter le jour pr\u00e9cis\u00e9 lors de sa r\u00e9servation g\u00e9n\u00e9ralement entre 17h30 et 18h30. Le client pr\u00e9viendra par email ou t\u00e9l\u00e9phone s il est contraint d\u2019arriver en dehors ce cr\u00e9neau horaire (le.doux.nid@gmail.com ou 06 32 86 97 61). Il est possible d\u2019arriver en dehors de ces horaires en accord avec \u00ab Le Doux Nid \u00bb. L\u2019\u00e9tablissement dispose d\u2019un acc\u00e8s avec un digicode pour les accueils tardifs ou en cas d\u2019impossibilit\u00e9 d\u2019accueil par \u00ab Le Doux Nid \u00bb.<\/p>\n\n\t\t<\/div>\n\t<\/div>\n<\/div><\/div><\/div><\/div><div class=\"pearl-section wpb_row vc_inner pearl-section-fluid pearl-elm-section\"><div class=\"wpb_column vc_column_container vc_col-sm-12\"><div class=\"vc_column-inner\"><div class=\"wpb_wrapper\">\n\t<div class=\"wpb_text_column wpb_content_element\" >\n\t\t<div class=\"wpb_wrapper\">\n\t\t\t<h3>Article 7 :\u00a0Heure de d\u00e9part<\/h3>\n\n\t\t<\/div>\n\t<\/div>\n\n\t<div class=\"wpb_text_column wpb_content_element\" >\n\t\t<div class=\"wpb_wrapper\">\n\t\t\t<p>L\u2019heure de d\u00e9part des chambres est fix\u00e9e \u00e0 11 heures au plus tard.<\/p>\n\n\t\t<\/div>\n\t<\/div>\n<\/div><\/div><\/div><\/div><div class=\"pearl-section wpb_row vc_inner pearl-section-fluid pearl-elm-section\"><div class=\"wpb_column vc_column_container vc_col-sm-12\"><div class=\"vc_column-inner\"><div class=\"wpb_wrapper\">\n\t<div class=\"wpb_text_column wpb_content_element\" >\n\t\t<div class=\"wpb_wrapper\">\n\t\t\t<h3>Article 8 : R\u00e8glement du solde<\/h3>\n\n\t\t<\/div>\n\t<\/div>\n\n\t<div class=\"wpb_text_column wpb_content_element\" >\n\t\t<div class=\"wpb_wrapper\">\n\t\t\t<p>Le solde du s\u00e9jour est \u00e0 r\u00e9gler la veille du d\u00e9part, \u00e0 l\u2019initiative du client.<\/p>\n\n\t\t<\/div>\n\t<\/div>\n<\/div><\/div><\/div><\/div><div class=\"pearl-section wpb_row vc_inner pearl-section-fluid pearl-elm-section\"><div class=\"wpb_column vc_column_container vc_col-sm-12\"><div class=\"vc_column-inner\"><div class=\"wpb_wrapper\">\n\t<div class=\"wpb_text_column wpb_content_element\" >\n\t\t<div class=\"wpb_wrapper\">\n\t\t\t<h3>Article 9 : Changement de chambres<\/h3>\n\n\t\t<\/div>\n\t<\/div>\n\n\t<div class=\"wpb_text_column wpb_content_element\" >\n\t\t<div class=\"wpb_wrapper\">\n\t\t\t<p>Le propri\u00e9taire se r\u00e9serve la possibilit\u00e9 de changer la chambre initialement r\u00e9serv\u00e9e par le client (et sous r\u00e9serve de son accord) par une chambre de m\u00eame capacit\u00e9 ou de standing \u00e9quivalent. En pareil cas, le co\u00fbt de la r\u00e9servation reste inchang\u00e9.<\/p>\n\n\t\t<\/div>\n\t<\/div>\n<\/div><\/div><\/div><\/div><div class=\"pearl-section wpb_row vc_inner pearl-section-fluid pearl-elm-section\"><div class=\"wpb_column vc_column_container vc_col-sm-12\"><div class=\"vc_column-inner\"><div class=\"wpb_wrapper\">\n\t<div class=\"wpb_text_column wpb_content_element\" >\n\t\t<div class=\"wpb_wrapper\">\n\t\t\t<h3>Article 10 :\u00a0Animaux de compagnie<\/h3>\n\n\t\t<\/div>\n\t<\/div>\n\n\t<div class=\"wpb_text_column wpb_content_element\" >\n\t\t<div class=\"wpb_wrapper\">\n\t\t\t<p>Les animaux de compagnie sont autoris\u00e9s. \u00ab Le Doux Nid \u00bb demande un suppl\u00e9ment de 10 euros par nuit et par animal. L\u2019attention des h\u00f4tes est attir\u00e9e sur le fait que les animaux \u00e9voluant dans la maison sont plac\u00e9s sous l\u2019unique et enti\u00e8re responsabilit\u00e9 de leurs propri\u00e9taire ou des personnes ayant autorit\u00e9 sur eux. Les propri\u00e9taires doivent faire respecter les lieux par leur animal.<\/p>\n\n\t\t<\/div>\n\t<\/div>\n<\/div><\/div><\/div><\/div><div class=\"pearl-section wpb_row vc_inner pearl-section-fluid pearl-elm-section\"><div class=\"wpb_column vc_column_container vc_col-sm-12\"><div class=\"vc_column-inner\"><div class=\"wpb_wrapper\">\n\t<div class=\"wpb_text_column wpb_content_element\" >\n\t\t<div class=\"wpb_wrapper\">\n\t\t\t<h3>Article 11 : Art de vivre et utilisation des lieux<\/h3>\n\n\t\t<\/div>\n\t<\/div>\n\n\t<div class=\"wpb_text_column wpb_content_element\" >\n\t\t<div class=\"wpb_wrapper\">\n\t\t\t<p>Afin de garantir la qui\u00e9tude des lieux et le confort des h\u00f4tes du Doux Nid, le respect d\u2019un certain \u00ab art de vivre \u00bb est exig\u00e9 de tous. Il est notamment demand\u00e9 de ne pas fumer \u00e0 l\u2019int\u00e9rieur des chambres et des espaces communs. Le client s\u2019engage plus g\u00e9n\u00e9ralement \u00e0 respecter les consignes de savoir-vivre qui lui seront indiqu\u00e9es, celles qui s\u2019imposent \u00e0 tous d\u00e8s lors qu\u2019on vit en communaut\u00e9 et les pr\u00e9sentes conditions g\u00e9n\u00e9rales de vente.<br \/>\nLe client s\u2019engage \u00e0 rendre les chambres en parfait \u00e9tat \u00e0 la fin du s\u00e9jour et \u00e0 d\u00e9clarer syst\u00e9matiquement \u2013 et \u00e0 assumer financi\u00e8rement \u2013 toute d\u00e9gradation dont il serait responsable.<br \/>\nL\u2019attention des h\u00f4tes est attir\u00e9e sur le fait que les mineurs \u00e9voluant sur la propri\u00e9t\u00e9 sont plac\u00e9s sous l\u2019unique et enti\u00e8re responsabilit\u00e9 de leurs parents ou des personnes ayant autorit\u00e9 sur eux.<br \/>\nLe Doux Nid n\u2019acceptera aucune responsabilit\u00e9 en cas de perte, de vol et\/ou de dommages ou de blessures caus\u00e9s aux biens et\/ou aux personnes se trouvant sur la propri\u00e9t\u00e9, et ce quelle qu\u2019en soit la cause.<\/p>\n\n\t\t<\/div>\n\t<\/div>\n<\/div><\/div><\/div><\/div><div class=\"pearl-section wpb_row vc_inner pearl-section-fluid pearl-elm-section\"><div class=\"wpb_column vc_column_container vc_col-sm-12\"><div class=\"vc_column-inner\"><div class=\"wpb_wrapper\">\n\t<div class=\"wpb_text_column wpb_content_element\" >\n\t\t<div class=\"wpb_wrapper\">\n\t\t\t<h3>Article 12 :\u00a0Modification des conditions g\u00e9n\u00e9rales de vente<\/h3>\n\n\t\t<\/div>\n\t<\/div>\n\n\t<div class=\"wpb_text_column wpb_content_element\" >\n\t\t<div class=\"wpb_wrapper\">\n\t\t\t<p>Les pr\u00e9sentes conditions de vente sont modifiables \u00e0 tout moment et sans pr\u00e9avis. L\u2019acceptation et le respect de ces conditions de vente sont r\u00e9put\u00e9s acquis aussit\u00f4t les arrhes vers\u00e9es.<\/p>\n\n\t\t<\/div>\n\t<\/div>\n<\/div><\/div><\/div><\/div><div class=\"pearl-section wpb_row vc_inner pearl-section-fluid pearl-elm-section\"><div class=\"wpb_column vc_column_container vc_col-sm-12\"><div class=\"vc_column-inner\"><div class=\"wpb_wrapper\">\n\t<div class=\"wpb_text_column wpb_content_element\" >\n\t\t<div class=\"wpb_wrapper\">\n\t\t\t<h3>Article 13 :\u00a0Loi informatique et lib\u00e9rt\u00e9<\/h3>\n\n\t\t<\/div>\n\t<\/div>\n\n\t<div class=\"wpb_text_column wpb_content_element\" >\n\t\t<div class=\"wpb_wrapper\">\n\t\t\t<p>Conform\u00e9ment \u00e0 la loi n\u00b0 78-17 du 6 janvier 1978 relative \u00e0 l\u2019informatique, aux fichiers et aux libert\u00e9s, vous b\u00e9n\u00e9ficiez d\u2019un droit d\u2019acc\u00e8s et de rectification aux donn\u00e9es vous concernant. Nous nous engageons \u00e0 ne transmettre en aucun cas les informations que vous nous avez communiqu\u00e9es \u00e0 d\u2019autres soci\u00e9t\u00e9s ou organismes.<\/p>\n\n\t\t<\/div>\n\t<\/div>\n<\/div><\/div><\/div><\/div><\/div><\/div><\/div><\/div>","protected":false},"excerpt":{"rendered":"Conditions g\u00e9n\u00e9rales de vente des s\u00e9jours au Doux Nid Article 1 : Dur\u00e9e du s\u00e9jour Le client signataire du pr\u00e9sent contrat conclu pour une dur\u00e9e d\u00e9termin\u00e9e ne pourra en aucune circonstance se pr\u00e9valoir d\u2019un quelconque droit au maintien dans les lieux. Article 2\u00a0:\u00a0Formalit\u00e9 de r\u00e9servation Apr\u00e8s r\u00e9ception de votre r\u00e9servation, nous vous adressons par courriel,....","protected":false},"author":1,"featured_media":0,"parent":0,"menu_order":16,"comment_status":"closed","ping_status":"closed","template":"","meta":{"inline_featured_image":false,"_exactmetrics_skip_tracking":false,"_exactmetrics_sitenote_active":false,"_exactmetrics_sitenote_note":"","_exactmetrics_sitenote_category":0,"footnotes":""},"class_list":["post-674","page","type-page","status-publish","hentry"],"_links":{"self":[{"href":"https:\/\/le-doux-nid.com\/it\/wp-json\/wp\/v2\/pages\/674","targetHints":{"allow":["GET"]}}],"collection":[{"href":"https:\/\/le-doux-nid.com\/it\/wp-json\/wp\/v2\/pages"}],"about":[{"href":"https:\/\/le-doux-nid.com\/it\/wp-json\/wp\/v2\/types\/page"}],"author":[{"embeddable":true,"href":"https:\/\/le-doux-nid.com\/it\/wp-json\/wp\/v2\/users\/1"}],"replies":[{"embeddable":true,"href":"https:\/\/le-doux-nid.com\/it\/wp-json\/wp\/v2\/comments?post=674"}],"version-history":[{"count":9,"href":"https:\/\/le-doux-nid.com\/it\/wp-json\/wp\/v2\/pages\/674\/revisions"}],"predecessor-version":[{"id":847,"href":"https:\/\/le-doux-nid.com\/it\/wp-json\/wp\/v2\/pages\/674\/revisions\/847"}],"wp:attachment":[{"href":"https:\/\/le-doux-nid.com\/it\/wp-json\/wp\/v2\/media?parent=674"}],"curies":[{"name":"wp","href":"https:\/\/api.w.org\/{rel}","templated":true}]}}