{"id":3934,"date":"2023-01-05T14:11:15","date_gmt":"2023-01-05T13:11:15","guid":{"rendered":"https:\/\/le-doux-nid.com\/?post_type=product&#038;p=3934"},"modified":"2026-04-11T18:33:11","modified_gmt":"2026-04-11T16:33:11","slug":"lalcove","status":"publish","type":"product","link":"https:\/\/le-doux-nid.com\/it\/chambres\/lalcova\/","title":{"rendered":"Chez Colin 1"},"content":{"rendered":"<div class=\"pearl-section wpb_row pearl-section-fluid lettrine pearl-elm-section\"><div class=\"wpb_column vc_column_container vc_col-sm-12\"><div class=\"vc_column-inner\"><div class=\"wpb_wrapper\">\n\t<div class=\"wpb_text_column wpb_content_element text\" >\n\t\t<div class=\"wpb_wrapper\">\n\t\t\t<h1 style=\"text-align: center;\">Chez Colin 1<\/h1>\n\n\t\t<\/div>\n\t<\/div>\n\n\t<div class=\"wpb_text_column wpb_content_element text\" >\n\t\t<div class=\"wpb_wrapper\">\n\t\t\t<p><strong>Comme son nom l&rsquo;indique, plongez dans l&rsquo;univers cocooning de ce petit nid douillet situ\u00e9 au rez-de-chauss\u00e9e.<br \/>\n<\/strong><strong>Levez les yeux mais attention \u00e0 la t\u00eate lorsque vous ouvrez la fen\u00eatre !<br \/>\n<\/strong><strong>Installez vous confortablement le temps d&rsquo;une escale au sein de la Petite Venise Savoyarde.<\/strong><\/p>\n\n\t\t<\/div>\n\t<\/div>\n<\/div><\/div><\/div><\/div><div class=\"pearl-section wpb_row pearl-section-fluid lettrine pearl-elm-section\"><div class=\"wpb_column vc_column_container vc_col-sm-12\"><div class=\"vc_column-inner\"><div class=\"wpb_wrapper\">\n\t<div class=\"wpb_raw_code wpb_raw_html wpb_content_element\" >\n\t\t<div class=\"wpb_wrapper\">\n\t\t\t<div class=\"resp-container\">\n  <iframe loading=\"lazy\" style=\"border:none\" class=\"resp_iframe\"\n    width=\"100%\"\n    height=\"420\"\n    src=\"https:\/\/le-doux-nid.amenitiz.io\/\">\n<\/iframe>\n<\/div>\n\n\t\t<\/div>\n\t<\/div>\n<div class=\"pearl-section wpb_row vc_inner pearl-section-fluid pearl-elm-section\"><div class=\"wpb_column vc_column_container vc_col-sm-12\"><div class=\"vc_column-inner\"><div class=\"wpb_wrapper\">\n\t<div class=\"wpb_text_column wpb_content_element\" >\n\t\t<div class=\"wpb_wrapper\">\n\t\t\t<p><strong>Capacit\u00e9 : 2\u00a0 personnes<\/strong><\/p>\n<p><strong>Cette chambre modeste dot\u00e9e d&rsquo;un lit double 140 x 190 peut id\u00e9alement accueillir 1 ou 2 personnes. Elle dispose d&rsquo;une salle de bain avec douche, lavabo et WC, s\u00e8che serviette, d&rsquo;un frigo\/cong\u00e9lateur, d&rsquo;un micro-onde, d&rsquo;une bouilloire ainsi qu&rsquo;une machine \u00e0 expresso. <\/strong><strong>Enfin pour votre plus grand confort une t\u00e9l\u00e9vision avec th\u00e9, tisane et caf\u00e9 sont \u00e0 votre disposition. Le wifi est gratuit pour toute la dur\u00e9e de votre s\u00e9jour.\u00a0<\/strong><\/p>\n<p><strong><em>Taxe de s\u00e9jour \u00e0 payer sur place en suppl\u00e9ment : 0,83\u20ac par adulte, gratuit pour les enfants de moins de 18 ans.<\/em><\/strong><\/p>\n\n\t\t<\/div>\n\t<\/div>\n<\/div><\/div><\/div><\/div><\/div><\/div><\/div><div class=\"wpb_column vc_column_container vc_col-sm-12\"><div class=\"vc_column-inner\"><div class=\"wpb_wrapper\"><div class=\"wpb_gallery wpb_content_element vc_clearfix vc_custom_1686739933885 wpb_content_element\" ><div class=\"wpb_wrapper\"><div class=\"wpb_gallery_slides wpb_image_grid\" data-interval=\"3\"><ul class=\"wpb_image_grid_ul\"><li class=\"isotope-item\"><a class=\"\" href=\"https:\/\/le-doux-nid.com\/wp-content\/uploads\/2023\/01\/received_653679723261584-1024x577.jpeg\" data-lightbox=\"lightbox[rel-3934-3903982506]\"><img loading=\"lazy\" decoding=\"async\" width=\"150\" height=\"150\" src=\"https:\/\/le-doux-nid.com\/wp-content\/uploads\/2023\/01\/received_653679723261584-150x150.jpeg\" class=\"attachment-thumbnail\" alt=\"\" title=\"received_653679723261584\" srcset=\"https:\/\/le-doux-nid.com\/wp-content\/uploads\/2023\/01\/received_653679723261584-150x150.jpeg 150w, https:\/\/le-doux-nid.com\/wp-content\/uploads\/2023\/01\/received_653679723261584-300x300.jpeg 300w, https:\/\/le-doux-nid.com\/wp-content\/uploads\/2023\/01\/received_653679723261584-100x100.jpeg 100w\" sizes=\"auto, (max-width: 150px) 100vw, 150px\" \/><\/a><\/li><li class=\"isotope-item\"><a class=\"\" href=\"https:\/\/le-doux-nid.com\/wp-content\/uploads\/2023\/01\/received_119524634440884-1024x577.jpeg\" data-lightbox=\"lightbox[rel-3934-3903982506]\"><img loading=\"lazy\" decoding=\"async\" width=\"150\" height=\"150\" src=\"https:\/\/le-doux-nid.com\/wp-content\/uploads\/2023\/01\/received_119524634440884-150x150.jpeg\" class=\"attachment-thumbnail\" alt=\"\" title=\"received_119524634440884\" srcset=\"https:\/\/le-doux-nid.com\/wp-content\/uploads\/2023\/01\/received_119524634440884-150x150.jpeg 150w, https:\/\/le-doux-nid.com\/wp-content\/uploads\/2023\/01\/received_119524634440884-300x300.jpeg 300w, https:\/\/le-doux-nid.com\/wp-content\/uploads\/2023\/01\/received_119524634440884-100x100.jpeg 100w\" sizes=\"auto, (max-width: 150px) 100vw, 150px\" \/><\/a><\/li><li class=\"isotope-item\"><a class=\"\" href=\"https:\/\/le-doux-nid.com\/wp-content\/uploads\/2023\/01\/received_533455495620164-1024x620.jpeg\" data-lightbox=\"lightbox[rel-3934-3903982506]\"><img loading=\"lazy\" decoding=\"async\" width=\"150\" height=\"150\" src=\"https:\/\/le-doux-nid.com\/wp-content\/uploads\/2023\/01\/received_533455495620164-150x150.jpeg\" class=\"attachment-thumbnail\" alt=\"\" title=\"received_533455495620164\" srcset=\"https:\/\/le-doux-nid.com\/wp-content\/uploads\/2023\/01\/received_533455495620164-150x150.jpeg 150w, https:\/\/le-doux-nid.com\/wp-content\/uploads\/2023\/01\/received_533455495620164-300x300.jpeg 300w, https:\/\/le-doux-nid.com\/wp-content\/uploads\/2023\/01\/received_533455495620164-100x100.jpeg 100w\" sizes=\"auto, (max-width: 150px) 100vw, 150px\" \/><\/a><\/li><li class=\"isotope-item\"><a class=\"\" href=\"https:\/\/le-doux-nid.com\/wp-content\/uploads\/2023\/01\/received_779108040221462-721x1024.jpeg\" data-lightbox=\"lightbox[rel-3934-3903982506]\"><img loading=\"lazy\" decoding=\"async\" width=\"150\" height=\"150\" src=\"https:\/\/le-doux-nid.com\/wp-content\/uploads\/2023\/01\/received_779108040221462-150x150.jpeg\" class=\"attachment-thumbnail\" alt=\"\" title=\"received_779108040221462\" srcset=\"https:\/\/le-doux-nid.com\/wp-content\/uploads\/2023\/01\/received_779108040221462-150x150.jpeg 150w, https:\/\/le-doux-nid.com\/wp-content\/uploads\/2023\/01\/received_779108040221462-300x300.jpeg 300w, https:\/\/le-doux-nid.com\/wp-content\/uploads\/2023\/01\/received_779108040221462-100x100.jpeg 100w\" sizes=\"auto, (max-width: 150px) 100vw, 150px\" \/><\/a><\/li><li class=\"isotope-item\"><a class=\"\" href=\"https:\/\/le-doux-nid.com\/wp-content\/uploads\/2023\/01\/received_739342354332052-1024x577.jpeg\" data-lightbox=\"lightbox[rel-3934-3903982506]\"><img loading=\"lazy\" decoding=\"async\" width=\"150\" height=\"150\" src=\"https:\/\/le-doux-nid.com\/wp-content\/uploads\/2023\/01\/received_739342354332052-150x150.jpeg\" class=\"attachment-thumbnail\" alt=\"\" title=\"received_739342354332052\" srcset=\"https:\/\/le-doux-nid.com\/wp-content\/uploads\/2023\/01\/received_739342354332052-150x150.jpeg 150w, https:\/\/le-doux-nid.com\/wp-content\/uploads\/2023\/01\/received_739342354332052-300x300.jpeg 300w, https:\/\/le-doux-nid.com\/wp-content\/uploads\/2023\/01\/received_739342354332052-100x100.jpeg 100w\" sizes=\"auto, (max-width: 150px) 100vw, 150px\" \/><\/a><\/li><li class=\"isotope-item\"><a class=\"\" href=\"https:\/\/le-doux-nid.com\/wp-content\/uploads\/2023\/01\/20230614_122101-01-614x1024.jpeg\" data-lightbox=\"lightbox[rel-3934-3903982506]\"><img loading=\"lazy\" decoding=\"async\" width=\"150\" height=\"150\" src=\"https:\/\/le-doux-nid.com\/wp-content\/uploads\/2023\/01\/20230614_122101-01-150x150.jpeg\" class=\"attachment-thumbnail\" alt=\"\" title=\"20230614_122101-01\" srcset=\"https:\/\/le-doux-nid.com\/wp-content\/uploads\/2023\/01\/20230614_122101-01-150x150.jpeg 150w, https:\/\/le-doux-nid.com\/wp-content\/uploads\/2023\/01\/20230614_122101-01-300x300.jpeg 300w, https:\/\/le-doux-nid.com\/wp-content\/uploads\/2023\/01\/20230614_122101-01-100x100.jpeg 100w\" sizes=\"auto, (max-width: 150px) 100vw, 150px\" \/><\/a><\/li><li class=\"isotope-item\"><a class=\"\" href=\"https:\/\/le-doux-nid.com\/wp-content\/uploads\/2023\/01\/20230610_131455-01-577x1024.jpeg\" data-lightbox=\"lightbox[rel-3934-3903982506]\"><img loading=\"lazy\" decoding=\"async\" width=\"150\" height=\"150\" src=\"https:\/\/le-doux-nid.com\/wp-content\/uploads\/2023\/01\/20230610_131455-01-150x150.jpeg\" class=\"attachment-thumbnail\" alt=\"\" title=\"20230610_131455-01\" srcset=\"https:\/\/le-doux-nid.com\/wp-content\/uploads\/2023\/01\/20230610_131455-01-150x150.jpeg 150w, https:\/\/le-doux-nid.com\/wp-content\/uploads\/2023\/01\/20230610_131455-01-300x300.jpeg 300w, https:\/\/le-doux-nid.com\/wp-content\/uploads\/2023\/01\/20230610_131455-01-100x100.jpeg 100w\" sizes=\"auto, (max-width: 150px) 100vw, 150px\" \/><\/a><\/li><\/ul><\/div><\/div><\/div><\/div><\/div><\/div><div class=\"wpb_column vc_column_container vc_col-sm-12\"><div class=\"vc_column-inner\"><div class=\"wpb_wrapper\"><div class=\"pearl-section wpb_row vc_inner pearl-section-fluid pearl-elm-section\"><div class=\"wpb_column vc_column_container vc_col-sm-12\"><div class=\"vc_column-inner\"><div class=\"wpb_wrapper\">\n\t<div class=\"wpb_text_column wpb_content_element BPC\" >\n\t\t<div class=\"wpb_wrapper\">\n\t\t\t<pre>[dopbsp id=6]<\/pre>\n\n\t\t<\/div>\n\t<\/div>\n<\/div><\/div><\/div><\/div><\/div><\/div><\/div><div class=\"wpb_column vc_column_container vc_col-sm-12\"><div class=\"vc_column-inner\"><div class=\"wpb_wrapper\"><div class=\"pearl-section wpb_row vc_inner pearl-section-fluid pearl-elm-section\"><div class=\"room-detail wpb_column vc_column_container vc_col-sm-12\"><div class=\"vc_column-inner vc_custom_1489131027715\"><div class=\"wpb_wrapper\">\n\t<div class=\"wpb_text_column wpb_content_element text\" >\n\t\t<div class=\"wpb_wrapper\">\n\t\t\t<h3 style=\"text-align: center;\">Services propos\u00e9s<\/h3>\n\n\t\t<\/div>\n\t<\/div>\n\n\t<div class=\"wpb_text_column wpb_content_element room-overview\" >\n\t\t<div class=\"wpb_wrapper\">\n\t\t\t<div class=\"detail light-none\">\n<div class=\"left\"><strong>Capacit\u00e9<\/strong><\/div>\n<div class=\"right\">2 personnes<\/div>\n<\/div>\n<div class=\"detail light-gray\">\n<div class=\"left\"><strong>Literie<\/strong><\/div>\n<div class=\"right\">1 Lit double (140 x 190 cm)<\/div>\n<\/div>\n<div class=\"detail light-none\">\n<div class=\"left\"><strong>Internet Wifi inclus\u00a0:<\/strong><\/div>\n<div class=\"right\">OUI<\/div>\n<\/div>\n<div class=\"detail light-none\">\n<div class=\"left\"><strong>Salle de bain :<\/strong><\/div>\n<div class=\"right\">OUI. Individuelle.<\/div>\n<\/div>\n<div class=\"detail light-gray\">\n<div class=\"left\"><strong>WC :<\/strong><\/div>\n<div class=\"right\">OUI. Individuels.<\/div>\n<\/div>\n<div class=\"detail light-none\">\n<div class=\"left\"><strong>TV :<\/strong><\/div>\n<div class=\"right\">OUI. Sans co\u00fbt suppl\u00e9mentaire.<\/div>\n<\/div>\n<div class=\"detail light-gray\">\n<div class=\"left\"><strong>Equipements :<\/strong><\/div>\n<div class=\"right\">Frigo, Micro-Onde, Bouilloire, Machine \u00e0 Expresso<\/div>\n<\/div>\n\n\t\t<\/div>\n\t<\/div>\n<\/div><\/div><\/div><\/div><\/div><\/div><\/div><\/div><div class=\"pearl-section wpb_row pearl-section-fluid pearl-elm-section\"><div class=\"wpb_column vc_column_container vc_col-sm-12\"><div class=\"vc_column-inner\"><div class=\"wpb_wrapper\"><\/div><\/div><\/div><\/div>\n","protected":false},"excerpt":{"rendered":"Chez Colin 1 Comme son nom l'indique, plongez dans l'univers cocooning de ce petit nid douillet situ\u00e9 au rez-de-chauss\u00e9e. Levez les yeux mais attention \u00e0 la t\u00eate lorsque vous ouvrez la fen\u00eatre ! Installez vous confortablement le temps d'une escale au sein de la Petite Venise Savoyarde. Capacit\u00e9 : 2\u00a0 personnes Cette chambre modeste dot\u00e9e....","protected":false},"featured_media":4751,"template":"","meta":{"inline_featured_image":false,"_exactmetrics_skip_tracking":false,"_exactmetrics_sitenote_active":false,"_exactmetrics_sitenote_note":"","_exactmetrics_sitenote_category":0},"product_brand":[],"product_cat":[77],"product_tag":[],"class_list":{"0":"post-3934","1":"product","2":"type-product","3":"status-publish","4":"has-post-thumbnail","6":"product_cat-non-classe","8":"first","9":"instock","10":"virtual","11":"taxable","12":"product-type-simple"},"_links":{"self":[{"href":"https:\/\/le-doux-nid.com\/it\/wp-json\/wp\/v2\/product\/3934","targetHints":{"allow":["GET"]}}],"collection":[{"href":"https:\/\/le-doux-nid.com\/it\/wp-json\/wp\/v2\/product"}],"about":[{"href":"https:\/\/le-doux-nid.com\/it\/wp-json\/wp\/v2\/types\/product"}],"wp:featuredmedia":[{"embeddable":true,"href":"https:\/\/le-doux-nid.com\/it\/wp-json\/wp\/v2\/media\/4751"}],"wp:attachment":[{"href":"https:\/\/le-doux-nid.com\/it\/wp-json\/wp\/v2\/media?parent=3934"}],"wp:term":[{"taxonomy":"product_brand","embeddable":true,"href":"https:\/\/le-doux-nid.com\/it\/wp-json\/wp\/v2\/product_brand?post=3934"},{"taxonomy":"product_cat","embeddable":true,"href":"https:\/\/le-doux-nid.com\/it\/wp-json\/wp\/v2\/product_cat?post=3934"},{"taxonomy":"product_tag","embeddable":true,"href":"https:\/\/le-doux-nid.com\/it\/wp-json\/wp\/v2\/product_tag?post=3934"}],"curies":[{"name":"wp","href":"https:\/\/api.w.org\/{rel}","templated":true}]}}