{"id":3936,"date":"2023-01-05T14:18:50","date_gmt":"2023-01-05T13:18:50","guid":{"rendered":"https:\/\/le-doux-nid.com\/?post_type=product&#038;p=3936"},"modified":"2026-04-11T18:24:13","modified_gmt":"2026-04-11T16:24:13","slug":"lebene","status":"publish","type":"product","link":"https:\/\/le-doux-nid.com\/it\/chambres\/lebene\/","title":{"rendered":"Chez Colin 3"},"content":{"rendered":"<div class=\"pearl-section wpb_row pearl-section-fluid lettrine pearl-elm-section\"><div class=\"wpb_column vc_column_container vc_col-sm-12\"><div class=\"vc_column-inner\"><div class=\"wpb_wrapper\">\n\t<div class=\"wpb_text_column wpb_content_element text\" >\n\t\t<div class=\"wpb_wrapper\">\n\t\t\t<h1 style=\"text-align: center;\">Chambre \u00ab\u00a0l&rsquo;Eb\u00e8ne\u00a0\u00bb<\/h1>\n\n\t\t<\/div>\n\t<\/div>\n\n\t<div class=\"wpb_text_column wpb_content_element text\" >\n\t\t<div class=\"wpb_wrapper\">\n\t\t\t<p><strong>En r\u00e9f\u00e9rence au m\u00e9tier du propri\u00e9taire de la maison, cette chambre sera ax\u00e9e sur le cot\u00e9 noble du travailleur de bois.<\/strong><br \/>\n<strong>Vous retrouverez des objets en tout genre travaill\u00e9s avec des mati\u00e8res o\u00f9 traditions et diversit\u00e9 s&rsquo;entrem\u00ealent pour contribuer \u00e0 l&rsquo;histoire de l&rsquo;artisanat.<\/strong><\/p>\n\n\t\t<\/div>\n\t<\/div>\n<\/div><\/div><\/div><\/div><div class=\"pearl-section wpb_row pearl-section-fluid lettrine pearl-elm-section\"><div class=\"wpb_column vc_column_container vc_col-sm-12\"><div class=\"vc_column-inner\"><div class=\"wpb_wrapper\">\n\t<div class=\"wpb_raw_code wpb_raw_html wpb_content_element\" >\n\t\t<div class=\"wpb_wrapper\">\n\t\t\t<div class=\"resp-container\">\n  <iframe loading=\"lazy\" style=\"border:none\" class=\"resp_iframe\"\n    width=\"100%\"\n    height=\"420\"\n    src=\"https:\/\/le-doux-nid.amenitiz.io\/\">\n<\/iframe>\n<\/div>\n\t\t<\/div>\n\t<\/div>\n<div class=\"pearl-section wpb_row vc_inner pearl-section-fluid pearl-elm-section\"><div class=\"wpb_column vc_column_container vc_col-sm-12\"><div class=\"vc_column-inner\"><div class=\"wpb_wrapper\">\n\t<div class=\"wpb_text_column wpb_content_element\" >\n\t\t<div class=\"wpb_wrapper\">\n\t\t\t<p><strong>Tarifs de 85 \u00e0 109\u20ac<\/strong><\/p>\n<p><strong>Capacit\u00e9 : 3 personnes<\/strong><\/p>\n<p><strong>30 \u20ac par personne suppl\u00e9mentaire, 20 \u20ac pour enfant de 2 \u00e0 12 ans, gratuit pour les moins de 2 ans.<\/strong><\/p>\n<p><strong>Dans cette chambre dot\u00e9e <\/strong><strong>d&rsquo;une salle de bain avec douche, lavabo et WC, s\u00e8che serviette, d&rsquo;un frigo\/cong\u00e9lateur, d&rsquo;un micro-onde, d&rsquo;une bouilloire et d&rsquo;une machine \u00e0 expresso et d&rsquo;une TV pour votre plus grand confort. Th\u00e9, tisane et caf\u00e9 sont \u00e0 votre disposition. Wifi gratuit.<\/strong><\/p>\n<p><strong>Taxe de s\u00e9jour en suppl\u00e9ment \u00e0 0,83\u20ac par adulte et par jour, gratuit pour les enfants de moins de 18 ans.<\/strong><\/p>\n\n\t\t<\/div>\n\t<\/div>\n<\/div><\/div><\/div><\/div><\/div><\/div><\/div><div class=\"wpb_column vc_column_container vc_col-sm-12\"><div class=\"vc_column-inner\"><div class=\"wpb_wrapper\"><div class=\"wpb_gallery wpb_content_element vc_clearfix vc_custom_1686739472221 wpb_content_element\" ><div class=\"wpb_wrapper\"><div class=\"wpb_gallery_slides wpb_image_grid\" data-interval=\"3\"><ul class=\"wpb_image_grid_ul\"><li class=\"isotope-item\"><a class=\"\" href=\"https:\/\/le-doux-nid.com\/wp-content\/uploads\/2023\/01\/received_512823160865134-1024x577.jpeg\" data-lightbox=\"lightbox[rel-3936-3844311980]\"><img loading=\"lazy\" decoding=\"async\" width=\"150\" height=\"150\" src=\"https:\/\/le-doux-nid.com\/wp-content\/uploads\/2023\/01\/received_512823160865134-150x150.jpeg\" class=\"attachment-thumbnail\" alt=\"\" title=\"received_512823160865134\" srcset=\"https:\/\/le-doux-nid.com\/wp-content\/uploads\/2023\/01\/received_512823160865134-150x150.jpeg 150w, https:\/\/le-doux-nid.com\/wp-content\/uploads\/2023\/01\/received_512823160865134-300x300.jpeg 300w, https:\/\/le-doux-nid.com\/wp-content\/uploads\/2023\/01\/received_512823160865134-100x100.jpeg 100w\" sizes=\"auto, (max-width: 150px) 100vw, 150px\" \/><\/a><\/li><li class=\"isotope-item\"><a class=\"\" href=\"https:\/\/le-doux-nid.com\/wp-content\/uploads\/2023\/01\/received_591835486207707-1024x577.jpeg\" data-lightbox=\"lightbox[rel-3936-3844311980]\"><img loading=\"lazy\" decoding=\"async\" width=\"150\" height=\"150\" src=\"https:\/\/le-doux-nid.com\/wp-content\/uploads\/2023\/01\/received_591835486207707-150x150.jpeg\" class=\"attachment-thumbnail\" alt=\"\" title=\"received_591835486207707\" srcset=\"https:\/\/le-doux-nid.com\/wp-content\/uploads\/2023\/01\/received_591835486207707-150x150.jpeg 150w, https:\/\/le-doux-nid.com\/wp-content\/uploads\/2023\/01\/received_591835486207707-300x300.jpeg 300w, https:\/\/le-doux-nid.com\/wp-content\/uploads\/2023\/01\/received_591835486207707-100x100.jpeg 100w\" sizes=\"auto, (max-width: 150px) 100vw, 150px\" \/><\/a><\/li><li class=\"isotope-item\"><a class=\"\" href=\"https:\/\/le-doux-nid.com\/wp-content\/uploads\/2023\/01\/received_172948062316691-1024x778.jpeg\" data-lightbox=\"lightbox[rel-3936-3844311980]\"><img loading=\"lazy\" decoding=\"async\" width=\"150\" height=\"150\" src=\"https:\/\/le-doux-nid.com\/wp-content\/uploads\/2023\/01\/received_172948062316691-150x150.jpeg\" class=\"attachment-thumbnail\" alt=\"\" title=\"received_172948062316691\" srcset=\"https:\/\/le-doux-nid.com\/wp-content\/uploads\/2023\/01\/received_172948062316691-150x150.jpeg 150w, https:\/\/le-doux-nid.com\/wp-content\/uploads\/2023\/01\/received_172948062316691-300x300.jpeg 300w, https:\/\/le-doux-nid.com\/wp-content\/uploads\/2023\/01\/received_172948062316691-100x100.jpeg 100w\" sizes=\"auto, (max-width: 150px) 100vw, 150px\" \/><\/a><\/li><li class=\"isotope-item\"><a class=\"\" href=\"https:\/\/le-doux-nid.com\/wp-content\/uploads\/2023\/01\/received_820922363007493-1024x594.jpeg\" data-lightbox=\"lightbox[rel-3936-3844311980]\"><img loading=\"lazy\" decoding=\"async\" width=\"150\" height=\"150\" src=\"https:\/\/le-doux-nid.com\/wp-content\/uploads\/2023\/01\/received_820922363007493-150x150.jpeg\" class=\"attachment-thumbnail\" alt=\"\" title=\"received_820922363007493\" srcset=\"https:\/\/le-doux-nid.com\/wp-content\/uploads\/2023\/01\/received_820922363007493-150x150.jpeg 150w, https:\/\/le-doux-nid.com\/wp-content\/uploads\/2023\/01\/received_820922363007493-300x300.jpeg 300w, https:\/\/le-doux-nid.com\/wp-content\/uploads\/2023\/01\/received_820922363007493-100x100.jpeg 100w\" sizes=\"auto, (max-width: 150px) 100vw, 150px\" \/><\/a><\/li><li class=\"isotope-item\"><a class=\"\" href=\"https:\/\/le-doux-nid.com\/wp-content\/uploads\/2023\/01\/received_946156863230686-1024x704.jpeg\" data-lightbox=\"lightbox[rel-3936-3844311980]\"><img loading=\"lazy\" decoding=\"async\" width=\"150\" height=\"150\" src=\"https:\/\/le-doux-nid.com\/wp-content\/uploads\/2023\/01\/received_946156863230686-150x150.jpeg\" class=\"attachment-thumbnail\" alt=\"\" title=\"received_946156863230686\" srcset=\"https:\/\/le-doux-nid.com\/wp-content\/uploads\/2023\/01\/received_946156863230686-150x150.jpeg 150w, https:\/\/le-doux-nid.com\/wp-content\/uploads\/2023\/01\/received_946156863230686-300x300.jpeg 300w, https:\/\/le-doux-nid.com\/wp-content\/uploads\/2023\/01\/received_946156863230686-100x100.jpeg 100w\" sizes=\"auto, (max-width: 150px) 100vw, 150px\" \/><\/a><\/li><li class=\"isotope-item\"><a class=\"\" href=\"https:\/\/le-doux-nid.com\/wp-content\/uploads\/2023\/01\/received_547259270866554-1024x640.jpeg\" data-lightbox=\"lightbox[rel-3936-3844311980]\"><img loading=\"lazy\" decoding=\"async\" width=\"150\" height=\"150\" src=\"https:\/\/le-doux-nid.com\/wp-content\/uploads\/2023\/01\/received_547259270866554-150x150.jpeg\" class=\"attachment-thumbnail\" alt=\"\" title=\"received_547259270866554\" srcset=\"https:\/\/le-doux-nid.com\/wp-content\/uploads\/2023\/01\/received_547259270866554-150x150.jpeg 150w, https:\/\/le-doux-nid.com\/wp-content\/uploads\/2023\/01\/received_547259270866554-300x300.jpeg 300w, https:\/\/le-doux-nid.com\/wp-content\/uploads\/2023\/01\/received_547259270866554-100x100.jpeg 100w\" sizes=\"auto, (max-width: 150px) 100vw, 150px\" \/><\/a><\/li><li class=\"isotope-item\"><a class=\"\" href=\"https:\/\/le-doux-nid.com\/wp-content\/uploads\/2023\/01\/20230614_122101-01-614x1024.jpeg\" data-lightbox=\"lightbox[rel-3936-3844311980]\"><img loading=\"lazy\" decoding=\"async\" width=\"150\" height=\"150\" src=\"https:\/\/le-doux-nid.com\/wp-content\/uploads\/2023\/01\/20230614_122101-01-150x150.jpeg\" class=\"attachment-thumbnail\" alt=\"\" title=\"20230614_122101-01\" srcset=\"https:\/\/le-doux-nid.com\/wp-content\/uploads\/2023\/01\/20230614_122101-01-150x150.jpeg 150w, https:\/\/le-doux-nid.com\/wp-content\/uploads\/2023\/01\/20230614_122101-01-300x300.jpeg 300w, https:\/\/le-doux-nid.com\/wp-content\/uploads\/2023\/01\/20230614_122101-01-100x100.jpeg 100w\" sizes=\"auto, (max-width: 150px) 100vw, 150px\" \/><\/a><\/li><li class=\"isotope-item\"><a class=\"\" href=\"https:\/\/le-doux-nid.com\/wp-content\/uploads\/2023\/01\/20230610_131455-01-577x1024.jpeg\" data-lightbox=\"lightbox[rel-3936-3844311980]\"><img loading=\"lazy\" decoding=\"async\" width=\"150\" height=\"150\" src=\"https:\/\/le-doux-nid.com\/wp-content\/uploads\/2023\/01\/20230610_131455-01-150x150.jpeg\" class=\"attachment-thumbnail\" alt=\"\" title=\"20230610_131455-01\" srcset=\"https:\/\/le-doux-nid.com\/wp-content\/uploads\/2023\/01\/20230610_131455-01-150x150.jpeg 150w, https:\/\/le-doux-nid.com\/wp-content\/uploads\/2023\/01\/20230610_131455-01-300x300.jpeg 300w, https:\/\/le-doux-nid.com\/wp-content\/uploads\/2023\/01\/20230610_131455-01-100x100.jpeg 100w\" sizes=\"auto, (max-width: 150px) 100vw, 150px\" \/><\/a><\/li><\/ul><\/div><\/div><\/div><\/div><\/div><\/div><div class=\"wpb_column vc_column_container vc_col-sm-12\"><div class=\"vc_column-inner\"><div class=\"wpb_wrapper\"><div class=\"pearl-section wpb_row vc_inner pearl-section-fluid pearl-elm-section\"><div class=\"wpb_column vc_column_container vc_col-sm-12\"><div class=\"vc_column-inner\"><div class=\"wpb_wrapper\">\n\t<div class=\"wpb_text_column wpb_content_element BPC\" >\n\t\t<div class=\"wpb_wrapper\">\n\t\t\t<pre>[dopbsp id=6]<\/pre>\n\n\t\t<\/div>\n\t<\/div>\n<\/div><\/div><\/div><\/div><\/div><\/div><\/div><div class=\"wpb_column vc_column_container vc_col-sm-12\"><div class=\"vc_column-inner\"><div class=\"wpb_wrapper\"><div class=\"pearl-section wpb_row vc_inner pearl-section-fluid pearl-elm-section\"><div class=\"room-detail wpb_column vc_column_container vc_col-sm-12\"><div class=\"vc_column-inner vc_custom_1489131027715\"><div class=\"wpb_wrapper\">\n\t<div class=\"wpb_text_column wpb_content_element text\" >\n\t\t<div class=\"wpb_wrapper\">\n\t\t\t<h3 style=\"text-align: center;\">Services propos\u00e9s<\/h3>\n\n\t\t<\/div>\n\t<\/div>\n\n\t<div class=\"wpb_text_column wpb_content_element room-overview\" >\n\t\t<div class=\"wpb_wrapper\">\n\t\t\t<div class=\"detail light-none\">\n<div class=\"left\"><strong>Capacit\u00e9<\/strong><\/div>\n<div class=\"right\">4 personnes<\/div>\n<\/div>\n<div class=\"detail light-gray\">\n<div class=\"left\"><strong>Literie<\/strong><\/div>\n<div class=\"right\">1 Lit double (160 x 200 cm)<\/div>\n<\/div>\n<div class=\"detail light-none\">\n<div class=\"left\"><strong>.<\/strong><\/div>\n<div class=\"right\">ou 2 lits une personne (80 x 200 cm)<\/div>\n<\/div>\n<div class=\"detail light-gray\">\n<div class=\"left\"><strong>.<\/strong><\/div>\n<div class=\"right\">+ 1 lit 160 x 200 cm<\/div>\n<\/div>\n<div class=\"detail light-none\">\n<div class=\"left\"><strong>Internet Wifi inclus\u00a0:<\/strong><\/div>\n<div class=\"right\">OUI<\/div>\n<\/div>\n<div class=\"detail light-none\">\n<div class=\"left\"><strong>Salle de bain :<\/strong><\/div>\n<div class=\"right\">OUI. Individuelle.<\/div>\n<\/div>\n<div class=\"detail light-gray\">\n<div class=\"left\"><strong>WC :<\/strong><\/div>\n<div class=\"right\">OUI. Individuels.<\/div>\n<\/div>\n<div class=\"detail light-none\">\n<div class=\"left\"><strong>TV :<\/strong><\/div>\n<div class=\"right\">OUI. Sans co\u00fbt suppl\u00e9mentaire.<\/div>\n<\/div>\n<div class=\"detail light-gray\">\n<div class=\"left\"><strong>Equipements :<\/strong><\/div>\n<div class=\"right\">Frigo, Micro-Onde, Bouilloire, Machine \u00e0 Expresso<\/div>\n<\/div>\n\n\t\t<\/div>\n\t<\/div>\n<\/div><\/div><\/div><\/div><\/div><\/div><\/div><\/div><div class=\"pearl-section wpb_row pearl-section-fluid pearl-elm-section\"><div class=\"wpb_column vc_column_container vc_col-sm-12\"><div class=\"vc_column-inner\"><div class=\"wpb_wrapper\"><\/div><\/div><\/div><\/div>\n","protected":false},"excerpt":{"rendered":"Chambre \"l'Eb\u00e8ne\" En r\u00e9f\u00e9rence au m\u00e9tier du propri\u00e9taire de la maison, cette chambre sera ax\u00e9e sur le cot\u00e9 noble du travailleur de bois. Vous retrouverez des objets en tout genre travaill\u00e9s avec des mati\u00e8res o\u00f9 traditions et diversit\u00e9 s'entrem\u00ealent pour contribuer \u00e0 l'histoire de l'artisanat. Tarifs de 85 \u00e0 109\u20ac Capacit\u00e9 : 3 personnes 30....","protected":false},"featured_media":4657,"template":"","meta":{"inline_featured_image":false,"_exactmetrics_skip_tracking":false,"_exactmetrics_sitenote_active":false,"_exactmetrics_sitenote_note":"","_exactmetrics_sitenote_category":0},"product_brand":[],"product_cat":[77],"product_tag":[],"class_list":{"0":"post-3936","1":"product","2":"type-product","3":"status-publish","4":"has-post-thumbnail","6":"product_cat-non-classe","8":"first","9":"instock","10":"virtual","11":"taxable","12":"product-type-simple"},"_links":{"self":[{"href":"https:\/\/le-doux-nid.com\/it\/wp-json\/wp\/v2\/product\/3936","targetHints":{"allow":["GET"]}}],"collection":[{"href":"https:\/\/le-doux-nid.com\/it\/wp-json\/wp\/v2\/product"}],"about":[{"href":"https:\/\/le-doux-nid.com\/it\/wp-json\/wp\/v2\/types\/product"}],"wp:featuredmedia":[{"embeddable":true,"href":"https:\/\/le-doux-nid.com\/it\/wp-json\/wp\/v2\/media\/4657"}],"wp:attachment":[{"href":"https:\/\/le-doux-nid.com\/it\/wp-json\/wp\/v2\/media?parent=3936"}],"wp:term":[{"taxonomy":"product_brand","embeddable":true,"href":"https:\/\/le-doux-nid.com\/it\/wp-json\/wp\/v2\/product_brand?post=3936"},{"taxonomy":"product_cat","embeddable":true,"href":"https:\/\/le-doux-nid.com\/it\/wp-json\/wp\/v2\/product_cat?post=3936"},{"taxonomy":"product_tag","embeddable":true,"href":"https:\/\/le-doux-nid.com\/it\/wp-json\/wp\/v2\/product_tag?post=3936"}],"curies":[{"name":"wp","href":"https:\/\/api.w.org\/{rel}","templated":true}]}}