{"id":980,"date":"2017-03-10T15:56:54","date_gmt":"2017-03-10T14:56:54","guid":{"rendered":"https:\/\/le-doux-nid.com\/?post_type=product&#038;p=980"},"modified":"2026-04-15T19:54:44","modified_gmt":"2026-04-15T17:54:44","slug":"le-doux-nid-2","status":"publish","type":"product","link":"https:\/\/le-doux-nid.com\/it\/chambres\/pesce\/","title":{"rendered":"Le Doux Nid 2"},"content":{"rendered":"<div class=\"wpb-content-wrapper\"><div class=\"pearl-section wpb_row pearl-section-fluid lettrine pearl-elm-section\"><div class=\"wpb_column vc_column_container vc_col-sm-12\"><div class=\"vc_column-inner\"><div class=\"wpb_wrapper\">\n\t<div class=\"wpb_text_column wpb_content_element text\" >\n\t\t<div class=\"wpb_wrapper\">\n\t\t\t<h1 style=\"text-align: center;\">Le Doux Nid 2<\/h1>\n\n\t\t<\/div>\n\t<\/div>\n<\/div><\/div><\/div><\/div><div data-vc-full-width=\"true\" data-vc-full-width-init=\"false\" class=\"pearl-section wpb_row pearl-section-fluid pearl-section-o-content-middle pearl-section-flex pearl-elm-section\"><div class=\"search-tool-v2 wpb_column vc_column_container vc_col-sm-12\"><div class=\"vc_column-inner\"><div class=\"wpb_wrapper\">\n\t<div class=\"wpb_raw_code wpb_raw_html wpb_content_element\" >\n\t\t<div class=\"wpb_wrapper\">\n\t\t\t<div class=\"resp-container\">\n  <iframe loading=\"lazy\" style=\"border:none\" class=\"resp_iframe\"\n    width=\"100%\"\n    height=\"420\"\n    src=\"https:\/\/le-doux-nid.amenitiz.io\/\">\n<\/iframe>\n<\/div>\n\n\t\t<\/div>\n\t<\/div>\n<\/div><\/div><\/div><\/div><div class=\"vc_row-full-width vc_clearfix\"><\/div><div class=\"pearl-section wpb_row pearl-section-fluid lettrine pearl-elm-section\"><div class=\"wpb_column vc_column_container vc_col-sm-12\"><div class=\"vc_column-inner\"><div class=\"wpb_wrapper\"><div class=\"pearl-section wpb_row vc_inner pearl-section-fluid pearl-elm-section\"><div class=\"wpb_column vc_column_container vc_col-sm-12\"><div class=\"vc_column-inner\"><div class=\"wpb_wrapper\">\n\t<div class=\"wpb_text_column wpb_content_element\" >\n\t\t<div class=\"wpb_wrapper\">\n\t\t\t<p>Capacit\u00e9 : 2 personnes<\/p>\n<p><strong>Chambre d\u2019h\u00f4te avec vue sur canal de Savi\u00e8res.<\/strong><\/p>\n<p>Tarifs de 89 \u00e0 119\u20ac<\/p>\n<p>30\u20ac par personne suppl\u00e9mentaire, 20\u20ac pour les enfants de 2 \u00e0 12 ans, gratuit pour les moins de 2 ans.<\/p>\n<p>Chaque chambre d\u2019h\u00f4te est dot\u00e9e d&rsquo;une salle de bain avec douche, lavabo et WC, s\u00e8che serviette, d&rsquo;un mini frigo\/cong\u00e9lateur, d&rsquo;un micro-onde, d&rsquo;une bouilloire et d&rsquo;une machine \u00e0 expresso et d&rsquo;une TV pour votre plus grand confort. Th\u00e9, tisane et caf\u00e9 sont \u00e0 votre disposition. Wifi gratuit.<\/p>\n<p><em>Taxe de s\u00e9jour \u00e0 payer sur place en suppl\u00e9ment : 0,83\u20ac par adulte, gratuit pour les enfants de moins de 18 ans.<\/em><\/p>\n<h2><\/h2>\n\n\t\t<\/div>\n\t<\/div>\n<div class=\"wpb_gallery wpb_content_element vc_clearfix wpb_content_element\" ><div class=\"wpb_wrapper\"><div class=\"wpb_gallery_slides wpb_image_grid\" data-interval=\"3\"><ul class=\"wpb_image_grid_ul\"><li class=\"isotope-item\"><a class=\"\" href=\"https:\/\/le-doux-nid.com\/wp-content\/uploads\/2017\/03\/8110D7A5-E648-44C5-88F5-684C2EBED234-1024x683.png\" data-lightbox=\"lightbox[rel-980-3838515543]\"><img loading=\"lazy\" decoding=\"async\" width=\"150\" height=\"150\" src=\"https:\/\/le-doux-nid.com\/wp-content\/uploads\/2017\/03\/8110D7A5-E648-44C5-88F5-684C2EBED234-150x150.png\" class=\"attachment-thumbnail\" alt=\"\" title=\"8110D7A5-E648-44C5-88F5-684C2EBED234\" srcset=\"https:\/\/le-doux-nid.com\/wp-content\/uploads\/2017\/03\/8110D7A5-E648-44C5-88F5-684C2EBED234-150x150.png 150w, https:\/\/le-doux-nid.com\/wp-content\/uploads\/2017\/03\/8110D7A5-E648-44C5-88F5-684C2EBED234-300x300.png 300w, https:\/\/le-doux-nid.com\/wp-content\/uploads\/2017\/03\/8110D7A5-E648-44C5-88F5-684C2EBED234-100x100.png 100w\" sizes=\"auto, (max-width: 150px) 100vw, 150px\" \/><\/a><\/li><li class=\"isotope-item\"><a class=\"\" href=\"https:\/\/le-doux-nid.com\/wp-content\/uploads\/2017\/03\/IMG_3172-1024x768.jpeg\" data-lightbox=\"lightbox[rel-980-3838515543]\"><img loading=\"lazy\" decoding=\"async\" width=\"150\" height=\"150\" src=\"https:\/\/le-doux-nid.com\/wp-content\/uploads\/2017\/03\/IMG_3172-150x150.jpeg\" class=\"attachment-thumbnail\" alt=\"\" title=\"IMG_3172\" srcset=\"https:\/\/le-doux-nid.com\/wp-content\/uploads\/2017\/03\/IMG_3172-150x150.jpeg 150w, https:\/\/le-doux-nid.com\/wp-content\/uploads\/2017\/03\/IMG_3172-300x300.jpeg 300w, https:\/\/le-doux-nid.com\/wp-content\/uploads\/2017\/03\/IMG_3172-100x100.jpeg 100w\" sizes=\"auto, (max-width: 150px) 100vw, 150px\" \/><\/a><\/li><li class=\"isotope-item\"><a class=\"\" href=\"https:\/\/le-doux-nid.com\/wp-content\/uploads\/2017\/03\/C98D28FD-9BF3-4D1F-B179-1136C9CFD075-1024x683.png\" data-lightbox=\"lightbox[rel-980-3838515543]\"><img loading=\"lazy\" decoding=\"async\" width=\"150\" height=\"150\" src=\"https:\/\/le-doux-nid.com\/wp-content\/uploads\/2017\/03\/C98D28FD-9BF3-4D1F-B179-1136C9CFD075-150x150.png\" class=\"attachment-thumbnail\" alt=\"\" title=\"C98D28FD-9BF3-4D1F-B179-1136C9CFD075\" srcset=\"https:\/\/le-doux-nid.com\/wp-content\/uploads\/2017\/03\/C98D28FD-9BF3-4D1F-B179-1136C9CFD075-150x150.png 150w, https:\/\/le-doux-nid.com\/wp-content\/uploads\/2017\/03\/C98D28FD-9BF3-4D1F-B179-1136C9CFD075-300x300.png 300w, https:\/\/le-doux-nid.com\/wp-content\/uploads\/2017\/03\/C98D28FD-9BF3-4D1F-B179-1136C9CFD075-100x100.png 100w\" sizes=\"auto, (max-width: 150px) 100vw, 150px\" \/><\/a><\/li><li class=\"isotope-item\"><a class=\"\" href=\"https:\/\/le-doux-nid.com\/wp-content\/uploads\/2017\/03\/IMG_3174-1024x777.jpeg\" data-lightbox=\"lightbox[rel-980-3838515543]\"><img loading=\"lazy\" decoding=\"async\" width=\"150\" height=\"150\" src=\"https:\/\/le-doux-nid.com\/wp-content\/uploads\/2017\/03\/IMG_3174-150x150.jpeg\" class=\"attachment-thumbnail\" alt=\"\" title=\"IMG_3174\" srcset=\"https:\/\/le-doux-nid.com\/wp-content\/uploads\/2017\/03\/IMG_3174-150x150.jpeg 150w, https:\/\/le-doux-nid.com\/wp-content\/uploads\/2017\/03\/IMG_3174-300x300.jpeg 300w, https:\/\/le-doux-nid.com\/wp-content\/uploads\/2017\/03\/IMG_3174-100x100.jpeg 100w\" sizes=\"auto, (max-width: 150px) 100vw, 150px\" \/><\/a><\/li><li class=\"isotope-item\"><a class=\"\" href=\"https:\/\/le-doux-nid.com\/wp-content\/uploads\/2017\/03\/F970585B-9DE3-441A-81C7-F169015D3819-1024x683.png\" data-lightbox=\"lightbox[rel-980-3838515543]\"><img loading=\"lazy\" decoding=\"async\" width=\"150\" height=\"150\" src=\"https:\/\/le-doux-nid.com\/wp-content\/uploads\/2017\/03\/F970585B-9DE3-441A-81C7-F169015D3819-150x150.png\" class=\"attachment-thumbnail\" alt=\"\" title=\"F970585B-9DE3-441A-81C7-F169015D3819\" srcset=\"https:\/\/le-doux-nid.com\/wp-content\/uploads\/2017\/03\/F970585B-9DE3-441A-81C7-F169015D3819-150x150.png 150w, https:\/\/le-doux-nid.com\/wp-content\/uploads\/2017\/03\/F970585B-9DE3-441A-81C7-F169015D3819-300x300.png 300w, https:\/\/le-doux-nid.com\/wp-content\/uploads\/2017\/03\/F970585B-9DE3-441A-81C7-F169015D3819-100x100.png 100w\" sizes=\"auto, (max-width: 150px) 100vw, 150px\" \/><\/a><\/li><\/ul><\/div><\/div><\/div><\/div><\/div><\/div><\/div><\/div><\/div><\/div><div class=\"wpb_column vc_column_container vc_col-sm-12\"><div class=\"vc_column-inner\"><div class=\"wpb_wrapper\"><div class=\"pearl-section wpb_row vc_inner pearl-section-fluid pearl-elm-section\"><div class=\"room-detail wpb_column vc_column_container vc_col-sm-12\"><div class=\"vc_column-inner vc_custom_1489131027715\"><div class=\"wpb_wrapper\">\n\t<div class=\"wpb_text_column wpb_content_element text\" >\n\t\t<div class=\"wpb_wrapper\">\n\t\t\t<h3 style=\"text-align: center;\">Services propos\u00e9s<\/h3>\n\n\t\t<\/div>\n\t<\/div>\n\n\t<div class=\"wpb_text_column wpb_content_element room-overview\" >\n\t\t<div class=\"wpb_wrapper\">\n\t\t\t<div class=\"detail light-none\">\n<div class=\"left\"><strong>Capacit\u00e9 :<\/strong><\/div>\n<div class=\"right\">3\u00a0personnes<\/div>\n<\/div>\n<div class=\"detail light-gray\">\n<div class=\"left\"><strong>Literie<\/strong><\/div>\n<div class=\"right\">1 Lit double (180 x 200 cm)<\/div>\n<\/div>\n<div class=\"detail light-none\">\n<div class=\"left\"><strong>.<\/strong><\/div>\n<div class=\"right\">ou 2 lits une personne (90 x 200 cm) (suppl\u00e9ment TWIN : 10 euros)<\/div>\n<\/div>\n<div class=\"detail light-gray\">\n<div class=\"left\"><strong>.<\/strong><\/div>\n<div class=\"right\">+ 1 lit 80 x 190 cm<\/div>\n<\/div>\n<div class=\"detail light-none\">\n<div class=\"left\"><strong>Internet Wifi inclus :<\/strong><\/div>\n<div class=\"right\">OUI<\/div>\n<\/div>\n<div class=\"detail light-none\">\n<div class=\"left\"><strong>Salle de bain :<\/strong><\/div>\n<div class=\"right\">OUI. Individuelle.<\/div>\n<\/div>\n<div class=\"detail light-gray\">\n<div class=\"left\"><strong>WC :<\/strong><\/div>\n<div class=\"right\">OUI. Individuels.<\/div>\n<\/div>\n<div class=\"detail light-none\">\n<div class=\"left\"><strong>TV :<\/strong><\/div>\n<div class=\"right\">OUI. Sans co\u00fbt suppl\u00e9mentaire.<\/div>\n<\/div>\n<div class=\"detail light-gray\">\n<div class=\"left\"><strong>Equipements :<\/strong><\/div>\n<div class=\"right\">Frigo, Micro-Onde, Bouilloire, Machine \u00e0 Expresso<\/div>\n<\/div>\n\n\t\t<\/div>\n\t<\/div>\n<\/div><\/div><\/div><\/div><\/div><\/div><\/div><\/div>\n<\/div>","protected":false},"excerpt":{"rendered":"Le Doux Nid 2 Capacit\u00e9 : 2 personnes Chambre d\u2019h\u00f4te avec vue sur canal de Savi\u00e8res. Tarifs de 89 \u00e0 119\u20ac 30\u20ac par personne suppl\u00e9mentaire, 20\u20ac pour les enfants de 2 \u00e0 12 ans, gratuit pour les moins de 2 ans. Chaque chambre d\u2019h\u00f4te est dot\u00e9e d'une salle de bain avec douche, lavabo et WC,....","protected":false},"featured_media":82810,"template":"","meta":{"inline_featured_image":false,"_exactmetrics_skip_tracking":false,"_exactmetrics_sitenote_active":false,"_exactmetrics_sitenote_note":"","_exactmetrics_sitenote_category":0},"product_brand":[],"product_cat":[77],"product_tag":[],"class_list":{"0":"post-980","1":"product","2":"type-product","3":"status-publish","4":"has-post-thumbnail","6":"product_cat-non-classe","8":"first","9":"instock","10":"virtual","11":"taxable","12":"product-type-simple"},"_links":{"self":[{"href":"https:\/\/le-doux-nid.com\/it\/wp-json\/wp\/v2\/product\/980","targetHints":{"allow":["GET"]}}],"collection":[{"href":"https:\/\/le-doux-nid.com\/it\/wp-json\/wp\/v2\/product"}],"about":[{"href":"https:\/\/le-doux-nid.com\/it\/wp-json\/wp\/v2\/types\/product"}],"wp:featuredmedia":[{"embeddable":true,"href":"https:\/\/le-doux-nid.com\/it\/wp-json\/wp\/v2\/media\/82810"}],"wp:attachment":[{"href":"https:\/\/le-doux-nid.com\/it\/wp-json\/wp\/v2\/media?parent=980"}],"wp:term":[{"taxonomy":"product_brand","embeddable":true,"href":"https:\/\/le-doux-nid.com\/it\/wp-json\/wp\/v2\/product_brand?post=980"},{"taxonomy":"product_cat","embeddable":true,"href":"https:\/\/le-doux-nid.com\/it\/wp-json\/wp\/v2\/product_cat?post=980"},{"taxonomy":"product_tag","embeddable":true,"href":"https:\/\/le-doux-nid.com\/it\/wp-json\/wp\/v2\/product_tag?post=980"}],"curies":[{"name":"wp","href":"https:\/\/api.w.org\/{rel}","templated":true}]}}