{"id":982,"date":"2017-03-10T15:42:00","date_gmt":"2017-03-10T14:42:00","guid":{"rendered":"https:\/\/le-doux-nid.com\/?post_type=product&#038;p=982"},"modified":"2023-06-07T12:33:49","modified_gmt":"2023-06-07T10:33:49","slug":"oiseau","status":"publish","type":"product","link":"https:\/\/le-doux-nid.com\/it\/chambres\/uccello\/","title":{"rendered":"Come un uccello nel suo nido"},"content":{"rendered":"<div class=\"wpb-content-wrapper\"><div class=\"pearl-section wpb_row pearl-section-fluid lettrine pearl-elm-section\"><div class=\"wpb_column vc_column_container vc_col-sm-12\"><div class=\"vc_column-inner\"><div class=\"wpb_wrapper\">\n\t<div class=\"wpb_text_column wpb_content_element text\" >\n\t\t<div class=\"wpb_wrapper\">\n\t\t\t<h1 style=\"text-align: center;\">Chambre \u00ab\u00a0Comme un\u00a0oiseau dans son nid\u00a0\u00bb<\/h1>\n\n\t\t<\/div>\n\t<\/div>\n\n\t<div class=\"wpb_text_column wpb_content_element text\" >\n\t\t<div class=\"wpb_wrapper\">\n\t\t\t<p><strong>Aurez-vous l&rsquo;audace de monter dans notre tout dernier perchoir ?<\/strong><\/p>\n\n\t\t<\/div>\n\t<\/div>\n\n\t<div class=\"wpb_text_column wpb_content_element text\" >\n\t\t<div class=\"wpb_wrapper\">\n\t\t\t<p><strong>Ce petit nid nous attend pour profiter pleinement d&rsquo;une vue in\u00e9dite sur tout le village de Chanaz et ses environs. Cette suite situ\u00e9e sous les combles vous proposera espace, d\u00e9tente et apaisement. Vous aurez l&rsquo;impression de monter dans un nid situ\u00e9 tout en haut d&rsquo;un arbre, l&rsquo;acc\u00e8s se fera par un escalier escamotable motoris\u00e9.<\/strong><\/p>\n<p><strong>Personnes \u00e2g\u00e9s, avec des enfants en bas \u00e2ge, ou ayant tout simplement le vertige, nous consulter avant de r\u00e9server!<\/strong><\/p>\n\n\t\t<\/div>\n\t<\/div>\n<\/div><\/div><\/div><\/div><div data-vc-full-width=\"true\" data-vc-full-width-init=\"false\" class=\"pearl-section wpb_row pearl-section-fluid pearl-section-o-content-middle pearl-section-flex pearl-elm-section\"><div class=\"search-tool-v2 wpb_column vc_column_container vc_col-sm-12\"><div class=\"vc_column-inner\"><div class=\"wpb_wrapper\">\n\t<div class=\"wpb_raw_code wpb_raw_html wpb_content_element\" >\n\t\t<div class=\"wpb_wrapper\">\n\t\t\t<div class=\"resp-container\">\n  <iframe loading=\"lazy\" style=\"border:none\" class=\"resp_iframe\"\n    width=\"100%\"\n    height=\"420\"\n    src=\"https:\/\/le-doux-nid.amenitiz.io\/\">\n<\/iframe>\n<\/div>\n\n\t\t<\/div>\n\t<\/div>\n<\/div><\/div><\/div><\/div><div class=\"vc_row-full-width vc_clearfix\"><\/div><div class=\"pearl-section wpb_row pearl-section-fluid lettrine pearl-elm-section\"><div class=\"wpb_column vc_column_container vc_col-sm-12\"><div class=\"vc_column-inner\"><div class=\"wpb_wrapper\"><div class=\"pearl-section wpb_row vc_inner pearl-section-fluid pearl-elm-section\"><div class=\"wpb_column vc_column_container vc_col-sm-12\"><div class=\"vc_column-inner\"><div class=\"wpb_wrapper\">\n\t<div class=\"wpb_text_column wpb_content_element\" >\n\t\t<div class=\"wpb_wrapper\">\n\t\t\t<p>Tarifs 2023<\/p>\n\n\t\t<\/div>\n\t<\/div>\n\n\t<div class=\"wpb_text_column wpb_content_element\" >\n\t\t<div class=\"wpb_wrapper\">\n\t\t\t<p>Capacit\u00e9 : 6 personnes<\/p>\n<p><strong>Chambre avec vue \u00e0 360 \u00b0 sur le village et le canal de Savi\u00e8res<\/strong>.<\/p>\n<p><strong>CHAMBRE SITUEE SOUS LES COMBLES, ACCESSIBLE PAR ESCALIER ESCAMOTABLE. NOUS CONSULTER AVANT TOUTE RESERVATION !<\/strong><\/p>\n<p>Tarifs de 119 \u00e0 135\u20ac avec les petits d\u00e9jeuners inclus<\/p>\n<p>30 \u20ac par personne suppl\u00e9mentaire, 20 \u20ac pour les enfants de 2 \u00e0 12 ans, gratuit pour les moins de 2 ans, si lit parapluie amen\u00e9 (possibilit\u00e9 de mise \u00e0 disposition pour 10 euros).<\/p>\n<p>Chaque chambre d\u2019h\u00f4te est dot\u00e9e d&rsquo;une salle de bain avec douche, lavabo et WC, s\u00e8che serviette, d&rsquo;un mini frigo\/cong\u00e9lateur, d&rsquo;un micro-onde, d&rsquo;une bouilloire et d&rsquo;une machine \u00e0 expresso avec dosettes du torr\u00e9facteur du village et d&rsquo;une TV pour votre plus grand confort. Th\u00e9, tisane et caf\u00e9 sont \u00e0 votre disposition. Wifi gratuit.<\/p>\n<p><em>Taxe de s\u00e9jour \u00e0 payer sur place en suppl\u00e9ment : 0,83\u20ac par adulte, gratuit pour les enfants de moins de 18 ans.<\/em><\/p>\n<h2><\/h2>\n\n\t\t<\/div>\n\t<\/div>\n<div class=\"wpb_gallery wpb_content_element vc_clearfix wpb_content_element\" ><div class=\"wpb_wrapper\"><div class=\"wpb_gallery_slides wpb_image_grid\" data-interval=\"3\"><ul class=\"wpb_image_grid_ul\"><li class=\"isotope-item\"><a class=\"\" href=\"https:\/\/le-doux-nid.com\/wp-content\/uploads\/2020\/07\/IMG_20200702_085004_603-1024x576.jpg\" data-lightbox=\"lightbox[rel-982-116121863]\"><img loading=\"lazy\" decoding=\"async\" width=\"150\" height=\"150\" src=\"https:\/\/le-doux-nid.com\/wp-content\/uploads\/2020\/07\/IMG_20200702_085004_603-150x150.jpg\" class=\"attachment-thumbnail\" alt=\"\" title=\"IMG_20200702_085004_603\" srcset=\"https:\/\/le-doux-nid.com\/wp-content\/uploads\/2020\/07\/IMG_20200702_085004_603-150x150.jpg 150w, https:\/\/le-doux-nid.com\/wp-content\/uploads\/2020\/07\/IMG_20200702_085004_603-300x300.jpg 300w, https:\/\/le-doux-nid.com\/wp-content\/uploads\/2020\/07\/IMG_20200702_085004_603-100x100.jpg 100w\" sizes=\"auto, (max-width: 150px) 100vw, 150px\" \/><\/a><\/li><li class=\"isotope-item\"><a class=\"\" href=\"https:\/\/le-doux-nid.com\/wp-content\/uploads\/2017\/03\/IMG_20230607_113020-768x1024.jpg\" data-lightbox=\"lightbox[rel-982-116121863]\"><img loading=\"lazy\" decoding=\"async\" width=\"150\" height=\"150\" src=\"https:\/\/le-doux-nid.com\/wp-content\/uploads\/2017\/03\/IMG_20230607_113020-150x150.jpg\" class=\"attachment-thumbnail\" alt=\"\" title=\"IMG_20230607_113020\" srcset=\"https:\/\/le-doux-nid.com\/wp-content\/uploads\/2017\/03\/IMG_20230607_113020-150x150.jpg 150w, https:\/\/le-doux-nid.com\/wp-content\/uploads\/2017\/03\/IMG_20230607_113020-300x300.jpg 300w, https:\/\/le-doux-nid.com\/wp-content\/uploads\/2017\/03\/IMG_20230607_113020-100x100.jpg 100w\" sizes=\"auto, (max-width: 150px) 100vw, 150px\" \/><\/a><\/li><li class=\"isotope-item\"><a class=\"\" href=\"https:\/\/le-doux-nid.com\/wp-content\/uploads\/2020\/07\/IMG_20200702_084151_777-1024x576.jpg\" data-lightbox=\"lightbox[rel-982-116121863]\"><img loading=\"lazy\" decoding=\"async\" width=\"150\" height=\"150\" src=\"https:\/\/le-doux-nid.com\/wp-content\/uploads\/2020\/07\/IMG_20200702_084151_777-150x150.jpg\" class=\"attachment-thumbnail\" alt=\"\" title=\"IMG_20200702_084151_777\" srcset=\"https:\/\/le-doux-nid.com\/wp-content\/uploads\/2020\/07\/IMG_20200702_084151_777-150x150.jpg 150w, https:\/\/le-doux-nid.com\/wp-content\/uploads\/2020\/07\/IMG_20200702_084151_777-300x300.jpg 300w, https:\/\/le-doux-nid.com\/wp-content\/uploads\/2020\/07\/IMG_20200702_084151_777-100x100.jpg 100w\" sizes=\"auto, (max-width: 150px) 100vw, 150px\" \/><\/a><\/li><li class=\"isotope-item\"><a class=\"\" href=\"https:\/\/le-doux-nid.com\/wp-content\/uploads\/2020\/07\/IMG_20200702_083828_515-819x1024.jpg\" data-lightbox=\"lightbox[rel-982-116121863]\"><img loading=\"lazy\" decoding=\"async\" width=\"150\" height=\"150\" src=\"https:\/\/le-doux-nid.com\/wp-content\/uploads\/2020\/07\/IMG_20200702_083828_515-150x150.jpg\" class=\"attachment-thumbnail\" alt=\"\" title=\"IMG_20200702_083828_515\" srcset=\"https:\/\/le-doux-nid.com\/wp-content\/uploads\/2020\/07\/IMG_20200702_083828_515-150x150.jpg 150w, https:\/\/le-doux-nid.com\/wp-content\/uploads\/2020\/07\/IMG_20200702_083828_515-300x300.jpg 300w, https:\/\/le-doux-nid.com\/wp-content\/uploads\/2020\/07\/IMG_20200702_083828_515-100x100.jpg 100w\" sizes=\"auto, (max-width: 150px) 100vw, 150px\" \/><\/a><\/li><li class=\"isotope-item\"><a class=\"\" href=\"https:\/\/le-doux-nid.com\/wp-content\/uploads\/2020\/07\/IMG_20200702_083507_489-1024x655.jpg\" data-lightbox=\"lightbox[rel-982-116121863]\"><img loading=\"lazy\" decoding=\"async\" width=\"150\" height=\"150\" src=\"https:\/\/le-doux-nid.com\/wp-content\/uploads\/2020\/07\/IMG_20200702_083507_489-150x150.jpg\" class=\"attachment-thumbnail\" alt=\"\" title=\"IMG_20200702_083507_489\" srcset=\"https:\/\/le-doux-nid.com\/wp-content\/uploads\/2020\/07\/IMG_20200702_083507_489-150x150.jpg 150w, https:\/\/le-doux-nid.com\/wp-content\/uploads\/2020\/07\/IMG_20200702_083507_489-300x300.jpg 300w, https:\/\/le-doux-nid.com\/wp-content\/uploads\/2020\/07\/IMG_20200702_083507_489-100x100.jpg 100w\" sizes=\"auto, (max-width: 150px) 100vw, 150px\" \/><\/a><\/li><li class=\"isotope-item\"><a class=\"\" href=\"https:\/\/le-doux-nid.com\/wp-content\/uploads\/2020\/07\/IMG_20200702_084643_953-819x1024.jpg\" data-lightbox=\"lightbox[rel-982-116121863]\"><img loading=\"lazy\" decoding=\"async\" width=\"150\" height=\"150\" src=\"https:\/\/le-doux-nid.com\/wp-content\/uploads\/2020\/07\/IMG_20200702_084643_953-150x150.jpg\" class=\"attachment-thumbnail\" alt=\"\" title=\"IMG_20200702_084643_953\" srcset=\"https:\/\/le-doux-nid.com\/wp-content\/uploads\/2020\/07\/IMG_20200702_084643_953-150x150.jpg 150w, https:\/\/le-doux-nid.com\/wp-content\/uploads\/2020\/07\/IMG_20200702_084643_953-300x300.jpg 300w, https:\/\/le-doux-nid.com\/wp-content\/uploads\/2020\/07\/IMG_20200702_084643_953-100x100.jpg 100w\" sizes=\"auto, (max-width: 150px) 100vw, 150px\" \/><\/a><\/li><li class=\"isotope-item\"><a class=\"\" href=\"https:\/\/le-doux-nid.com\/wp-content\/uploads\/2020\/07\/IMG_20200702_083150_569-1024x576.jpg\" data-lightbox=\"lightbox[rel-982-116121863]\"><img loading=\"lazy\" decoding=\"async\" width=\"150\" height=\"150\" src=\"https:\/\/le-doux-nid.com\/wp-content\/uploads\/2020\/07\/IMG_20200702_083150_569-150x150.jpg\" class=\"attachment-thumbnail\" alt=\"\" title=\"IMG_20200702_083150_569\" srcset=\"https:\/\/le-doux-nid.com\/wp-content\/uploads\/2020\/07\/IMG_20200702_083150_569-150x150.jpg 150w, https:\/\/le-doux-nid.com\/wp-content\/uploads\/2020\/07\/IMG_20200702_083150_569-300x300.jpg 300w, https:\/\/le-doux-nid.com\/wp-content\/uploads\/2020\/07\/IMG_20200702_083150_569-100x100.jpg 100w\" sizes=\"auto, (max-width: 150px) 100vw, 150px\" \/><\/a><\/li><li class=\"isotope-item\"><a class=\"\" href=\"https:\/\/le-doux-nid.com\/wp-content\/uploads\/2020\/07\/IMG_20200702_084006_431-819x1024.jpg\" data-lightbox=\"lightbox[rel-982-116121863]\"><img loading=\"lazy\" decoding=\"async\" width=\"150\" height=\"150\" src=\"https:\/\/le-doux-nid.com\/wp-content\/uploads\/2020\/07\/IMG_20200702_084006_431-150x150.jpg\" class=\"attachment-thumbnail\" alt=\"\" title=\"IMG_20200702_084006_431\" srcset=\"https:\/\/le-doux-nid.com\/wp-content\/uploads\/2020\/07\/IMG_20200702_084006_431-150x150.jpg 150w, https:\/\/le-doux-nid.com\/wp-content\/uploads\/2020\/07\/IMG_20200702_084006_431-300x300.jpg 300w, https:\/\/le-doux-nid.com\/wp-content\/uploads\/2020\/07\/IMG_20200702_084006_431-100x100.jpg 100w\" sizes=\"auto, (max-width: 150px) 100vw, 150px\" \/><\/a><\/li><li class=\"isotope-item\"><a class=\"\" href=\"https:\/\/le-doux-nid.com\/wp-content\/uploads\/2020\/07\/IMG_20200702_082823_739-1024x576.jpg\" data-lightbox=\"lightbox[rel-982-116121863]\"><img loading=\"lazy\" decoding=\"async\" width=\"150\" height=\"150\" src=\"https:\/\/le-doux-nid.com\/wp-content\/uploads\/2020\/07\/IMG_20200702_082823_739-150x150.jpg\" class=\"attachment-thumbnail\" alt=\"\" title=\"IMG_20200702_082823_739\" srcset=\"https:\/\/le-doux-nid.com\/wp-content\/uploads\/2020\/07\/IMG_20200702_082823_739-150x150.jpg 150w, https:\/\/le-doux-nid.com\/wp-content\/uploads\/2020\/07\/IMG_20200702_082823_739-300x300.jpg 300w, https:\/\/le-doux-nid.com\/wp-content\/uploads\/2020\/07\/IMG_20200702_082823_739-100x100.jpg 100w\" sizes=\"auto, (max-width: 150px) 100vw, 150px\" \/><\/a><\/li><li class=\"isotope-item\"><a class=\"\" href=\"https:\/\/le-doux-nid.com\/wp-content\/uploads\/2020\/07\/IMG_20200702_082650_743-1024x576.jpg\" data-lightbox=\"lightbox[rel-982-116121863]\"><img loading=\"lazy\" decoding=\"async\" width=\"150\" height=\"150\" src=\"https:\/\/le-doux-nid.com\/wp-content\/uploads\/2020\/07\/IMG_20200702_082650_743-150x150.jpg\" class=\"attachment-thumbnail\" alt=\"\" title=\"IMG_20200702_082650_743\" srcset=\"https:\/\/le-doux-nid.com\/wp-content\/uploads\/2020\/07\/IMG_20200702_082650_743-150x150.jpg 150w, https:\/\/le-doux-nid.com\/wp-content\/uploads\/2020\/07\/IMG_20200702_082650_743-300x300.jpg 300w, https:\/\/le-doux-nid.com\/wp-content\/uploads\/2020\/07\/IMG_20200702_082650_743-100x100.jpg 100w\" sizes=\"auto, (max-width: 150px) 100vw, 150px\" \/><\/a><\/li><li class=\"isotope-item\"><a class=\"\" href=\"https:\/\/le-doux-nid.com\/wp-content\/uploads\/2020\/07\/IMG_20200702_084521_253-1024x576.jpg\" data-lightbox=\"lightbox[rel-982-116121863]\"><img loading=\"lazy\" decoding=\"async\" width=\"150\" height=\"150\" src=\"https:\/\/le-doux-nid.com\/wp-content\/uploads\/2020\/07\/IMG_20200702_084521_253-150x150.jpg\" class=\"attachment-thumbnail\" alt=\"\" title=\"IMG_20200702_084521_253\" srcset=\"https:\/\/le-doux-nid.com\/wp-content\/uploads\/2020\/07\/IMG_20200702_084521_253-150x150.jpg 150w, https:\/\/le-doux-nid.com\/wp-content\/uploads\/2020\/07\/IMG_20200702_084521_253-300x300.jpg 300w, https:\/\/le-doux-nid.com\/wp-content\/uploads\/2020\/07\/IMG_20200702_084521_253-100x100.jpg 100w\" sizes=\"auto, (max-width: 150px) 100vw, 150px\" \/><\/a><\/li><li class=\"isotope-item\"><a class=\"\" href=\"https:\/\/le-doux-nid.com\/wp-content\/uploads\/2020\/07\/IMG_20200702_082343_207-819x1024.jpg\" data-lightbox=\"lightbox[rel-982-116121863]\"><img loading=\"lazy\" decoding=\"async\" width=\"150\" height=\"150\" src=\"https:\/\/le-doux-nid.com\/wp-content\/uploads\/2020\/07\/IMG_20200702_082343_207-150x150.jpg\" class=\"attachment-thumbnail\" alt=\"\" title=\"IMG_20200702_082343_207\" srcset=\"https:\/\/le-doux-nid.com\/wp-content\/uploads\/2020\/07\/IMG_20200702_082343_207-150x150.jpg 150w, https:\/\/le-doux-nid.com\/wp-content\/uploads\/2020\/07\/IMG_20200702_082343_207-300x300.jpg 300w, https:\/\/le-doux-nid.com\/wp-content\/uploads\/2020\/07\/IMG_20200702_082343_207-100x100.jpg 100w\" sizes=\"auto, (max-width: 150px) 100vw, 150px\" \/><\/a><\/li><li class=\"isotope-item\"><a class=\"\" href=\"https:\/\/le-doux-nid.com\/wp-content\/uploads\/2017\/03\/IMG_20170420_222812-Copie-1024x576.jpg\" data-lightbox=\"lightbox[rel-982-116121863]\"><img loading=\"lazy\" decoding=\"async\" width=\"150\" height=\"150\" src=\"https:\/\/le-doux-nid.com\/wp-content\/uploads\/2017\/03\/IMG_20170420_222812-Copie-150x150.jpg\" class=\"attachment-thumbnail\" alt=\"\" title=\"IMG_20170420_222812 - Copie\" srcset=\"https:\/\/le-doux-nid.com\/wp-content\/uploads\/2017\/03\/IMG_20170420_222812-Copie-150x150.jpg 150w, https:\/\/le-doux-nid.com\/wp-content\/uploads\/2017\/03\/IMG_20170420_222812-Copie-300x300.jpg 300w, https:\/\/le-doux-nid.com\/wp-content\/uploads\/2017\/03\/IMG_20170420_222812-Copie-100x100.jpg 100w, https:\/\/le-doux-nid.com\/wp-content\/uploads\/2017\/03\/IMG_20170420_222812-Copie-180x180.jpg 180w, https:\/\/le-doux-nid.com\/wp-content\/uploads\/2017\/03\/IMG_20170420_222812-Copie-600x600.jpg 600w\" sizes=\"auto, (max-width: 150px) 100vw, 150px\" \/><\/a><\/li><\/ul><\/div><\/div><\/div><\/div><\/div><\/div><\/div><\/div><\/div><\/div><div class=\"wpb_column vc_column_container vc_col-sm-12\"><div class=\"vc_column-inner\"><div class=\"wpb_wrapper\"><div class=\"pearl-section wpb_row vc_inner pearl-section-fluid pearl-elm-section\"><div class=\"room-detail wpb_column vc_column_container vc_col-sm-12\"><div class=\"vc_column-inner vc_custom_1489131027715\"><div class=\"wpb_wrapper\">\n\t<div class=\"wpb_text_column wpb_content_element text\" >\n\t\t<div class=\"wpb_wrapper\">\n\t\t\t<h3 style=\"text-align: center;\">Services propos\u00e9s<\/h3>\n\n\t\t<\/div>\n\t<\/div>\n\n\t<div class=\"wpb_text_column wpb_content_element room-overview\" >\n\t\t<div class=\"wpb_wrapper\">\n\t\t\t<div class=\"detail light-none\">\n<div class=\"left\"><strong>Capacit\u00e9 :<\/strong><\/div>\n<div class=\"right\">6 personnes (adultes &amp; enfants plusieurs couchages et possibilit\u00e9s)<\/div>\n<\/div>\n<div class=\"detail light-gray\">\n<div class=\"left\"><strong>Literie<\/strong><\/div>\n<div class=\"right\">1 Lit double (180 x 200 cm) avec matelas \u00e0 m\u00e9moire de forme<\/div>\n<\/div>\n<div class=\"detail light-none\">\n<div class=\"left\"><strong>.<\/strong><\/div>\n<div class=\"right\">+ 1 canap\u00e9 convertible (140x190cm)<\/div>\n<\/div>\n<div class=\"detail light-gray\">\n<div class=\"left\"><strong>.<\/strong><\/div>\n<div class=\"right\">+ 2 Chauffeuses (80 x 190cm)<\/div>\n<\/div>\n<div class=\"detail light-none\">\n<div class=\"left\"><strong>Internet Wifi inclus :<\/strong><\/div>\n<div class=\"right\">OUI<\/div>\n<\/div>\n<div class=\"detail light-gray\">\n<div class=\"left\"><strong>Petit-d\u00e9jeuner inclus :<\/strong><\/div>\n<div class=\"right\">OUI<\/div>\n<\/div>\n<div class=\"detail light-none\">\n<div class=\"left\"><strong>Salle de bain :<\/strong><\/div>\n<div class=\"right\">OUI. Individuelle.<\/div>\n<\/div>\n<div class=\"detail light-gray\">\n<div class=\"left\"><strong>WC :<\/strong><\/div>\n<div class=\"right\">OUI. Individuels et s\u00e9par\u00e9s.<\/div>\n<\/div>\n<div class=\"detail light-none\">\n<div class=\"left\"><strong>TV :<\/strong><\/div>\n<div class=\"right\">OUI. Sans co\u00fbt suppl\u00e9mentaire.<\/div>\n<\/div>\n<div class=\"detail light-gray\">\n<div class=\"left\"><strong>Equipements :<\/strong><\/div>\n<div class=\"right\">Frigo, Micro-Onde, Bouilloire, Machine \u00e0 Expresso, <strong>si\u00e8ge massant<\/strong><\/div>\n<\/div>\n\n\t\t<\/div>\n\t<\/div>\n<\/div><\/div><\/div><\/div><\/div><\/div><\/div><\/div>\n<\/div>","protected":false},"excerpt":{"rendered":"<p>Ce petit nid nous attend pour profiter pleinement d&rsquo;une vue in\u00e9dite sur tout le village de chanaz et ses environs. Cette suite situ\u00e9e sous les combles vous proposera espace, d\u00e9tente et apaisement. Vous aurez l&rsquo;impression de monter dans un nid situ\u00e9 tout en haut d&rsquo;un arbre, l&rsquo;acc\u00e8s se fera par un escalier escamotable motoris\u00e9. Personnes \u00e2g\u00e9s, avec des enfants en bas \u00e2ge, ou ayant tout simplement le vertige, nous consulter avant de r\u00e9server!<\/p>","protected":false},"featured_media":2579,"template":"","meta":{"inline_featured_image":false,"_exactmetrics_skip_tracking":false,"_exactmetrics_sitenote_active":false,"_exactmetrics_sitenote_note":"","_exactmetrics_sitenote_category":0},"product_brand":[],"product_cat":[77],"product_tag":[],"class_list":{"0":"post-982","1":"product","2":"type-product","3":"status-publish","4":"has-post-thumbnail","6":"product_cat-non-classe","8":"first","9":"instock","10":"virtual","11":"taxable","12":"product-type-simple"},"_links":{"self":[{"href":"https:\/\/le-doux-nid.com\/it\/wp-json\/wp\/v2\/product\/982","targetHints":{"allow":["GET"]}}],"collection":[{"href":"https:\/\/le-doux-nid.com\/it\/wp-json\/wp\/v2\/product"}],"about":[{"href":"https:\/\/le-doux-nid.com\/it\/wp-json\/wp\/v2\/types\/product"}],"wp:featuredmedia":[{"embeddable":true,"href":"https:\/\/le-doux-nid.com\/it\/wp-json\/wp\/v2\/media\/2579"}],"wp:attachment":[{"href":"https:\/\/le-doux-nid.com\/it\/wp-json\/wp\/v2\/media?parent=982"}],"wp:term":[{"taxonomy":"product_brand","embeddable":true,"href":"https:\/\/le-doux-nid.com\/it\/wp-json\/wp\/v2\/product_brand?post=982"},{"taxonomy":"product_cat","embeddable":true,"href":"https:\/\/le-doux-nid.com\/it\/wp-json\/wp\/v2\/product_cat?post=982"},{"taxonomy":"product_tag","embeddable":true,"href":"https:\/\/le-doux-nid.com\/it\/wp-json\/wp\/v2\/product_tag?post=982"}],"curies":[{"name":"wp","href":"https:\/\/api.w.org\/{rel}","templated":true}]}}